{"id":1752,"date":"2023-06-25T11:45:17","date_gmt":"2023-06-25T11:45:17","guid":{"rendered":"https:\/\/institutoordonez.es\/?page_id=1752"},"modified":"2023-06-25T12:00:12","modified_gmt":"2023-06-25T12:00:12","slug":"impingement-subacromial","status":"publish","type":"page","link":"https:\/\/institutoordonez.es\/archivo\/impingement-subacromial\/","title":{"rendered":"Impingement Subacromial"},"content":{"rendered":"\t\t<div data-elementor-type=\"wp-page\" data-elementor-id=\"1752\" class=\"elementor elementor-1752\">\n\t\t\t\t\t\t<section class=\"elementor-section elementor-top-section elementor-element elementor-element-bfbc023 elementor-section-boxed elementor-section-height-default elementor-section-height-default\" data-id=\"bfbc023\" data-element_type=\"section\">\r\n\t\t\r\n\t\t\t\t\t\t\t<div class=\"elementor-container elementor-column-gap-default\">\r\n\t\t\t\t\t\t\t\t\t\t\t<div class=\"elementor-column elementor-col-100 elementor-top-column elementor-element elementor-element-148eaf6\" data-id=\"148eaf6\" data-element_type=\"column\">\r\n\t\t\t\t\t<div class=\"elementor-widget-wrap elementor-element-populated\">\r\n\t\t\t\t\t\t\t\t<section class=\"elementor-section elementor-inner-section elementor-element elementor-element-d280baf elementor-section-boxed elementor-section-height-default elementor-section-height-default\" data-id=\"d280baf\" data-element_type=\"section\">\r\n\t\t\r\n\t\t\t\t\t\t\t<div class=\"elementor-container elementor-column-gap-default\">\r\n\t\t\t\t\t\t\t\t\t\t\t<div class=\"elementor-column elementor-col-50 elementor-inner-column elementor-element elementor-element-bf85f2f\" data-id=\"bf85f2f\" data-element_type=\"column\">\r\n\t\t\t\t\t<div class=\"elementor-widget-wrap elementor-element-populated\">\r\n\t\t\t\t\t\t\t\t<div class=\"elementor-element elementor-element-80acedd elementor-widget elementor-widget-heading\" data-id=\"80acedd\" data-element_type=\"widget\" data-widget_type=\"heading.default\">\n\t\t\t\t<div class=\"elementor-widget-container\">\n\t\t\t<style>\/*! elementor - v3.21.0 - 26-05-2024 *\/\n.elementor-heading-title{padding:0;margin:0;line-height:1}.elementor-widget-heading .elementor-heading-title[class*=elementor-size-]>a{color:inherit;font-size:inherit;line-height:inherit}.elementor-widget-heading .elementor-heading-title.elementor-size-small{font-size:15px}.elementor-widget-heading .elementor-heading-title.elementor-size-medium{font-size:19px}.elementor-widget-heading .elementor-heading-title.elementor-size-large{font-size:29px}.elementor-widget-heading .elementor-heading-title.elementor-size-xl{font-size:39px}.elementor-widget-heading .elementor-heading-title.elementor-size-xxl{font-size:59px}<\/style><h2 class=\"elementor-heading-title elementor-size-default\">Impingement Subacromial\n<\/h2>\t\t<\/div>\n\t\t\t\t<\/div>\n\t\t\t\t<div class=\"elementor-element elementor-element-f124905 elementor-widget elementor-widget-heading\" data-id=\"f124905\" data-element_type=\"widget\" data-widget_type=\"heading.default\">\n\t\t\t\t<div class=\"elementor-widget-container\">\n\t\t\t<h2 class=\"elementor-heading-title elementor-size-default\">S\u00edndrome de pinzamiento del hombro\n<\/h2>\t\t<\/div>\n\t\t\t\t<\/div>\n\t\t\t\t<div class=\"elementor-element elementor-element-a287ed3 elementor-widget elementor-widget-text-editor\" data-id=\"a287ed3\" data-element_type=\"widget\" data-widget_type=\"text-editor.default\">\n\t\t\t\t<div class=\"elementor-widget-container\">\n\t\t\t<style>\/*! elementor - v3.21.0 - 26-05-2024 *\/\n.elementor-widget-text-editor.elementor-drop-cap-view-stacked .elementor-drop-cap{background-color:#69727d;color:#fff}.elementor-widget-text-editor.elementor-drop-cap-view-framed .elementor-drop-cap{color:#69727d;border:3px solid;background-color:transparent}.elementor-widget-text-editor:not(.elementor-drop-cap-view-default) .elementor-drop-cap{margin-top:8px}.elementor-widget-text-editor:not(.elementor-drop-cap-view-default) .elementor-drop-cap-letter{width:1em;height:1em}.elementor-widget-text-editor .elementor-drop-cap{float:left;text-align:center;line-height:1;font-size:50px}.elementor-widget-text-editor .elementor-drop-cap-letter{display:inline-block}<\/style>\t\t\t\t<div class=\"wpb_text_column wpb_content_element \"><div class=\"wpb_wrapper\"><div class=\"wpb_text_column wpb_content_element \"><div class=\"wpb_wrapper\"><p>El pinzamiento (impingement) subacromial, tambi\u00e9n llamado s\u00edndrome de pinzamiento del hombro, consiste en el pellizcamiento de los tendones del manguito rotador a nivel del espacio subacromial a causa de una disminuci\u00f3n de la longitud del mismo. La manifestaci\u00f3n cl\u00ednica principal es el dolor y la inflamaci\u00f3n.<\/p><\/div><\/div><\/div><\/div>\t\t\t\t\t\t<\/div>\n\t\t\t\t<\/div>\n\t\t\t\t\t<\/div>\r\n\t\t\t\t<\/div>\r\n\t\t\t\t<div class=\"elementor-column elementor-col-50 elementor-inner-column elementor-element elementor-element-d31625e\" data-id=\"d31625e\" data-element_type=\"column\">\r\n\t\t\t\t\t<div class=\"elementor-widget-wrap elementor-element-populated\">\r\n\t\t\t\t\t\t\t\t<div class=\"elementor-element elementor-element-5209e44 elementor-widget elementor-widget-image\" data-id=\"5209e44\" data-element_type=\"widget\" data-widget_type=\"image.default\">\n\t\t\t\t<div class=\"elementor-widget-container\">\n\t\t\t<style>\/*! elementor - v3.21.0 - 26-05-2024 *\/\n.elementor-widget-image{text-align:center}.elementor-widget-image a{display:inline-block}.elementor-widget-image a img[src$=\".svg\"]{width:48px}.elementor-widget-image img{vertical-align:middle;display:inline-block}<\/style>\t\t\t\t\t\t\t\t\t\t<img fetchpriority=\"high\" decoding=\"async\" width=\"1024\" height=\"683\" src=\"https:\/\/institutoordonez.es\/archivo\/wp-content\/uploads\/2023\/06\/impingement-subacromial-sindrome-de-pinzamiento-del-hombro-clinica-instituto-ordonez-1024x683.jpg\" class=\"attachment-large size-large wp-image-1755\" alt=\"Tratamiento de calcificaciones en hombro, en los tendones del manguito rotador\" srcset=\"https:\/\/institutoordonez.es\/archivo\/wp-content\/uploads\/2023\/06\/impingement-subacromial-sindrome-de-pinzamiento-del-hombro-clinica-instituto-ordonez-1024x683.jpg 1024w, https:\/\/institutoordonez.es\/archivo\/wp-content\/uploads\/2023\/06\/impingement-subacromial-sindrome-de-pinzamiento-del-hombro-clinica-instituto-ordonez-768x512.jpg 768w, https:\/\/institutoordonez.es\/archivo\/wp-content\/uploads\/2023\/06\/impingement-subacromial-sindrome-de-pinzamiento-del-hombro-clinica-instituto-ordonez-320x213.jpg 320w, https:\/\/institutoordonez.es\/archivo\/wp-content\/uploads\/2023\/06\/impingement-subacromial-sindrome-de-pinzamiento-del-hombro-clinica-instituto-ordonez-480x320.jpg 480w, https:\/\/institutoordonez.es\/archivo\/wp-content\/uploads\/2023\/06\/impingement-subacromial-sindrome-de-pinzamiento-del-hombro-clinica-instituto-ordonez-800x533.jpg 800w, https:\/\/institutoordonez.es\/archivo\/wp-content\/uploads\/2023\/06\/impingement-subacromial-sindrome-de-pinzamiento-del-hombro-clinica-instituto-ordonez-640x427.jpg 640w, https:\/\/institutoordonez.es\/archivo\/wp-content\/uploads\/2023\/06\/impingement-subacromial-sindrome-de-pinzamiento-del-hombro-clinica-instituto-ordonez-400x267.jpg 400w, https:\/\/institutoordonez.es\/archivo\/wp-content\/uploads\/2023\/06\/impingement-subacromial-sindrome-de-pinzamiento-del-hombro-clinica-instituto-ordonez-367x245.jpg 367w, https:\/\/institutoordonez.es\/archivo\/wp-content\/uploads\/2023\/06\/impingement-subacromial-sindrome-de-pinzamiento-del-hombro-clinica-instituto-ordonez-600x400.jpg 600w\" sizes=\"(max-width: 1024px) 100vw, 1024px\" \/>\t\t\t\t\t\t\t\t\t\t\t\t\t<\/div>\n\t\t\t\t<\/div>\n\t\t\t\t\t<\/div>\r\n\t\t\t\t<\/div>\r\n\t\t\t\t\t<\/div>\r\n\t\t\t\t<\/section>\r\n\t\t\t\t\t<\/div>\r\n\t\t\t\t<\/div>\r\n\t\t\t\t\t<\/div>\r\n\t\t\t\t<\/section>\r\n\t\t\t\t<section class=\"elementor-section elementor-top-section elementor-element elementor-element-9d1d1c2 elementor-section-boxed elementor-section-height-default elementor-section-height-default\" data-id=\"9d1d1c2\" data-element_type=\"section\">\r\n\t\t\r\n\t\t\t\t\t\t\t<div class=\"elementor-container elementor-column-gap-default\">\r\n\t\t\t\t\t\t\t\t\t\t\t<div class=\"elementor-column elementor-col-100 elementor-top-column elementor-element elementor-element-a9e8f94\" data-id=\"a9e8f94\" data-element_type=\"column\">\r\n\t\t\t\t\t<div class=\"elementor-widget-wrap elementor-element-populated\">\r\n\t\t\t\t\t\t\t\t<div class=\"elementor-element elementor-element-f6599f8 elementor-widget elementor-widget-heading\" data-id=\"f6599f8\" data-element_type=\"widget\" data-widget_type=\"heading.default\">\n\t\t\t\t<div class=\"elementor-widget-container\">\n\t\t\t<h2 class=\"elementor-heading-title elementor-size-default\">Informaci\u00f3n clave\n<\/h2>\t\t<\/div>\n\t\t\t\t<\/div>\n\t\t\t\t\t<\/div>\r\n\t\t\t\t<\/div>\r\n\t\t\t\t\t<\/div>\r\n\t\t\t\t<\/section>\r\n\t\t\t\t<section class=\"elementor-section elementor-top-section elementor-element elementor-element-4614423 elementor-section-boxed elementor-section-height-default elementor-section-height-default\" data-id=\"4614423\" data-element_type=\"section\">\r\n\t\t\r\n\t\t\t\t\t\t\t<div class=\"elementor-container elementor-column-gap-default\">\r\n\t\t\t\t\t\t\t\t\t\t\t<div class=\"elementor-column elementor-col-100 elementor-top-column elementor-element elementor-element-5192fa1\" data-id=\"5192fa1\" data-element_type=\"column\">\r\n\t\t\t\t\t<div class=\"elementor-widget-wrap elementor-element-populated\">\r\n\t\t\t\t\t\t\t\t<div class=\"elementor-element elementor-element-3fce145 elementor-widget elementor-widget-heading\" data-id=\"3fce145\" data-element_type=\"widget\" data-widget_type=\"heading.default\">\n\t\t\t\t<div class=\"elementor-widget-container\">\n\t\t\t<h2 class=\"elementor-heading-title elementor-size-default\">\u00bfQu\u00e9 es?\n<\/h2>\t\t<\/div>\n\t\t\t\t<\/div>\n\t\t\t\t<div class=\"elementor-element elementor-element-8f143fc elementor-widget elementor-widget-text-editor\" data-id=\"8f143fc\" data-element_type=\"widget\" data-widget_type=\"text-editor.default\">\n\t\t\t\t<div class=\"elementor-widget-container\">\n\t\t\t\t\t\t\t<div id=\"tm-list-6493b0532b0cb\" class=\"tm-list style-manual-numbered tm-animation move-up animate\"><div class=\"list-item\"><div class=\"list-header\"><div class=\"title-wrap\"><div id=\"tm-list-6492c3af6ed41\" class=\"tm-list style-check tm-animation move-up animate\"><div class=\"list-item\"><div class=\"list-header\"><div class=\"title-wrap\"><h6 class=\"title\">Compresi\u00f3n de los tendones del manguito rotador a nivel del espacio.<\/h6><\/div><\/div><\/div><\/div><\/div><\/div><\/div><\/div>\t\t\t\t\t\t<\/div>\n\t\t\t\t<\/div>\n\t\t\t\t<div class=\"elementor-element elementor-element-bb86421 elementor-widget elementor-widget-heading\" data-id=\"bb86421\" data-element_type=\"widget\" data-widget_type=\"heading.default\">\n\t\t\t\t<div class=\"elementor-widget-container\">\n\t\t\t<h2 class=\"elementor-heading-title elementor-size-default\">S\u00edntomas\n<\/h2>\t\t<\/div>\n\t\t\t\t<\/div>\n\t\t\t\t<div class=\"elementor-element elementor-element-0406146 elementor-widget elementor-widget-text-editor\" data-id=\"0406146\" data-element_type=\"widget\" data-widget_type=\"text-editor.default\">\n\t\t\t\t<div class=\"elementor-widget-container\">\n\t\t\t\t\t\t\t<div id=\"tm-list-6492b0a9748e0\" class=\"tm-list style-manual-numbered tm-animation move-up animate\"><div class=\"list-item\"><div class=\"list-header\"><div class=\"title-wrap\"><div id=\"tm-list-6493b0532b7b8\" class=\"tm-list style-manual-numbered tm-animation move-up animate\"><div class=\"list-item\"><div class=\"list-header\"><div class=\"title-wrap\"><div id=\"tm-list-6492c3af6f447\" class=\"tm-list style-check tm-animation move-up animate\"><div class=\"list-item\"><div class=\"list-header\"><div class=\"title-wrap\"><h6 class=\"title\">Dolor localizado en la porci\u00f3n lateral del hombro, p\u00e9rdida funcional de la articulaci\u00f3n. Imposibilidad de levantar el hombro por encima de la horizontal<\/h6><\/div><\/div><\/div><\/div><\/div><\/div><\/div><\/div><\/div><\/div><\/div><\/div>\t\t\t\t\t\t<\/div>\n\t\t\t\t<\/div>\n\t\t\t\t<div class=\"elementor-element elementor-element-fc28a48 elementor-widget elementor-widget-heading\" data-id=\"fc28a48\" data-element_type=\"widget\" data-widget_type=\"heading.default\">\n\t\t\t\t<div class=\"elementor-widget-container\">\n\t\t\t<h2 class=\"elementor-heading-title elementor-size-default\">Origen\n<\/h2>\t\t<\/div>\n\t\t\t\t<\/div>\n\t\t\t\t<div class=\"elementor-element elementor-element-6464b53 elementor-widget elementor-widget-text-editor\" data-id=\"6464b53\" data-element_type=\"widget\" data-widget_type=\"text-editor.default\">\n\t\t\t\t<div class=\"elementor-widget-container\">\n\t\t\t\t\t\t\t<div id=\"tm-list-6492b0a975656\" class=\"tm-list style-manual-numbered tm-animation move-up animate\"><div class=\"list-item\"><div class=\"list-header\"><div class=\"title-wrap\"><div id=\"tm-list-6493b0532beaf\" class=\"tm-list style-manual-numbered tm-animation move-up animate\"><div class=\"list-item\"><div class=\"list-header\"><div class=\"title-wrap\"><div id=\"tm-list-6492c3af6fb6b\" class=\"tm-list style-check tm-animation move-up animate\"><div class=\"list-item\"><div class=\"list-header\"><div class=\"title-wrap\"><h6 class=\"title\">Estrechamiento del espacio subacromial.<\/h6><\/div><\/div><\/div><\/div><\/div><\/div><\/div><\/div><\/div><\/div><\/div><\/div>\t\t\t\t\t\t<\/div>\n\t\t\t\t<\/div>\n\t\t\t\t<div class=\"elementor-element elementor-element-76567fd elementor-widget elementor-widget-heading\" data-id=\"76567fd\" data-element_type=\"widget\" data-widget_type=\"heading.default\">\n\t\t\t\t<div class=\"elementor-widget-container\">\n\t\t\t<h2 class=\"elementor-heading-title elementor-size-default\">Diagn\u00f3stico\n<\/h2>\t\t<\/div>\n\t\t\t\t<\/div>\n\t\t\t\t<div class=\"elementor-element elementor-element-c0636fa elementor-widget elementor-widget-text-editor\" data-id=\"c0636fa\" data-element_type=\"widget\" data-widget_type=\"text-editor.default\">\n\t\t\t\t<div class=\"elementor-widget-container\">\n\t\t\t\t\t\t\t<div id=\"tm-list-6492b0a9763c5\" class=\"tm-list style-manual-numbered tm-animation move-up animate\"><div class=\"list-item\"><div class=\"list-header\"><div class=\"title-wrap\"><div id=\"tm-list-6493b0532c598\" class=\"tm-list style-manual-numbered tm-animation move-up animate\"><div class=\"list-item\"><div class=\"list-header\"><div class=\"title-wrap\"><div id=\"tm-list-6492c3af70269\" class=\"tm-list style-check tm-animation move-up animate\"><div class=\"list-item\"><div class=\"list-header\"><div class=\"title-wrap\"><h6 class=\"title\">Examen f\u00edsico, ecograf\u00eda m\u00fasculo-esquel\u00e9tica, radiograf\u00edas, resonancia magn\u00e9tica.<\/h6><\/div><\/div><\/div><\/div><\/div><\/div><\/div><\/div><\/div><\/div><\/div><\/div>\t\t\t\t\t\t<\/div>\n\t\t\t\t<\/div>\n\t\t\t\t<div class=\"elementor-element elementor-element-ac3f7c3 elementor-widget elementor-widget-heading\" data-id=\"ac3f7c3\" data-element_type=\"widget\" data-widget_type=\"heading.default\">\n\t\t\t\t<div class=\"elementor-widget-container\">\n\t\t\t<h2 class=\"elementor-heading-title elementor-size-default\">Tratamiento\n<\/h2>\t\t<\/div>\n\t\t\t\t<\/div>\n\t\t\t\t<div class=\"elementor-element elementor-element-41e8f45 elementor-widget elementor-widget-text-editor\" data-id=\"41e8f45\" data-element_type=\"widget\" data-widget_type=\"text-editor.default\">\n\t\t\t\t<div class=\"elementor-widget-container\">\n\t\t\t\t\t\t\t<div id=\"tm-list-6492b0a9770fc\" class=\"tm-list style-manual-numbered tm-animation move-up animate\"><div class=\"list-item\"><div class=\"list-header\"><div class=\"title-wrap\"><div id=\"tm-list-6493b0532cc75\" class=\"tm-list style-manual-numbered tm-animation move-up animate\"><div class=\"list-item\"><div class=\"list-header\"><div class=\"title-wrap\"><div id=\"tm-list-6492c3af70992\" class=\"tm-list style-check tm-animation move-up animate\"><div class=\"list-item\"><div class=\"list-header\"><div class=\"title-wrap\"><h6 class=\"title\">AINES, glucocorticoides, fisioterapia, medicina regenerativa, cirug\u00eda artrosc\u00f3pica.<\/h6><\/div><\/div><\/div><\/div><\/div><\/div><\/div><\/div><\/div><\/div><\/div><\/div>\t\t\t\t\t\t<\/div>\n\t\t\t\t<\/div>\n\t\t\t\t\t<\/div>\r\n\t\t\t\t<\/div>\r\n\t\t\t\t\t<\/div>\r\n\t\t\t\t<\/section>\r\n\t\t\t\t<section class=\"elementor-section elementor-top-section elementor-element elementor-element-c27172f elementor-section-boxed elementor-section-height-default elementor-section-height-default\" data-id=\"c27172f\" data-element_type=\"section\">\r\n\t\t\r\n\t\t\t\t\t\t\t<div class=\"elementor-container elementor-column-gap-default\">\r\n\t\t\t\t\t\t\t\t\t\t\t<div class=\"elementor-column elementor-col-100 elementor-top-column elementor-element elementor-element-2ab2aef\" data-id=\"2ab2aef\" data-element_type=\"column\">\r\n\t\t\t\t\t<div class=\"elementor-widget-wrap elementor-element-populated\">\r\n\t\t\t\t\t\t\t\t<div class=\"elementor-element elementor-element-37c75bb elementor-widget elementor-widget-heading\" data-id=\"37c75bb\" data-element_type=\"widget\" data-widget_type=\"heading.default\">\n\t\t\t\t<div class=\"elementor-widget-container\">\n\t\t\t<h2 class=\"elementor-heading-title elementor-size-default\">\u00bfQu\u00e9 es?\n<\/h2>\t\t<\/div>\n\t\t\t\t<\/div>\n\t\t\t\t<div class=\"elementor-element elementor-element-795adcc elementor-widget elementor-widget-text-editor\" data-id=\"795adcc\" data-element_type=\"widget\" data-widget_type=\"text-editor.default\">\n\t\t\t\t<div class=\"elementor-widget-container\">\n\t\t\t\t\t\t\t<p>Es el atrapamiento y compresi\u00f3n de los tendones del grupo muscular del hombro, conocido como manguito rotador o manguito de los rotadores, debido a una disminuci\u00f3n del espacio subacromial por estructuras adyacentes inflamadas u otras causas. Ocasionando as\u00ed, dolor en la porci\u00f3n lateral y superior del brazo.<\/p><p>A largo plazo, esta lesi\u00f3n del hombro podr\u00eda provocar dolor cervical, confundi\u00e9ndose as\u00ed, con una hernia discal en ese nivel.<\/p><p>El s\u00edndrome de pinzamiento del hombro suele cursar con bursitis subacromial (inflamaci\u00f3n de la bursa subacromial, que contiene l\u00edquido sinovial) y tendinitis propiamente dicha, en los tendones correspondientes a los m\u00fasculos supraespinoso, infraespinoso, subescapular y redondo menor.<\/p><p>Esta patolog\u00eda representa la causa de entre el 44% y 65% de todos los dolores de hombro.<\/p>\t\t\t\t\t\t<\/div>\n\t\t\t\t<\/div>\n\t\t\t\t<div class=\"elementor-element elementor-element-3d83a6e elementor-widget elementor-widget-heading\" data-id=\"3d83a6e\" data-element_type=\"widget\" data-widget_type=\"heading.default\">\n\t\t\t\t<div class=\"elementor-widget-container\">\n\t\t\t<h2 class=\"elementor-heading-title elementor-size-default\">S\u00edntomas\n<\/h2>\t\t<\/div>\n\t\t\t\t<\/div>\n\t\t\t\t<div class=\"elementor-element elementor-element-406e5e0 elementor-widget elementor-widget-text-editor\" data-id=\"406e5e0\" data-element_type=\"widget\" data-widget_type=\"text-editor.default\">\n\t\t\t\t<div class=\"elementor-widget-container\">\n\t\t\t\t\t\t\t<div class=\"list-item\"><div class=\"list-header\"><div class=\"title-wrap\"><div class=\"marker\"><div class=\"list-item\"><div class=\"list-header\"><div class=\"title-wrap\"><ul><li class=\"title\">Dolor del hombro, focalizado en la porci\u00f3n lateral.<\/li><li class=\"title\">Cervicalgia.<\/li><li class=\"title\">P\u00e9rdida de capacidad de movimiento articular.<\/li><\/ul><p>\u00a0<\/p><\/div><\/div><\/div><\/div><\/div><\/div><\/div>\t\t\t\t\t\t<\/div>\n\t\t\t\t<\/div>\n\t\t\t\t<div class=\"elementor-element elementor-element-eeeacf2 elementor-widget elementor-widget-heading\" data-id=\"eeeacf2\" data-element_type=\"widget\" data-widget_type=\"heading.default\">\n\t\t\t\t<div class=\"elementor-widget-container\">\n\t\t\t<h2 class=\"elementor-heading-title elementor-size-default\">Origen\n<\/h2>\t\t<\/div>\n\t\t\t\t<\/div>\n\t\t\t\t<div class=\"elementor-element elementor-element-153a057 elementor-widget elementor-widget-text-editor\" data-id=\"153a057\" data-element_type=\"widget\" data-widget_type=\"text-editor.default\">\n\t\t\t\t<div class=\"elementor-widget-container\">\n\t\t\t\t\t\t\t<p>La compresi\u00f3n o pellizcamiento de los tendones del manguito rotador ocurre por un estrechamiento excesivo del espacio subacromial a causa de crecimiento de osteofitos (crecimiento de protuberancias \u00f3seas), inflamaci\u00f3n de la bursa subacromial o alteraciones posturales de la espalda (como el aumento de cifosis tor\u00e1cica).<\/p><p>Microtraumatismos (producidos por actividades f\u00edsicas repetitivas) o macrotraumatismos (por golpes violentos) suelen derivar en inflamaci\u00f3n de estas estructuras anat\u00f3micas del espacio subacromial y disminuir su longitud, comprimiendo los elementos que contiene (tendones del manguito rotador), cabeza larga del b\u00edceps braquial, ligamento coracoacromial y la c\u00e1psula de la articulaci\u00f3n glenohumeral).<\/p><p>De todos los tendones del manguito rotador, el m\u00e1s afectado por esta compresi\u00f3n excesiva es el del m\u00fasculo supraespinoso.<\/p>\t\t\t\t\t\t<\/div>\n\t\t\t\t<\/div>\n\t\t\t\t<div class=\"elementor-element elementor-element-f97d120 elementor-widget elementor-widget-heading\" data-id=\"f97d120\" data-element_type=\"widget\" data-widget_type=\"heading.default\">\n\t\t\t\t<div class=\"elementor-widget-container\">\n\t\t\t<h2 class=\"elementor-heading-title elementor-size-default\">Diagn\u00f3stico\n<\/h2>\t\t<\/div>\n\t\t\t\t<\/div>\n\t\t\t\t<div class=\"elementor-element elementor-element-cead7e4 elementor-widget elementor-widget-text-editor\" data-id=\"cead7e4\" data-element_type=\"widget\" data-widget_type=\"text-editor.default\">\n\t\t\t\t<div class=\"elementor-widget-container\">\n\t\t\t\t\t\t\t<div class=\"wpb_text_column wpb_content_element \"><div class=\"wpb_wrapper\"><div class=\"wpb_text_column wpb_content_element \"><div class=\"wpb_wrapper\"><p>Ciertas pruebas espec\u00edficas como el test de Neer y el test de Hawkins-Kennedy en la exploraci\u00f3n f\u00edsica permiten examinar la funci\u00f3n articular y encontrar as\u00ed, el estadio de la lesi\u00f3n.<\/p><p>Es importante destacar que, el s\u00edndrome de pinzamiento del hombro debe tener como diagn\u00f3stico diferencial hernias discales a nivel de C5, puesto que, el dolor referido por esta lesi\u00f3n se traspone con el de la patolog\u00eda.<\/p><p>La ecograf\u00eda m\u00fasculo-esquel\u00e9tica permite evidenciar el estado de las partes blandas (como la bursa subacromial) o tendones, la radiograf\u00eda ayuda en el descarte de procesos \u00f3seos (como los osteofitos o fracturas) y la resonancia sirve para evaluar el estado de los tendones y labrum.<\/p><ul><li><strong>GRADO I:<\/strong>\u00a0Edema y hemorragia, es el m\u00e1s frecuente en pacientes menores de 25 a\u00f1os de edad.<\/li><li><strong>GRADO II:<\/strong>\u00a0Fibrosis irreversible y tendinitis avanzada, en pacientes en edades comprendidas entre 25 y 40 a\u00f1os.<\/li><li><strong>GRADO III:<\/strong>\u00a0Cambios cr\u00f3nicos como la ruptura parcial o total de los tendones, en pacientes mayores de 40 a\u00f1os de edad.<\/li><\/ul><\/div><\/div><\/div><\/div>\t\t\t\t\t\t<\/div>\n\t\t\t\t<\/div>\n\t\t\t\t<div class=\"elementor-element elementor-element-346e440 elementor-widget elementor-widget-heading\" data-id=\"346e440\" data-element_type=\"widget\" data-widget_type=\"heading.default\">\n\t\t\t\t<div class=\"elementor-widget-container\">\n\t\t\t<h2 class=\"elementor-heading-title elementor-size-default\">Tratamiento\n<\/h2>\t\t<\/div>\n\t\t\t\t<\/div>\n\t\t\t\t<div class=\"elementor-element elementor-element-b488289 elementor-widget elementor-widget-text-editor\" data-id=\"b488289\" data-element_type=\"widget\" data-widget_type=\"text-editor.default\">\n\t\t\t\t<div class=\"elementor-widget-container\">\n\t\t\t\t\t\t\t<div class=\"wpb_text_column wpb_content_element \"><div class=\"wpb_wrapper\"><p>La elecci\u00f3n del tratamiento va a depender del grado de la lesi\u00f3n, las causas de la misma y la edad del paciente.<br \/>Los antiinflamatorios no esteroideos y los glucocorticoides son \u00fatiles en la reducci\u00f3n del edema y la inflamaci\u00f3n.<\/p><p>La medicina regenerativa juega un papel fundamental en la regeneraci\u00f3n de los tendones da\u00f1ados por el \u201cimpingement\u201d cuando la lesi\u00f3n se encuentra muy avanzada. Pero si la causa de la disminuci\u00f3n del tama\u00f1o del espacio subacromial es \u00f3sea y los s\u00edntomas incapacitan la vida del paciente, se recomienda descompresi\u00f3n quir\u00fargica y reconstrucci\u00f3n de los tendones da\u00f1ados con cirug\u00eda artrosc\u00f3pica.<\/p><\/div><\/div>\t\t\t\t\t\t<\/div>\n\t\t\t\t<\/div>\n\t\t\t\t\t<\/div>\r\n\t\t\t\t<\/div>\r\n\t\t\t\t\t<\/div>\r\n\t\t\t\t<\/section>\r\n\t\t\t\t<\/div>\n\t\t","protected":false},"excerpt":{"rendered":"<p>Impingement Subacromial S\u00edndrome de pinzamiento del hombro El pinzamiento (impingement) subacromial, tambi\u00e9n llamado s\u00edndrome de pinzamiento del hombro, consiste en el pellizcamiento de los tendones del manguito rotador a nivel del espacio subacromial a causa de una disminuci\u00f3n de la longitud del mismo. La manifestaci\u00f3n cl\u00ednica principal es el dolor y la inflamaci\u00f3n. Informaci\u00f3n clave [&hellip;]<\/p>\n","protected":false},"author":1,"featured_media":0,"parent":0,"menu_order":0,"comment_status":"closed","ping_status":"closed","template":"","meta":{"_acf_changed":false,"_monsterinsights_skip_tracking":false,"_monsterinsights_sitenote_active":false,"_monsterinsights_sitenote_note":"","_monsterinsights_sitenote_category":0,"footnotes":""},"class_list":["post-1752","page","type-page","status-publish","hentry"],"acf":[],"aioseo_notices":[],"_links":{"self":[{"href":"https:\/\/institutoordonez.es\/archivo\/wp-json\/wp\/v2\/pages\/1752","targetHints":{"allow":["GET"]}}],"collection":[{"href":"https:\/\/institutoordonez.es\/archivo\/wp-json\/wp\/v2\/pages"}],"about":[{"href":"https:\/\/institutoordonez.es\/archivo\/wp-json\/wp\/v2\/types\/page"}],"author":[{"embeddable":true,"href":"https:\/\/institutoordonez.es\/archivo\/wp-json\/wp\/v2\/users\/1"}],"replies":[{"embeddable":true,"href":"https:\/\/institutoordonez.es\/archivo\/wp-json\/wp\/v2\/comments?post=1752"}],"version-history":[{"count":0,"href":"https:\/\/institutoordonez.es\/archivo\/wp-json\/wp\/v2\/pages\/1752\/revisions"}],"wp:attachment":[{"href":"https:\/\/institutoordonez.es\/archivo\/wp-json\/wp\/v2\/media?parent=1752"}],"curies":[{"name":"wp","href":"https:\/\/api.w.org\/{rel}","templated":true}]}}