{"id":1834,"date":"2023-06-26T07:43:56","date_gmt":"2023-06-26T07:43:56","guid":{"rendered":"https:\/\/institutoordonez.es\/?page_id=1834"},"modified":"2023-06-26T08:31:07","modified_gmt":"2023-06-26T08:31:07","slug":"tendinitis-aquilea","status":"publish","type":"page","link":"https:\/\/institutoordonez.es\/archivo\/tendinitis-aquilea\/","title":{"rendered":"Tendinitis Aqu\u00edlea"},"content":{"rendered":"\t\t<div data-elementor-type=\"wp-page\" data-elementor-id=\"1834\" class=\"elementor elementor-1834\">\n\t\t\t\t\t\t<section class=\"elementor-section elementor-top-section elementor-element elementor-element-8737009 elementor-section-boxed elementor-section-height-default elementor-section-height-default\" data-id=\"8737009\" data-element_type=\"section\">\r\n\t\t\r\n\t\t\t\t\t\t\t<div class=\"elementor-container elementor-column-gap-default\">\r\n\t\t\t\t\t\t\t\t\t\t\t<div class=\"elementor-column elementor-col-100 elementor-top-column elementor-element elementor-element-59b15ef\" data-id=\"59b15ef\" data-element_type=\"column\">\r\n\t\t\t\t\t<div class=\"elementor-widget-wrap elementor-element-populated\">\r\n\t\t\t\t\t\t\t\t<section class=\"elementor-section elementor-inner-section elementor-element elementor-element-f9093a4 elementor-section-boxed elementor-section-height-default elementor-section-height-default\" data-id=\"f9093a4\" data-element_type=\"section\">\r\n\t\t\r\n\t\t\t\t\t\t\t<div class=\"elementor-container elementor-column-gap-default\">\r\n\t\t\t\t\t\t\t\t\t\t\t<div class=\"elementor-column elementor-col-50 elementor-inner-column elementor-element elementor-element-6d0c2f9\" data-id=\"6d0c2f9\" data-element_type=\"column\">\r\n\t\t\t\t\t<div class=\"elementor-widget-wrap elementor-element-populated\">\r\n\t\t\t\t\t\t\t\t<div class=\"elementor-element elementor-element-2448f96 elementor-widget elementor-widget-heading\" data-id=\"2448f96\" data-element_type=\"widget\" data-widget_type=\"heading.default\">\n\t\t\t\t<div class=\"elementor-widget-container\">\n\t\t\t<style>\/*! elementor - v3.21.0 - 26-05-2024 *\/\n.elementor-heading-title{padding:0;margin:0;line-height:1}.elementor-widget-heading .elementor-heading-title[class*=elementor-size-]>a{color:inherit;font-size:inherit;line-height:inherit}.elementor-widget-heading .elementor-heading-title.elementor-size-small{font-size:15px}.elementor-widget-heading .elementor-heading-title.elementor-size-medium{font-size:19px}.elementor-widget-heading .elementor-heading-title.elementor-size-large{font-size:29px}.elementor-widget-heading .elementor-heading-title.elementor-size-xl{font-size:39px}.elementor-widget-heading .elementor-heading-title.elementor-size-xxl{font-size:59px}<\/style><h2 class=\"elementor-heading-title elementor-size-default\">Tendinitis Aqu\u00edlea\n<\/h2>\t\t<\/div>\n\t\t\t\t<\/div>\n\t\t\t\t<div class=\"elementor-element elementor-element-13d084b elementor-widget elementor-widget-heading\" data-id=\"13d084b\" data-element_type=\"widget\" data-widget_type=\"heading.default\">\n\t\t\t\t<div class=\"elementor-widget-container\">\n\t\t\t<h2 class=\"elementor-heading-title elementor-size-default\">Tendinitis del Tend\u00f3n de Aquiles\n<\/h2>\t\t<\/div>\n\t\t\t\t<\/div>\n\t\t\t\t<div class=\"elementor-element elementor-element-f8b9e19 elementor-widget elementor-widget-text-editor\" data-id=\"f8b9e19\" data-element_type=\"widget\" data-widget_type=\"text-editor.default\">\n\t\t\t\t<div class=\"elementor-widget-container\">\n\t\t\t<style>\/*! elementor - v3.21.0 - 26-05-2024 *\/\n.elementor-widget-text-editor.elementor-drop-cap-view-stacked .elementor-drop-cap{background-color:#69727d;color:#fff}.elementor-widget-text-editor.elementor-drop-cap-view-framed .elementor-drop-cap{color:#69727d;border:3px solid;background-color:transparent}.elementor-widget-text-editor:not(.elementor-drop-cap-view-default) .elementor-drop-cap{margin-top:8px}.elementor-widget-text-editor:not(.elementor-drop-cap-view-default) .elementor-drop-cap-letter{width:1em;height:1em}.elementor-widget-text-editor .elementor-drop-cap{float:left;text-align:center;line-height:1;font-size:50px}.elementor-widget-text-editor .elementor-drop-cap-letter{display:inline-block}<\/style>\t\t\t\t<p>Es un trastorno relativamente frecuente del tend\u00f3n de Aquiles ocasionado casi siempre por una sobrecarga excesiva sobre esta resistente estructura anat\u00f3mica que tiene como funci\u00f3n, la flexi\u00f3n plantar, colaborando as\u00ed en la bipedestaci\u00f3n y la marcha.<\/p>\t\t\t\t\t\t<\/div>\n\t\t\t\t<\/div>\n\t\t\t\t\t<\/div>\r\n\t\t\t\t<\/div>\r\n\t\t\t\t<div class=\"elementor-column elementor-col-50 elementor-inner-column elementor-element elementor-element-2891358\" data-id=\"2891358\" data-element_type=\"column\">\r\n\t\t\t\t\t<div class=\"elementor-widget-wrap elementor-element-populated\">\r\n\t\t\t\t\t\t\t\t<div class=\"elementor-element elementor-element-201779e elementor-widget elementor-widget-image\" data-id=\"201779e\" data-element_type=\"widget\" data-widget_type=\"image.default\">\n\t\t\t\t<div class=\"elementor-widget-container\">\n\t\t\t<style>\/*! elementor - v3.21.0 - 26-05-2024 *\/\n.elementor-widget-image{text-align:center}.elementor-widget-image a{display:inline-block}.elementor-widget-image a img[src$=\".svg\"]{width:48px}.elementor-widget-image img{vertical-align:middle;display:inline-block}<\/style>\t\t\t\t\t\t\t\t\t\t<img fetchpriority=\"high\" decoding=\"async\" width=\"1024\" height=\"683\" src=\"https:\/\/institutoordonez.es\/archivo\/wp-content\/uploads\/2023\/06\/tendinitis-aquilea-tendinitis-del-tendon-de-aquiles-clinica-instituto-ordonez-1024x683.jpg\" class=\"attachment-large size-large wp-image-1837\" alt=\"\" srcset=\"https:\/\/institutoordonez.es\/archivo\/wp-content\/uploads\/2023\/06\/tendinitis-aquilea-tendinitis-del-tendon-de-aquiles-clinica-instituto-ordonez-1024x683.jpg 1024w, https:\/\/institutoordonez.es\/archivo\/wp-content\/uploads\/2023\/06\/tendinitis-aquilea-tendinitis-del-tendon-de-aquiles-clinica-instituto-ordonez-768x512.jpg 768w, https:\/\/institutoordonez.es\/archivo\/wp-content\/uploads\/2023\/06\/tendinitis-aquilea-tendinitis-del-tendon-de-aquiles-clinica-instituto-ordonez-320x213.jpg 320w, https:\/\/institutoordonez.es\/archivo\/wp-content\/uploads\/2023\/06\/tendinitis-aquilea-tendinitis-del-tendon-de-aquiles-clinica-instituto-ordonez-480x320.jpg 480w, https:\/\/institutoordonez.es\/archivo\/wp-content\/uploads\/2023\/06\/tendinitis-aquilea-tendinitis-del-tendon-de-aquiles-clinica-instituto-ordonez-800x533.jpg 800w, https:\/\/institutoordonez.es\/archivo\/wp-content\/uploads\/2023\/06\/tendinitis-aquilea-tendinitis-del-tendon-de-aquiles-clinica-instituto-ordonez-640x427.jpg 640w, https:\/\/institutoordonez.es\/archivo\/wp-content\/uploads\/2023\/06\/tendinitis-aquilea-tendinitis-del-tendon-de-aquiles-clinica-instituto-ordonez-400x267.jpg 400w, https:\/\/institutoordonez.es\/archivo\/wp-content\/uploads\/2023\/06\/tendinitis-aquilea-tendinitis-del-tendon-de-aquiles-clinica-instituto-ordonez-367x245.jpg 367w, https:\/\/institutoordonez.es\/archivo\/wp-content\/uploads\/2023\/06\/tendinitis-aquilea-tendinitis-del-tendon-de-aquiles-clinica-instituto-ordonez-600x400.jpg 600w\" sizes=\"(max-width: 1024px) 100vw, 1024px\" \/>\t\t\t\t\t\t\t\t\t\t\t\t\t<\/div>\n\t\t\t\t<\/div>\n\t\t\t\t\t<\/div>\r\n\t\t\t\t<\/div>\r\n\t\t\t\t\t<\/div>\r\n\t\t\t\t<\/section>\r\n\t\t\t\t\t<\/div>\r\n\t\t\t\t<\/div>\r\n\t\t\t\t\t<\/div>\r\n\t\t\t\t<\/section>\r\n\t\t\t\t<section class=\"elementor-section elementor-top-section elementor-element elementor-element-b766485 elementor-section-boxed elementor-section-height-default elementor-section-height-default\" data-id=\"b766485\" data-element_type=\"section\">\r\n\t\t\r\n\t\t\t\t\t\t\t<div class=\"elementor-container elementor-column-gap-default\">\r\n\t\t\t\t\t\t\t\t\t\t\t<div class=\"elementor-column elementor-col-100 elementor-top-column elementor-element elementor-element-9dae7d5\" data-id=\"9dae7d5\" data-element_type=\"column\">\r\n\t\t\t\t\t<div class=\"elementor-widget-wrap elementor-element-populated\">\r\n\t\t\t\t\t\t\t\t<div class=\"elementor-element elementor-element-98b2f76 elementor-widget elementor-widget-heading\" data-id=\"98b2f76\" data-element_type=\"widget\" data-widget_type=\"heading.default\">\n\t\t\t\t<div class=\"elementor-widget-container\">\n\t\t\t<h2 class=\"elementor-heading-title elementor-size-default\">Informaci\u00f3n clave\n<\/h2>\t\t<\/div>\n\t\t\t\t<\/div>\n\t\t\t\t\t<\/div>\r\n\t\t\t\t<\/div>\r\n\t\t\t\t\t<\/div>\r\n\t\t\t\t<\/section>\r\n\t\t\t\t<section class=\"elementor-section elementor-top-section elementor-element elementor-element-80ad23e elementor-section-boxed elementor-section-height-default elementor-section-height-default\" data-id=\"80ad23e\" data-element_type=\"section\">\r\n\t\t\r\n\t\t\t\t\t\t\t<div class=\"elementor-container elementor-column-gap-default\">\r\n\t\t\t\t\t\t\t\t\t\t\t<div class=\"elementor-column elementor-col-100 elementor-top-column elementor-element elementor-element-9cd25de\" data-id=\"9cd25de\" data-element_type=\"column\">\r\n\t\t\t\t\t<div class=\"elementor-widget-wrap elementor-element-populated\">\r\n\t\t\t\t\t\t\t\t<div class=\"elementor-element elementor-element-8bfe592 elementor-widget elementor-widget-heading\" data-id=\"8bfe592\" data-element_type=\"widget\" data-widget_type=\"heading.default\">\n\t\t\t\t<div class=\"elementor-widget-container\">\n\t\t\t<h2 class=\"elementor-heading-title elementor-size-default\">\u00bfQu\u00e9 es?\n<\/h2>\t\t<\/div>\n\t\t\t\t<\/div>\n\t\t\t\t<div class=\"elementor-element elementor-element-11486c0 elementor-widget elementor-widget-text-editor\" data-id=\"11486c0\" data-element_type=\"widget\" data-widget_type=\"text-editor.default\">\n\t\t\t\t<div class=\"elementor-widget-container\">\n\t\t\t\t\t\t\t<div id=\"tm-list-6493b0532b0cb\" class=\"tm-list style-manual-numbered tm-animation move-up animate\"><div class=\"list-item\"><div class=\"list-header\"><div class=\"title-wrap\"><div id=\"tm-list-6492c3af6ed41\" class=\"tm-list style-check tm-animation move-up animate\"><div class=\"list-item\"><div class=\"list-header\"><div class=\"title-wrap\"><div id=\"tm-list-6494524c61fe6\" class=\"tm-list style-check tm-animation move-up animate\"><div class=\"list-item\"><div class=\"list-header\"><div class=\"title-wrap\"><h6 class=\"title\">Inflamaci\u00f3n aguda o cr\u00f3nica y edema del tend\u00f3n de Aquiles, en la parte posteroinferior de la pierna.<\/h6><\/div><\/div><\/div><\/div><\/div><\/div><\/div><\/div><\/div><\/div><\/div><\/div>\t\t\t\t\t\t<\/div>\n\t\t\t\t<\/div>\n\t\t\t\t<div class=\"elementor-element elementor-element-d48b209 elementor-widget elementor-widget-heading\" data-id=\"d48b209\" data-element_type=\"widget\" data-widget_type=\"heading.default\">\n\t\t\t\t<div class=\"elementor-widget-container\">\n\t\t\t<h2 class=\"elementor-heading-title elementor-size-default\">S\u00edntomas\n<\/h2>\t\t<\/div>\n\t\t\t\t<\/div>\n\t\t\t\t<div class=\"elementor-element elementor-element-a509a0c elementor-widget elementor-widget-text-editor\" data-id=\"a509a0c\" data-element_type=\"widget\" data-widget_type=\"text-editor.default\">\n\t\t\t\t<div class=\"elementor-widget-container\">\n\t\t\t\t\t\t\t<div id=\"tm-list-6492b0a9748e0\" class=\"tm-list style-manual-numbered tm-animation move-up animate\"><div class=\"list-item\"><div class=\"list-header\"><div class=\"title-wrap\"><div id=\"tm-list-6493b0532b7b8\" class=\"tm-list style-manual-numbered tm-animation move-up animate\"><div class=\"list-item\"><div class=\"list-header\"><div class=\"title-wrap\"><div id=\"tm-list-6492c3af6f447\" class=\"tm-list style-check tm-animation move-up animate\"><div class=\"list-item\"><div class=\"list-header\"><div class=\"title-wrap\"><div id=\"tm-list-6494524c626d6\" class=\"tm-list style-check tm-animation move-up animate\"><div class=\"list-item\"><div class=\"list-header\"><div class=\"title-wrap\"><h6 class=\"title\">Dolor e inflamaci\u00f3n moderada, inestabilidad articular, hematoma.<\/h6><\/div><\/div><\/div><\/div><\/div><\/div><\/div><\/div><\/div><\/div><\/div><\/div><\/div><\/div><\/div><\/div>\t\t\t\t\t\t<\/div>\n\t\t\t\t<\/div>\n\t\t\t\t<div class=\"elementor-element elementor-element-abf6b7b elementor-widget elementor-widget-heading\" data-id=\"abf6b7b\" data-element_type=\"widget\" data-widget_type=\"heading.default\">\n\t\t\t\t<div class=\"elementor-widget-container\">\n\t\t\t<h2 class=\"elementor-heading-title elementor-size-default\">Origen\n<\/h2>\t\t<\/div>\n\t\t\t\t<\/div>\n\t\t\t\t<div class=\"elementor-element elementor-element-a6e78f5 elementor-widget elementor-widget-text-editor\" data-id=\"a6e78f5\" data-element_type=\"widget\" data-widget_type=\"text-editor.default\">\n\t\t\t\t<div class=\"elementor-widget-container\">\n\t\t\t\t\t\t\t<div id=\"tm-list-6492b0a975656\" class=\"tm-list style-manual-numbered tm-animation move-up animate\"><div class=\"list-item\"><div class=\"list-header\"><div class=\"title-wrap\"><div id=\"tm-list-6493b0532beaf\" class=\"tm-list style-manual-numbered tm-animation move-up animate\"><div class=\"list-item\"><div class=\"list-header\"><div class=\"title-wrap\"><div id=\"tm-list-6492c3af6fb6b\" class=\"tm-list style-check tm-animation move-up animate\"><div class=\"list-item\"><div class=\"list-header\"><div class=\"title-wrap\"><div id=\"tm-list-6494524c62de6\" class=\"tm-list style-check tm-animation move-up animate\"><div class=\"list-item\"><div class=\"list-header\"><div class=\"title-wrap\"><h6 class=\"title\">Sobrecarga mantenida o lesi\u00f3n traum\u00e1tica brusca sobre el tend\u00f3n.<\/h6><\/div><\/div><\/div><\/div><\/div><\/div><\/div><\/div><\/div><\/div><\/div><\/div><\/div><\/div><\/div><\/div>\t\t\t\t\t\t<\/div>\n\t\t\t\t<\/div>\n\t\t\t\t<div class=\"elementor-element elementor-element-5d81cea elementor-widget elementor-widget-heading\" data-id=\"5d81cea\" data-element_type=\"widget\" data-widget_type=\"heading.default\">\n\t\t\t\t<div class=\"elementor-widget-container\">\n\t\t\t<h2 class=\"elementor-heading-title elementor-size-default\">Diagn\u00f3stico\n<\/h2>\t\t<\/div>\n\t\t\t\t<\/div>\n\t\t\t\t<div class=\"elementor-element elementor-element-5c607f4 elementor-widget elementor-widget-text-editor\" data-id=\"5c607f4\" data-element_type=\"widget\" data-widget_type=\"text-editor.default\">\n\t\t\t\t<div class=\"elementor-widget-container\">\n\t\t\t\t\t\t\t<div id=\"tm-list-6492b0a9763c5\" class=\"tm-list style-manual-numbered tm-animation move-up animate\"><div class=\"list-item\"><div class=\"list-header\"><div class=\"title-wrap\"><div id=\"tm-list-6493b0532c598\" class=\"tm-list style-manual-numbered tm-animation move-up animate\"><div class=\"list-item\"><div class=\"list-header\"><div class=\"title-wrap\"><div id=\"tm-list-6492c3af70269\" class=\"tm-list style-check tm-animation move-up animate\"><div class=\"list-item\"><div class=\"list-header\"><div class=\"title-wrap\"><div id=\"tm-list-6494524c634c8\" class=\"tm-list style-check tm-animation move-up animate\"><div class=\"list-item\"><div class=\"list-header\"><div class=\"title-wrap\"><h6 class=\"title\">Examen f\u00edsico, anamnesis, ecograf\u00eda m\u00fasculo-esquel\u00e9tica, resonancia magn\u00e9tica.<\/h6><\/div><\/div><\/div><\/div><\/div><\/div><\/div><\/div><\/div><\/div><\/div><\/div><\/div><\/div><\/div><\/div>\t\t\t\t\t\t<\/div>\n\t\t\t\t<\/div>\n\t\t\t\t<div class=\"elementor-element elementor-element-93160f2 elementor-widget elementor-widget-heading\" data-id=\"93160f2\" data-element_type=\"widget\" data-widget_type=\"heading.default\">\n\t\t\t\t<div class=\"elementor-widget-container\">\n\t\t\t<h2 class=\"elementor-heading-title elementor-size-default\">Tratamiento\n<\/h2>\t\t<\/div>\n\t\t\t\t<\/div>\n\t\t\t\t<div class=\"elementor-element elementor-element-d9be162 elementor-widget elementor-widget-text-editor\" data-id=\"d9be162\" data-element_type=\"widget\" data-widget_type=\"text-editor.default\">\n\t\t\t\t<div class=\"elementor-widget-container\">\n\t\t\t\t\t\t\t<div id=\"tm-list-6492b0a9770fc\" class=\"tm-list style-manual-numbered tm-animation move-up animate\"><div class=\"list-item\"><div class=\"list-header\"><div class=\"title-wrap\"><div id=\"tm-list-6493b0532cc75\" class=\"tm-list style-manual-numbered tm-animation move-up animate\"><div class=\"list-item\"><div class=\"list-header\"><div class=\"title-wrap\"><div id=\"tm-list-6492c3af70992\" class=\"tm-list style-check tm-animation move-up animate\"><div class=\"list-item\"><div class=\"list-header\"><div class=\"title-wrap\"><div id=\"tm-list-6494524c63be7\" class=\"tm-list style-check tm-animation move-up animate\"><div class=\"list-item\"><div class=\"list-header\"><div class=\"title-wrap\"><h6 class=\"title\">AINES, fisioterapia, medicina regenerativa.<\/h6><\/div><\/div><\/div><\/div><\/div><\/div><\/div><\/div><\/div><\/div><\/div><\/div><\/div><\/div><\/div><\/div>\t\t\t\t\t\t<\/div>\n\t\t\t\t<\/div>\n\t\t\t\t\t<\/div>\r\n\t\t\t\t<\/div>\r\n\t\t\t\t\t<\/div>\r\n\t\t\t\t<\/section>\r\n\t\t\t\t<section class=\"elementor-section elementor-top-section elementor-element elementor-element-ba28c98 elementor-section-boxed elementor-section-height-default elementor-section-height-default\" data-id=\"ba28c98\" data-element_type=\"section\">\r\n\t\t\r\n\t\t\t\t\t\t\t<div class=\"elementor-container elementor-column-gap-default\">\r\n\t\t\t\t\t\t\t\t\t\t\t<div class=\"elementor-column elementor-col-100 elementor-top-column elementor-element elementor-element-bef39d4\" data-id=\"bef39d4\" data-element_type=\"column\">\r\n\t\t\t\t\t<div class=\"elementor-widget-wrap elementor-element-populated\">\r\n\t\t\t\t\t\t\t\t<div class=\"elementor-element elementor-element-55813ca elementor-widget elementor-widget-heading\" data-id=\"55813ca\" data-element_type=\"widget\" data-widget_type=\"heading.default\">\n\t\t\t\t<div class=\"elementor-widget-container\">\n\t\t\t<h2 class=\"elementor-heading-title elementor-size-default\">\u00bfQu\u00e9 es?\n<\/h2>\t\t<\/div>\n\t\t\t\t<\/div>\n\t\t\t\t<div class=\"elementor-element elementor-element-e4518a1 elementor-widget elementor-widget-text-editor\" data-id=\"e4518a1\" data-element_type=\"widget\" data-widget_type=\"text-editor.default\">\n\t\t\t\t<div class=\"elementor-widget-container\">\n\t\t\t\t\t\t\t<p>Una tendinitis aqu\u00edlea, tambi\u00e9n conocida como tendinitis del tend\u00f3n de Aquiles, es una inflamaci\u00f3n frecuente del mencionado tend\u00f3n, en la parte posterior e inferior de la pierna por causas mec\u00e1nicas, como una sobrecarga ante un movimiento brusco o un traumatismo relevante en esa zona.<\/p><p>El tend\u00f3n de Aquiles, como es conocido popularmente, conecta el tr\u00edceps sural (conformado por los m\u00fasculos gemelos \u2013interno y externo junto al m\u00fasculo s\u00f3leo) con la tuberosidad posterior del calc\u00e1neo, en el tal\u00f3n, ejerciendo as\u00ed, un potente movimiento de flexi\u00f3n plantar, necesario para la bipedestaci\u00f3n y la marcha.<br \/>Suele presentarse sobre todo, en corredores y saltadores profesionales.<\/p>\t\t\t\t\t\t<\/div>\n\t\t\t\t<\/div>\n\t\t\t\t<div class=\"elementor-element elementor-element-a990f03 elementor-widget elementor-widget-heading\" data-id=\"a990f03\" data-element_type=\"widget\" data-widget_type=\"heading.default\">\n\t\t\t\t<div class=\"elementor-widget-container\">\n\t\t\t<h2 class=\"elementor-heading-title elementor-size-default\">S\u00edntomas\n<\/h2>\t\t<\/div>\n\t\t\t\t<\/div>\n\t\t\t\t<div class=\"elementor-element elementor-element-b9893be elementor-widget elementor-widget-text-editor\" data-id=\"b9893be\" data-element_type=\"widget\" data-widget_type=\"text-editor.default\">\n\t\t\t\t<div class=\"elementor-widget-container\">\n\t\t\t\t\t\t\t<div class=\"list-item\"><div class=\"list-header\"><div class=\"title-wrap\"><div class=\"marker\"><div class=\"list-item\"><div class=\"list-header\"><div class=\"title-wrap\"><div class=\"list-item\"><div class=\"list-header\"><div class=\"title-wrap\"><ul><li class=\"title\">Dolor en la porci\u00f3n posteroinferior de la pierna.<\/li><li class=\"title\">Inflamaci\u00f3n (y eventualmente, edema).<\/li><li class=\"title\">Hematoma<\/li><li class=\"title\">Inestabilidad.<\/li><\/ul><\/div><\/div><\/div><\/div><\/div><\/div><\/div><\/div><\/div><\/div>\t\t\t\t\t\t<\/div>\n\t\t\t\t<\/div>\n\t\t\t\t<div class=\"elementor-element elementor-element-a977e37 elementor-widget elementor-widget-heading\" data-id=\"a977e37\" data-element_type=\"widget\" data-widget_type=\"heading.default\">\n\t\t\t\t<div class=\"elementor-widget-container\">\n\t\t\t<h2 class=\"elementor-heading-title elementor-size-default\">Origen\n<\/h2>\t\t<\/div>\n\t\t\t\t<\/div>\n\t\t\t\t<div class=\"elementor-element elementor-element-6d2418f elementor-widget elementor-widget-text-editor\" data-id=\"6d2418f\" data-element_type=\"widget\" data-widget_type=\"text-editor.default\">\n\t\t\t\t<div class=\"elementor-widget-container\">\n\t\t\t\t\t\t\t<p>Una inflamaci\u00f3n del tend\u00f3n de Aquiles se produce debido a una sobrecarga extrema sobre el mismo, por medio de una actividad f\u00edsica desgastante o un traumatismo severo, como por ejemplo, el ocasionado durante un partido de f\u00fatbol o en un accidente de moto.<\/p><p>Hay que distinguir bien los t\u00e9rminos de tendinosis y tendinitis ambos dentro del concepto de tendinopat\u00eda, el primero de ellos se refiere al proceso degenerativo de un tend\u00f3n y, el segundo se refiere a la inflamaci\u00f3n del tend\u00f3n.<\/p><p>El uso prolongado de fluoroquinolonas (antibi\u00f3ticos de amplio espectro) puede favorecer o acelerar el proceso degenerativo del tejido cartilaginoso fibroso, como el de los tendones<\/p><p>Microtraumatismos (producidos por actividades f\u00edsicas repetitivas) o macrotraumatismos (por golpes violentos) suelen derivar en inflamaci\u00f3n de estas estructuras anat\u00f3micas del espacio subacromial y disminuir su longitud, comprimiendo los elementos que contiene (tendones del manguito rotador), cabeza larga del b\u00edceps braquial, ligamento coracoacromial y la c\u00e1psula de la articulaci\u00f3n glenohumeral).<\/p><p>De todos los tendones del manguito rotador, el m\u00e1s afectado por esta compresi\u00f3n excesiva es el del m\u00fasculo supraespinoso.<\/p>\t\t\t\t\t\t<\/div>\n\t\t\t\t<\/div>\n\t\t\t\t<div class=\"elementor-element elementor-element-b5de5ce elementor-widget elementor-widget-heading\" data-id=\"b5de5ce\" data-element_type=\"widget\" data-widget_type=\"heading.default\">\n\t\t\t\t<div class=\"elementor-widget-container\">\n\t\t\t<h2 class=\"elementor-heading-title elementor-size-default\">Diagn\u00f3stico\n<\/h2>\t\t<\/div>\n\t\t\t\t<\/div>\n\t\t\t\t<div class=\"elementor-element elementor-element-9d05fc8 elementor-widget elementor-widget-text-editor\" data-id=\"9d05fc8\" data-element_type=\"widget\" data-widget_type=\"text-editor.default\">\n\t\t\t\t<div class=\"elementor-widget-container\">\n\t\t\t\t\t\t\t<p>Examen f\u00edsico acompa\u00f1ado de anamnesis para evaluar el estado del tend\u00f3n y su funci\u00f3n motora sobre el pie, adem\u00e1s de la ubicaci\u00f3n relativa de la lesi\u00f3n.<\/p><p>Una ecograf\u00eda o una resonancia magn\u00e9tica son de total utilidad para determinar el grado de la lesi\u00f3n del tend\u00f3n aqu\u00edleo.<\/p>\t\t\t\t\t\t<\/div>\n\t\t\t\t<\/div>\n\t\t\t\t<div class=\"elementor-element elementor-element-735092b elementor-widget elementor-widget-heading\" data-id=\"735092b\" data-element_type=\"widget\" data-widget_type=\"heading.default\">\n\t\t\t\t<div class=\"elementor-widget-container\">\n\t\t\t<h2 class=\"elementor-heading-title elementor-size-default\">Tratamiento\n<\/h2>\t\t<\/div>\n\t\t\t\t<\/div>\n\t\t\t\t<div class=\"elementor-element elementor-element-3d79fba elementor-widget elementor-widget-text-editor\" data-id=\"3d79fba\" data-element_type=\"widget\" data-widget_type=\"text-editor.default\">\n\t\t\t\t<div class=\"elementor-widget-container\">\n\t\t\t\t\t\t\t<div class=\"wpb_text_column wpb_content_element \"><div class=\"wpb_wrapper\"><div class=\"wpb_text_column wpb_content_element \"><div class=\"wpb_wrapper\"><p>En el caso de tendinopat\u00edas agudas inicialmente el tratamiento es conservador, consiste en inmovilizaci\u00f3n y administraci\u00f3n de AINES, como el diclofenaco, para reducir la inflamaci\u00f3n y acelerar el proceso de recuperaci\u00f3n.<\/p><p>La infiltraci\u00f3n local de glucocorticoides debe ser realizada con cuidado por personal m\u00e9dico cualificado, evitando contactar con el tend\u00f3n propiamente dicho y mediante ecograf\u00eda.<\/p><p>En casos cr\u00f3nicos el tratamiento de fisioterapia m\u00ednimamente invasiva c\u00f3mo la\u00a0Electr\u00f3lisis Percut\u00e1nea Ecoguiada\u00a0elimina el dolor y mejora la funcionalidad. La medicina regenerativa pone fin al proceso cr\u00f3nico de este tipo de patolog\u00edas en su fase m\u00e1s cr\u00f3nica e incluso en casos de roturas intrasustancia.<\/p><p>El tratamiento quir\u00fargico se realiza en casos graves, con ruptura parcial o total del tend\u00f3n.<\/p><\/div><\/div><\/div><\/div>\t\t\t\t\t\t<\/div>\n\t\t\t\t<\/div>\n\t\t\t\t\t<\/div>\r\n\t\t\t\t<\/div>\r\n\t\t\t\t\t<\/div>\r\n\t\t\t\t<\/section>\r\n\t\t\t\t<\/div>\n\t\t","protected":false},"excerpt":{"rendered":"<p>Tendinitis Aqu\u00edlea Tendinitis del Tend\u00f3n de Aquiles Es un trastorno relativamente frecuente del tend\u00f3n de Aquiles ocasionado casi siempre por una sobrecarga excesiva sobre esta resistente estructura anat\u00f3mica que tiene como funci\u00f3n, la flexi\u00f3n plantar, colaborando as\u00ed en la bipedestaci\u00f3n y la marcha. Informaci\u00f3n clave \u00bfQu\u00e9 es? Inflamaci\u00f3n aguda o cr\u00f3nica y edema del tend\u00f3n [&hellip;]<\/p>\n","protected":false},"author":1,"featured_media":0,"parent":0,"menu_order":0,"comment_status":"closed","ping_status":"closed","template":"","meta":{"_acf_changed":false,"_monsterinsights_skip_tracking":false,"_monsterinsights_sitenote_active":false,"_monsterinsights_sitenote_note":"","_monsterinsights_sitenote_category":0,"footnotes":""},"class_list":["post-1834","page","type-page","status-publish","hentry"],"acf":[],"aioseo_notices":[],"_links":{"self":[{"href":"https:\/\/institutoordonez.es\/archivo\/wp-json\/wp\/v2\/pages\/1834","targetHints":{"allow":["GET"]}}],"collection":[{"href":"https:\/\/institutoordonez.es\/archivo\/wp-json\/wp\/v2\/pages"}],"about":[{"href":"https:\/\/institutoordonez.es\/archivo\/wp-json\/wp\/v2\/types\/page"}],"author":[{"embeddable":true,"href":"https:\/\/institutoordonez.es\/archivo\/wp-json\/wp\/v2\/users\/1"}],"replies":[{"embeddable":true,"href":"https:\/\/institutoordonez.es\/archivo\/wp-json\/wp\/v2\/comments?post=1834"}],"version-history":[{"count":0,"href":"https:\/\/institutoordonez.es\/archivo\/wp-json\/wp\/v2\/pages\/1834\/revisions"}],"wp:attachment":[{"href":"https:\/\/institutoordonez.es\/archivo\/wp-json\/wp\/v2\/media?parent=1834"}],"curies":[{"name":"wp","href":"https:\/\/api.w.org\/{rel}","templated":true}]}}