{"id":1908,"date":"2023-07-04T07:51:47","date_gmt":"2023-07-04T07:51:47","guid":{"rendered":"https:\/\/institutoordonez.es\/?page_id=1908"},"modified":"2023-07-11T11:10:50","modified_gmt":"2023-07-11T11:10:50","slug":"dolor-de-codo","status":"publish","type":"page","link":"https:\/\/institutoordonez.es\/archivo\/dolor-de-codo\/","title":{"rendered":"Dolor de codo"},"content":{"rendered":"\t\t<div data-elementor-type=\"wp-page\" data-elementor-id=\"1908\" class=\"elementor elementor-1908\">\n\t\t\t\t\t\t<section class=\"elementor-section elementor-top-section elementor-element elementor-element-1e661e5 elementor-section-boxed elementor-section-height-default elementor-section-height-default\" data-id=\"1e661e5\" data-element_type=\"section\" data-settings=\"{&quot;background_background&quot;:&quot;classic&quot;}\">\r\n\t\t\r\n\t\t\t\t\t\t\t<div class=\"elementor-container elementor-column-gap-default\">\r\n\t\t\t\t\t\t\t\t\t\t\t<div class=\"elementor-column elementor-col-100 elementor-top-column elementor-element elementor-element-19ee80c\" data-id=\"19ee80c\" data-element_type=\"column\">\r\n\t\t\t\t\t<div class=\"elementor-widget-wrap elementor-element-populated\">\r\n\t\t\t\t\t\t\t\t<section class=\"elementor-section elementor-inner-section elementor-element elementor-element-09f9ac1 elementor-section-boxed elementor-section-height-default elementor-section-height-default\" data-id=\"09f9ac1\" data-element_type=\"section\">\r\n\t\t\r\n\t\t\t\t\t\t\t<div class=\"elementor-container elementor-column-gap-default\">\r\n\t\t\t\t\t\t\t\t\t\t\t<div class=\"elementor-column elementor-col-50 elementor-inner-column elementor-element elementor-element-8888713\" data-id=\"8888713\" data-element_type=\"column\">\r\n\t\t\t\t\t<div class=\"elementor-widget-wrap elementor-element-populated\">\r\n\t\t\t\t\t\t\t\t<div class=\"elementor-element elementor-element-6651822 elementor-widget elementor-widget-heading\" data-id=\"6651822\" data-element_type=\"widget\" data-widget_type=\"heading.default\">\n\t\t\t\t<div class=\"elementor-widget-container\">\n\t\t\t<style>\/*! elementor - v3.21.0 - 26-05-2024 *\/\n.elementor-heading-title{padding:0;margin:0;line-height:1}.elementor-widget-heading .elementor-heading-title[class*=elementor-size-]>a{color:inherit;font-size:inherit;line-height:inherit}.elementor-widget-heading .elementor-heading-title.elementor-size-small{font-size:15px}.elementor-widget-heading .elementor-heading-title.elementor-size-medium{font-size:19px}.elementor-widget-heading .elementor-heading-title.elementor-size-large{font-size:29px}.elementor-widget-heading .elementor-heading-title.elementor-size-xl{font-size:39px}.elementor-widget-heading .elementor-heading-title.elementor-size-xxl{font-size:59px}<\/style><h2 class=\"elementor-heading-title elementor-size-default\">Una articulaci\u00f3n que coopera con la mano mediante la extensi\u00f3n y flexi\u00f3n del brazo.\n<\/h2>\t\t<\/div>\n\t\t\t\t<\/div>\n\t\t\t\t<div class=\"elementor-element elementor-element-c796f8c elementor-widget elementor-widget-image\" data-id=\"c796f8c\" data-element_type=\"widget\" data-widget_type=\"image.default\">\n\t\t\t\t<div class=\"elementor-widget-container\">\n\t\t\t<style>\/*! elementor - v3.21.0 - 26-05-2024 *\/\n.elementor-widget-image{text-align:center}.elementor-widget-image a{display:inline-block}.elementor-widget-image a img[src$=\".svg\"]{width:48px}.elementor-widget-image img{vertical-align:middle;display:inline-block}<\/style>\t\t\t\t\t\t\t\t\t\t<img fetchpriority=\"high\" decoding=\"async\" width=\"1024\" height=\"683\" src=\"https:\/\/institutoordonez.es\/archivo\/wp-content\/uploads\/2023\/07\/instituto-ordonez-oviedo-asturias-dolor-de-codo-1024x683.jpg\" class=\"attachment-large size-large wp-image-1910\" alt=\"\" srcset=\"https:\/\/institutoordonez.es\/archivo\/wp-content\/uploads\/2023\/07\/instituto-ordonez-oviedo-asturias-dolor-de-codo-1024x683.jpg 1024w, https:\/\/institutoordonez.es\/archivo\/wp-content\/uploads\/2023\/07\/instituto-ordonez-oviedo-asturias-dolor-de-codo-768x512.jpg 768w, https:\/\/institutoordonez.es\/archivo\/wp-content\/uploads\/2023\/07\/instituto-ordonez-oviedo-asturias-dolor-de-codo-320x214.jpg 320w, https:\/\/institutoordonez.es\/archivo\/wp-content\/uploads\/2023\/07\/instituto-ordonez-oviedo-asturias-dolor-de-codo-480x320.jpg 480w, https:\/\/institutoordonez.es\/archivo\/wp-content\/uploads\/2023\/07\/instituto-ordonez-oviedo-asturias-dolor-de-codo-800x534.jpg 800w, https:\/\/institutoordonez.es\/archivo\/wp-content\/uploads\/2023\/07\/instituto-ordonez-oviedo-asturias-dolor-de-codo-640x427.jpg 640w, https:\/\/institutoordonez.es\/archivo\/wp-content\/uploads\/2023\/07\/instituto-ordonez-oviedo-asturias-dolor-de-codo-400x267.jpg 400w, https:\/\/institutoordonez.es\/archivo\/wp-content\/uploads\/2023\/07\/instituto-ordonez-oviedo-asturias-dolor-de-codo-367x245.jpg 367w, https:\/\/institutoordonez.es\/archivo\/wp-content\/uploads\/2023\/07\/instituto-ordonez-oviedo-asturias-dolor-de-codo-600x400.jpg 600w\" sizes=\"(max-width: 1024px) 100vw, 1024px\" \/>\t\t\t\t\t\t\t\t\t\t\t\t\t<\/div>\n\t\t\t\t<\/div>\n\t\t\t\t\t<\/div>\r\n\t\t\t\t<\/div>\r\n\t\t\t\t<div class=\"elementor-column elementor-col-50 elementor-inner-column elementor-element elementor-element-70af8ba\" data-id=\"70af8ba\" data-element_type=\"column\">\r\n\t\t\t\t\t<div class=\"elementor-widget-wrap elementor-element-populated\">\r\n\t\t\t\t\t\t\t\t<div class=\"elementor-element elementor-element-d90446d elementor-widget elementor-widget-text-editor\" data-id=\"d90446d\" data-element_type=\"widget\" data-widget_type=\"text-editor.default\">\n\t\t\t\t<div class=\"elementor-widget-container\">\n\t\t\t<style>\/*! elementor - v3.21.0 - 26-05-2024 *\/\n.elementor-widget-text-editor.elementor-drop-cap-view-stacked .elementor-drop-cap{background-color:#69727d;color:#fff}.elementor-widget-text-editor.elementor-drop-cap-view-framed .elementor-drop-cap{color:#69727d;border:3px solid;background-color:transparent}.elementor-widget-text-editor:not(.elementor-drop-cap-view-default) .elementor-drop-cap{margin-top:8px}.elementor-widget-text-editor:not(.elementor-drop-cap-view-default) .elementor-drop-cap-letter{width:1em;height:1em}.elementor-widget-text-editor .elementor-drop-cap{float:left;text-align:center;line-height:1;font-size:50px}.elementor-widget-text-editor .elementor-drop-cap-letter{display:inline-block}<\/style>\t\t\t\t<div id=\"tm-heading-6492e7e301330\" class=\"tm-heading left tm-animation move-up animate\"><div class=\"heading\"><div id=\"tm-heading-649c1fbe7ccc0\" class=\"tm-heading left tm-animation move-up animate\"><div class=\"heading\">El codo, o articulaci\u00f3n c\u00fabito humeral, une al h\u00famero (hueso del brazo) con el c\u00fabito y radio (huesos del antebrazo) permitiendo la flexi\u00f3n y extensi\u00f3n del miembro superior. Facilita los movimientos de la mano acerc\u00e1ndola al sitio de la actividad que se requiere.<\/div><\/div><div id=\"tm-spacer-649c1fbe7cf55\" class=\"tm-spacer\">\u00a0<\/div><div id=\"tm-heading-649c1fbe7d01f\" class=\"tm-heading left tm-animation move-up animate\"><div class=\"heading\">Los m\u00fasculos que ejercen actividad directa sobre esta articulaci\u00f3n son los flexores b\u00edceps braquial, braquial anterior y coracobraquial, en el lado opuesto, hay un \u00fanico pero fuerte m\u00fasculo extensor, el tr\u00edceps braquial, en la regi\u00f3n posterior del brazo.<\/div><\/div><\/div><\/div>\t\t\t\t\t\t<\/div>\n\t\t\t\t<\/div>\n\t\t\t\t<div class=\"elementor-element elementor-element-7f89f9a elementor-widget elementor-widget-heading\" data-id=\"7f89f9a\" data-element_type=\"widget\" data-widget_type=\"heading.default\">\n\t\t\t\t<div class=\"elementor-widget-container\">\n\t\t\t<h4 class=\"elementor-heading-title elementor-size-default\">Pero, \u00bfc\u00f3mo ocurre la contracci\u00f3n muscular?\n<\/h4>\t\t<\/div>\n\t\t\t\t<\/div>\n\t\t\t\t<div class=\"elementor-element elementor-element-36dcc32 elementor-widget elementor-widget-text-editor\" data-id=\"36dcc32\" data-element_type=\"widget\" data-widget_type=\"text-editor.default\">\n\t\t\t\t<div class=\"elementor-widget-container\">\n\t\t\t\t\t\t\t<div class=\"wpb_text_column wpb_content_element \"><div class=\"wpb_wrapper\"><p>Todos estos m\u00fasculos (as\u00ed como los tendones de los que forman parte) suelen lesionarse ante movimientos repetitivos como, por ejemplo, en entrenamientos de gimnasio o en trabajos que requieran una repetici\u00f3n tras otra durante muchas horas.<\/p><\/div><\/div><div id=\"tm-spacer-649c1fbe7d3b6\" class=\"tm-spacer\">\u00a0<\/div><div class=\"wpb_text_column wpb_content_element \"><div class=\"wpb_wrapper\"><p>La lesi\u00f3n tambi\u00e9n puede presentarse a nivel de la propia articulaci\u00f3n cubito humeral en patolog\u00edas conocidas com\u00fanmente como codo de tenista (epicondilitis) o codo de golfista (epitrocleitis).<\/p><\/div><\/div>\t\t\t\t\t\t<\/div>\n\t\t\t\t<\/div>\n\t\t\t\t\t<\/div>\r\n\t\t\t\t<\/div>\r\n\t\t\t\t\t<\/div>\r\n\t\t\t\t<\/section>\r\n\t\t\t\t\t<\/div>\r\n\t\t\t\t<\/div>\r\n\t\t\t\t\t<\/div>\r\n\t\t\t\t<\/section>\r\n\t\t\t\t<section class=\"elementor-section elementor-top-section elementor-element elementor-element-6987780 elementor-section-boxed elementor-section-height-default elementor-section-height-default\" data-id=\"6987780\" data-element_type=\"section\" data-settings=\"{&quot;background_background&quot;:&quot;classic&quot;}\">\r\n\t\t\r\n\t\t\t\t\t\t\t<div class=\"elementor-container elementor-column-gap-default\">\r\n\t\t\t\t\t\t\t\t\t\t\t<div class=\"elementor-column elementor-col-100 elementor-top-column elementor-element elementor-element-2ddf847\" data-id=\"2ddf847\" data-element_type=\"column\">\r\n\t\t\t\t\t<div class=\"elementor-widget-wrap elementor-element-populated\">\r\n\t\t\t\t\t\t\t\t<div class=\"elementor-element elementor-element-4ad84e1 elementor-widget elementor-widget-heading\" data-id=\"4ad84e1\" data-element_type=\"widget\" data-widget_type=\"heading.default\">\n\t\t\t\t<div class=\"elementor-widget-container\">\n\t\t\t<h2 class=\"elementor-heading-title elementor-size-default\">PATOLOG\u00cdAS QUE TRATAMOS EN INSTITUTO ORD\u00d3\u00d1EZ\n<\/h2>\t\t<\/div>\n\t\t\t\t<\/div>\n\t\t\t\t<div class=\"elementor-element elementor-element-0c2ecad elementor-widget elementor-widget-heading\" data-id=\"0c2ecad\" data-element_type=\"widget\" data-widget_type=\"heading.default\">\n\t\t\t\t<div class=\"elementor-widget-container\">\n\t\t\t<h2 class=\"elementor-heading-title elementor-size-default\">Los dolores de codo m\u00e1s comunes\n<\/h2>\t\t<\/div>\n\t\t\t\t<\/div>\n\t\t\t\t\t<\/div>\r\n\t\t\t\t<\/div>\r\n\t\t\t\t\t<\/div>\r\n\t\t\t\t<\/section>\r\n\t\t\t\t<section class=\"elementor-section elementor-top-section elementor-element elementor-element-7b79552 elementor-section-boxed elementor-section-height-default elementor-section-height-default\" data-id=\"7b79552\" data-element_type=\"section\" data-settings=\"{&quot;background_background&quot;:&quot;classic&quot;}\">\r\n\t\t\r\n\t\t\t\t\t\t\t<div class=\"elementor-container elementor-column-gap-default\">\r\n\t\t\t\t\t\t\t\t\t\t\t<div class=\"elementor-column elementor-col-20 elementor-top-column elementor-element elementor-element-326bfb5\" data-id=\"326bfb5\" data-element_type=\"column\" data-settings=\"{&quot;background_background&quot;:&quot;classic&quot;}\">\r\n\t\t\t\t\t<div class=\"elementor-widget-wrap elementor-element-populated\">\r\n\t\t\t\t\t\t\t\t<div class=\"elementor-element elementor-element-aaa581c elementor-position-top elementor-widget elementor-widget-image-box\" data-id=\"aaa581c\" data-element_type=\"widget\" data-widget_type=\"image-box.default\">\n\t\t\t\t<div class=\"elementor-widget-container\">\n\t\t\t<style>.elementor-widget-image-box .elementor-image-box-content{width:100%}@media (min-width:768px){.elementor-widget-image-box.elementor-position-left .elementor-image-box-wrapper,.elementor-widget-image-box.elementor-position-right .elementor-image-box-wrapper{display:flex}.elementor-widget-image-box.elementor-position-right .elementor-image-box-wrapper{text-align:end;flex-direction:row-reverse}.elementor-widget-image-box.elementor-position-left .elementor-image-box-wrapper{text-align:start;flex-direction:row}.elementor-widget-image-box.elementor-position-top .elementor-image-box-img{margin:auto}.elementor-widget-image-box.elementor-vertical-align-top .elementor-image-box-wrapper{align-items:flex-start}.elementor-widget-image-box.elementor-vertical-align-middle .elementor-image-box-wrapper{align-items:center}.elementor-widget-image-box.elementor-vertical-align-bottom .elementor-image-box-wrapper{align-items:flex-end}}@media (max-width:767px){.elementor-widget-image-box .elementor-image-box-img{margin-left:auto!important;margin-right:auto!important;margin-bottom:15px}}.elementor-widget-image-box .elementor-image-box-img{display:inline-block}.elementor-widget-image-box .elementor-image-box-title a{color:inherit}.elementor-widget-image-box .elementor-image-box-wrapper{text-align:center}.elementor-widget-image-box .elementor-image-box-description{margin:0}<\/style><div class=\"elementor-image-box-wrapper\"><figure class=\"elementor-image-box-img\"><a href=\"https:\/\/institutoordonez.es\/codo-de-tenista\/\" tabindex=\"-1\"><img decoding=\"async\" width=\"370\" height=\"277\" src=\"https:\/\/institutoordonez.es\/archivo\/wp-content\/uploads\/2023\/07\/codo-de-tenista-epicondilitis-clinica-instituto-ordonez-370x277-1.jpg\" class=\"elementor-animation-shrink attachment-full size-full wp-image-1912\" alt=\"\" srcset=\"https:\/\/institutoordonez.es\/archivo\/wp-content\/uploads\/2023\/07\/codo-de-tenista-epicondilitis-clinica-instituto-ordonez-370x277-1.jpg 370w, https:\/\/institutoordonez.es\/archivo\/wp-content\/uploads\/2023\/07\/codo-de-tenista-epicondilitis-clinica-instituto-ordonez-370x277-1-320x240.jpg 320w, https:\/\/institutoordonez.es\/archivo\/wp-content\/uploads\/2023\/07\/codo-de-tenista-epicondilitis-clinica-instituto-ordonez-370x277-1-367x275.jpg 367w\" sizes=\"(max-width: 370px) 100vw, 370px\" \/><\/a><\/figure><div class=\"elementor-image-box-content\"><h3 class=\"elementor-image-box-title\"><a href=\"https:\/\/institutoordonez.es\/codo-de-tenista\/\">Codo de tenista<\/a><\/h3><\/div><\/div>\t\t<\/div>\n\t\t\t\t<\/div>\n\t\t\t\t<div class=\"elementor-element elementor-element-2178697 elementor-align-justify elementor-widget elementor-widget-button\" data-id=\"2178697\" data-element_type=\"widget\" data-widget_type=\"button.default\">\n\t\t\t\t<div class=\"elementor-widget-container\">\n\t\t\t\t\t<div class=\"elementor-button-wrapper\">\n\t\t\t<a class=\"elementor-button elementor-button-link elementor-size-md\" href=\"https:\/\/institutoordonez.es\/codo-de-tenista\/\">\n\t\t\t\t\t\t<span class=\"elementor-button-content-wrapper\">\n\t\t\t\t\t\t\t\t\t<span class=\"elementor-button-text\">M\u00e1s informaci\u00f3n <\/span>\n\t\t\t\t\t<\/span>\n\t\t\t\t\t<\/a>\n\t\t<\/div>\n\t\t\t\t<\/div>\n\t\t\t\t<\/div>\n\t\t\t\t\t<\/div>\r\n\t\t\t\t<\/div>\r\n\t\t\t\t<div class=\"elementor-column elementor-col-20 elementor-top-column elementor-element elementor-element-aa0ae04\" data-id=\"aa0ae04\" data-element_type=\"column\">\r\n\t\t\t\t\t<div class=\"elementor-widget-wrap\">\r\n\t\t\t\t\t\t\t\t\t<\/div>\r\n\t\t\t\t<\/div>\r\n\t\t\t\t<div class=\"elementor-column elementor-col-20 elementor-top-column elementor-element elementor-element-e36aaad\" data-id=\"e36aaad\" data-element_type=\"column\" data-settings=\"{&quot;background_background&quot;:&quot;classic&quot;}\">\r\n\t\t\t\t\t<div class=\"elementor-widget-wrap elementor-element-populated\">\r\n\t\t\t\t\t\t\t\t<div class=\"elementor-element elementor-element-36bdd6f elementor-position-top elementor-widget elementor-widget-image-box\" data-id=\"36bdd6f\" data-element_type=\"widget\" data-widget_type=\"image-box.default\">\n\t\t\t\t<div class=\"elementor-widget-container\">\n\t\t\t<div class=\"elementor-image-box-wrapper\"><figure class=\"elementor-image-box-img\"><a href=\"https:\/\/institutoordonez.es\/codo-de-golfista\/\" tabindex=\"-1\"><img decoding=\"async\" width=\"370\" height=\"277\" src=\"https:\/\/institutoordonez.es\/archivo\/wp-content\/uploads\/2023\/07\/codo-de-golfista-epitrocleitis-clinica-instituto-ordonez-370x277-1.jpg\" class=\"elementor-animation-shrink attachment-full size-full wp-image-1913\" alt=\"\" srcset=\"https:\/\/institutoordonez.es\/archivo\/wp-content\/uploads\/2023\/07\/codo-de-golfista-epitrocleitis-clinica-instituto-ordonez-370x277-1.jpg 370w, https:\/\/institutoordonez.es\/archivo\/wp-content\/uploads\/2023\/07\/codo-de-golfista-epitrocleitis-clinica-instituto-ordonez-370x277-1-320x240.jpg 320w, https:\/\/institutoordonez.es\/archivo\/wp-content\/uploads\/2023\/07\/codo-de-golfista-epitrocleitis-clinica-instituto-ordonez-370x277-1-367x275.jpg 367w\" sizes=\"(max-width: 370px) 100vw, 370px\" \/><\/a><\/figure><div class=\"elementor-image-box-content\"><h3 class=\"elementor-image-box-title\"><a href=\"https:\/\/institutoordonez.es\/codo-de-golfista\/\">Codo de golfista<\/a><\/h3><\/div><\/div>\t\t<\/div>\n\t\t\t\t<\/div>\n\t\t\t\t<div class=\"elementor-element elementor-element-a0e180e elementor-align-justify elementor-widget elementor-widget-button\" data-id=\"a0e180e\" data-element_type=\"widget\" data-widget_type=\"button.default\">\n\t\t\t\t<div class=\"elementor-widget-container\">\n\t\t\t\t\t<div class=\"elementor-button-wrapper\">\n\t\t\t<a class=\"elementor-button elementor-button-link elementor-size-md\" href=\"https:\/\/institutoordonez.es\/codo-de-golfista\/\">\n\t\t\t\t\t\t<span class=\"elementor-button-content-wrapper\">\n\t\t\t\t\t\t\t\t\t<span class=\"elementor-button-text\">M\u00e1s informaci\u00f3n <\/span>\n\t\t\t\t\t<\/span>\n\t\t\t\t\t<\/a>\n\t\t<\/div>\n\t\t\t\t<\/div>\n\t\t\t\t<\/div>\n\t\t\t\t\t<\/div>\r\n\t\t\t\t<\/div>\r\n\t\t\t\t<div class=\"elementor-column elementor-col-20 elementor-top-column elementor-element elementor-element-0e99073\" data-id=\"0e99073\" data-element_type=\"column\">\r\n\t\t\t\t\t<div class=\"elementor-widget-wrap\">\r\n\t\t\t\t\t\t\t\t\t<\/div>\r\n\t\t\t\t<\/div>\r\n\t\t\t\t<div class=\"elementor-column elementor-col-20 elementor-top-column elementor-element elementor-element-2a85850\" data-id=\"2a85850\" data-element_type=\"column\" data-settings=\"{&quot;background_background&quot;:&quot;classic&quot;}\">\r\n\t\t\t\t\t<div class=\"elementor-widget-wrap elementor-element-populated\">\r\n\t\t\t\t\t\t\t\t<div class=\"elementor-element elementor-element-1e2f607 elementor-position-top elementor-widget elementor-widget-image-box\" data-id=\"1e2f607\" data-element_type=\"widget\" data-widget_type=\"image-box.default\">\n\t\t\t\t<div class=\"elementor-widget-container\">\n\t\t\t<div class=\"elementor-image-box-wrapper\"><figure class=\"elementor-image-box-img\"><a href=\"https:\/\/institutoordonez.es\/sobrecarga-muscular-del-codo\/\" tabindex=\"-1\"><img loading=\"lazy\" decoding=\"async\" width=\"370\" height=\"277\" src=\"https:\/\/institutoordonez.es\/archivo\/wp-content\/uploads\/2023\/07\/sobrecarga-muscular-del-codo-clinica-instituto-ordonez-370x277-1.jpg\" class=\"elementor-animation-shrink attachment-full size-full wp-image-1914\" alt=\"\" srcset=\"https:\/\/institutoordonez.es\/archivo\/wp-content\/uploads\/2023\/07\/sobrecarga-muscular-del-codo-clinica-instituto-ordonez-370x277-1.jpg 370w, https:\/\/institutoordonez.es\/archivo\/wp-content\/uploads\/2023\/07\/sobrecarga-muscular-del-codo-clinica-instituto-ordonez-370x277-1-320x240.jpg 320w, https:\/\/institutoordonez.es\/archivo\/wp-content\/uploads\/2023\/07\/sobrecarga-muscular-del-codo-clinica-instituto-ordonez-370x277-1-367x275.jpg 367w\" sizes=\"(max-width: 370px) 100vw, 370px\" \/><\/a><\/figure><div class=\"elementor-image-box-content\"><h3 class=\"elementor-image-box-title\"><a href=\"https:\/\/institutoordonez.es\/sobrecarga-muscular-del-codo\/\">Desgarro muscular<\/a><\/h3><\/div><\/div>\t\t<\/div>\n\t\t\t\t<\/div>\n\t\t\t\t<div class=\"elementor-element elementor-element-9bee7d5 elementor-align-justify elementor-widget elementor-widget-button\" data-id=\"9bee7d5\" data-element_type=\"widget\" data-widget_type=\"button.default\">\n\t\t\t\t<div class=\"elementor-widget-container\">\n\t\t\t\t\t<div class=\"elementor-button-wrapper\">\n\t\t\t<a class=\"elementor-button elementor-button-link elementor-size-md\" href=\"https:\/\/institutoordonez.es\/sobrecarga-muscular-del-codo\/\">\n\t\t\t\t\t\t<span class=\"elementor-button-content-wrapper\">\n\t\t\t\t\t\t\t\t\t<span class=\"elementor-button-text\">M\u00e1s informaci\u00f3n <\/span>\n\t\t\t\t\t<\/span>\n\t\t\t\t\t<\/a>\n\t\t<\/div>\n\t\t\t\t<\/div>\n\t\t\t\t<\/div>\n\t\t\t\t\t<\/div>\r\n\t\t\t\t<\/div>\r\n\t\t\t\t\t<\/div>\r\n\t\t\t\t<\/section>\r\n\t\t\t\t<\/div>\n\t\t","protected":false},"excerpt":{"rendered":"<p>Una articulaci\u00f3n que coopera con la mano mediante la extensi\u00f3n y flexi\u00f3n del brazo. El codo, o articulaci\u00f3n c\u00fabito humeral, une al h\u00famero (hueso del brazo) con el c\u00fabito y radio (huesos del antebrazo) permitiendo la flexi\u00f3n y extensi\u00f3n del miembro superior. Facilita los movimientos de la mano acerc\u00e1ndola al sitio de la actividad que [&hellip;]<\/p>\n","protected":false},"author":1,"featured_media":0,"parent":0,"menu_order":0,"comment_status":"closed","ping_status":"closed","template":"","meta":{"_acf_changed":false,"_monsterinsights_skip_tracking":false,"_monsterinsights_sitenote_active":false,"_monsterinsights_sitenote_note":"","_monsterinsights_sitenote_category":0,"footnotes":""},"class_list":["post-1908","page","type-page","status-publish","hentry"],"acf":[],"aioseo_notices":[],"_links":{"self":[{"href":"https:\/\/institutoordonez.es\/archivo\/wp-json\/wp\/v2\/pages\/1908","targetHints":{"allow":["GET"]}}],"collection":[{"href":"https:\/\/institutoordonez.es\/archivo\/wp-json\/wp\/v2\/pages"}],"about":[{"href":"https:\/\/institutoordonez.es\/archivo\/wp-json\/wp\/v2\/types\/page"}],"author":[{"embeddable":true,"href":"https:\/\/institutoordonez.es\/archivo\/wp-json\/wp\/v2\/users\/1"}],"replies":[{"embeddable":true,"href":"https:\/\/institutoordonez.es\/archivo\/wp-json\/wp\/v2\/comments?post=1908"}],"version-history":[{"count":0,"href":"https:\/\/institutoordonez.es\/archivo\/wp-json\/wp\/v2\/pages\/1908\/revisions"}],"wp:attachment":[{"href":"https:\/\/institutoordonez.es\/archivo\/wp-json\/wp\/v2\/media?parent=1908"}],"curies":[{"name":"wp","href":"https:\/\/api.w.org\/{rel}","templated":true}]}}