{"id":2440,"date":"2023-07-06T12:18:08","date_gmt":"2023-07-06T12:18:08","guid":{"rendered":"https:\/\/institutoordonez.es\/?page_id=2440"},"modified":"2024-06-04T11:10:26","modified_gmt":"2024-06-04T11:10:26","slug":"tratamientos-y-tecnicas-de-fisioterapia-de-muneca","status":"publish","type":"page","link":"https:\/\/institutoordonez.es\/archivo\/tratamientos-y-tecnicas-de-fisioterapia-de-muneca\/","title":{"rendered":"Tratamientos y t\u00e9cnicas de fisioterapia de mu\u00f1eca"},"content":{"rendered":"\t\t<div data-elementor-type=\"wp-page\" data-elementor-id=\"2440\" class=\"elementor elementor-2440\">\n\t\t\t\t\t\t<section class=\"elementor-section elementor-top-section elementor-element elementor-element-ecf6373 elementor-section-boxed elementor-section-height-default elementor-section-height-default\" data-id=\"ecf6373\" data-element_type=\"section\">\r\n\t\t\r\n\t\t\t\t\t\t\t<div class=\"elementor-container elementor-column-gap-default\">\r\n\t\t\t\t\t\t\t\t\t\t\t<div class=\"elementor-column elementor-col-33 elementor-top-column elementor-element elementor-element-0114c5a\" data-id=\"0114c5a\" data-element_type=\"column\">\r\n\t\t\t\t\t<div class=\"elementor-widget-wrap elementor-element-populated\">\r\n\t\t\t\t\t\t\t\t<div class=\"elementor-element elementor-element-ace6928 elementor-widget elementor-widget-image\" data-id=\"ace6928\" data-element_type=\"widget\" data-widget_type=\"image.default\">\n\t\t\t\t<div class=\"elementor-widget-container\">\n\t\t\t<style>\/*! elementor - v3.21.0 - 26-05-2024 *\/\n.elementor-widget-image{text-align:center}.elementor-widget-image a{display:inline-block}.elementor-widget-image a img[src$=\".svg\"]{width:48px}.elementor-widget-image img{vertical-align:middle;display:inline-block}<\/style>\t\t\t\t\t\t\t\t\t\t<img fetchpriority=\"high\" decoding=\"async\" width=\"370\" height=\"243\" src=\"https:\/\/institutoordonez.es\/archivo\/wp-content\/uploads\/2023\/07\/electroterapia-clinica-instituto-ordonez-370x243-1.jpg\" class=\"attachment-large size-large wp-image-2356\" alt=\"\" srcset=\"https:\/\/institutoordonez.es\/archivo\/wp-content\/uploads\/2023\/07\/electroterapia-clinica-instituto-ordonez-370x243-1.jpg 370w, https:\/\/institutoordonez.es\/archivo\/wp-content\/uploads\/2023\/07\/electroterapia-clinica-instituto-ordonez-370x243-1-320x210.jpg 320w, https:\/\/institutoordonez.es\/archivo\/wp-content\/uploads\/2023\/07\/electroterapia-clinica-instituto-ordonez-370x243-1-367x241.jpg 367w\" sizes=\"(max-width: 370px) 100vw, 370px\" \/>\t\t\t\t\t\t\t\t\t\t\t\t\t<\/div>\n\t\t\t\t<\/div>\n\t\t\t\t<div class=\"elementor-element elementor-element-6d2e4f8 elementor-widget elementor-widget-text-editor\" data-id=\"6d2e4f8\" data-element_type=\"widget\" data-widget_type=\"text-editor.default\">\n\t\t\t\t<div class=\"elementor-widget-container\">\n\t\t\t<style>\/*! elementor - v3.21.0 - 26-05-2024 *\/\n.elementor-widget-text-editor.elementor-drop-cap-view-stacked .elementor-drop-cap{background-color:#69727d;color:#fff}.elementor-widget-text-editor.elementor-drop-cap-view-framed .elementor-drop-cap{color:#69727d;border:3px solid;background-color:transparent}.elementor-widget-text-editor:not(.elementor-drop-cap-view-default) .elementor-drop-cap{margin-top:8px}.elementor-widget-text-editor:not(.elementor-drop-cap-view-default) .elementor-drop-cap-letter{width:1em;height:1em}.elementor-widget-text-editor .elementor-drop-cap{float:left;text-align:center;line-height:1;font-size:50px}.elementor-widget-text-editor .elementor-drop-cap-letter{display:inline-block}<\/style>\t\t\t\t<p><strong>Cadera, Cadera TF, Codo, Codo TF, Espalda, Espalda TF, Fisioterapia, Hombro, Hombro TF, Mu\u00f1eca, Mu\u00f1eca TF, Muscular, Muscular TF, Pie, Pie TF, Rodilla, Rodilla TF, Tratamientos Fisioterapia<\/strong><\/p>\t\t\t\t\t\t<\/div>\n\t\t\t\t<\/div>\n\t\t\t\t<div class=\"elementor-element elementor-element-1f2513b elementor-widget elementor-widget-heading\" data-id=\"1f2513b\" data-element_type=\"widget\" data-widget_type=\"heading.default\">\n\t\t\t\t<div class=\"elementor-widget-container\">\n\t\t\t<style>\/*! elementor - v3.21.0 - 26-05-2024 *\/\n.elementor-heading-title{padding:0;margin:0;line-height:1}.elementor-widget-heading .elementor-heading-title[class*=elementor-size-]>a{color:inherit;font-size:inherit;line-height:inherit}.elementor-widget-heading .elementor-heading-title.elementor-size-small{font-size:15px}.elementor-widget-heading .elementor-heading-title.elementor-size-medium{font-size:19px}.elementor-widget-heading .elementor-heading-title.elementor-size-large{font-size:29px}.elementor-widget-heading .elementor-heading-title.elementor-size-xl{font-size:39px}.elementor-widget-heading .elementor-heading-title.elementor-size-xxl{font-size:59px}<\/style><h2 class=\"elementor-heading-title elementor-size-default\">Electroterapia<\/h2>\t\t<\/div>\n\t\t\t\t<\/div>\n\t\t\t\t\t<\/div>\r\n\t\t\t\t<\/div>\r\n\t\t\t\t<div class=\"elementor-column elementor-col-33 elementor-top-column elementor-element elementor-element-ad21457\" data-id=\"ad21457\" data-element_type=\"column\">\r\n\t\t\t\t\t<div class=\"elementor-widget-wrap elementor-element-populated\">\r\n\t\t\t\t\t\t\t\t<div class=\"elementor-element elementor-element-8d06145 elementor-widget elementor-widget-image\" data-id=\"8d06145\" data-element_type=\"widget\" data-widget_type=\"image.default\">\n\t\t\t\t<div class=\"elementor-widget-container\">\n\t\t\t\t\t\t\t\t\t\t\t\t\t<img decoding=\"async\" width=\"370\" height=\"243\" src=\"https:\/\/institutoordonez.es\/archivo\/wp-content\/uploads\/2023\/07\/manipulacion-de-la-fascia-clinica-instituto-ordonez-370x243-3.jpg\" class=\"attachment-large size-large wp-image-2402\" alt=\"\" srcset=\"https:\/\/institutoordonez.es\/archivo\/wp-content\/uploads\/2023\/07\/manipulacion-de-la-fascia-clinica-instituto-ordonez-370x243-3.jpg 370w, https:\/\/institutoordonez.es\/archivo\/wp-content\/uploads\/2023\/07\/manipulacion-de-la-fascia-clinica-instituto-ordonez-370x243-3-320x210.jpg 320w, https:\/\/institutoordonez.es\/archivo\/wp-content\/uploads\/2023\/07\/manipulacion-de-la-fascia-clinica-instituto-ordonez-370x243-3-367x241.jpg 367w\" sizes=\"(max-width: 370px) 100vw, 370px\" \/>\t\t\t\t\t\t\t\t\t\t\t\t\t<\/div>\n\t\t\t\t<\/div>\n\t\t\t\t<div class=\"elementor-element elementor-element-1b41d87 elementor-widget elementor-widget-text-editor\" data-id=\"1b41d87\" data-element_type=\"widget\" data-widget_type=\"text-editor.default\">\n\t\t\t\t<div class=\"elementor-widget-container\">\n\t\t\t\t\t\t\t<p><strong>Cadera, Cadera TF, Codo, Codo TF, Espalda, Espalda P TF, Espalda TF, Fisioterapia, Hombro, Hombro TF, Mu\u00f1eca, Mu\u00f1eca TF, Muscular, Muscular P TF, Muscular TF, Pie, Pie TF, Rodilla, Rodilla TF, Tratamientos Fisioterapia<\/strong><\/p>\t\t\t\t\t\t<\/div>\n\t\t\t\t<\/div>\n\t\t\t\t<div class=\"elementor-element elementor-element-e6078ee elementor-widget elementor-widget-heading\" data-id=\"e6078ee\" data-element_type=\"widget\" data-widget_type=\"heading.default\">\n\t\t\t\t<div class=\"elementor-widget-container\">\n\t\t\t<h3 class=\"elementor-heading-title elementor-size-default\">Manipulaci\u00f3n de la fascia<\/h3>\t\t<\/div>\n\t\t\t\t<\/div>\n\t\t\t\t\t<\/div>\r\n\t\t\t\t<\/div>\r\n\t\t\t\t<div class=\"elementor-column elementor-col-33 elementor-top-column elementor-element elementor-element-149a1a7\" data-id=\"149a1a7\" data-element_type=\"column\">\r\n\t\t\t\t\t<div class=\"elementor-widget-wrap elementor-element-populated\">\r\n\t\t\t\t\t\t\t\t<div class=\"elementor-element elementor-element-a5bd26f elementor-widget elementor-widget-image\" data-id=\"a5bd26f\" data-element_type=\"widget\" data-widget_type=\"image.default\">\n\t\t\t\t<div class=\"elementor-widget-container\">\n\t\t\t\t\t\t\t\t\t\t\t\t\t<img decoding=\"async\" width=\"370\" height=\"243\" src=\"https:\/\/institutoordonez.es\/archivo\/wp-content\/uploads\/2023\/07\/masaje-clinica-instituto-ordonez-370x243-1.jpg\" class=\"attachment-large size-large wp-image-2341\" alt=\"\" srcset=\"https:\/\/institutoordonez.es\/archivo\/wp-content\/uploads\/2023\/07\/masaje-clinica-instituto-ordonez-370x243-1.jpg 370w, https:\/\/institutoordonez.es\/archivo\/wp-content\/uploads\/2023\/07\/masaje-clinica-instituto-ordonez-370x243-1-320x210.jpg 320w, https:\/\/institutoordonez.es\/archivo\/wp-content\/uploads\/2023\/07\/masaje-clinica-instituto-ordonez-370x243-1-367x241.jpg 367w\" sizes=\"(max-width: 370px) 100vw, 370px\" \/>\t\t\t\t\t\t\t\t\t\t\t\t\t<\/div>\n\t\t\t\t<\/div>\n\t\t\t\t<div class=\"elementor-element elementor-element-c56b5ee elementor-widget elementor-widget-text-editor\" data-id=\"c56b5ee\" data-element_type=\"widget\" data-widget_type=\"text-editor.default\">\n\t\t\t\t<div class=\"elementor-widget-container\">\n\t\t\t\t\t\t\t<p><strong>Cadera, Cadera TF, Codo, Codo TF, Espalda, Espalda P TF, Espalda TF, Fisioterapia, Hombro, Hombro TF, Mu\u00f1eca, Mu\u00f1eca TF, Muscular, Muscular P TF, Muscular TF, Pie, Pie TF, Rodilla, Rodilla TF, Tratamientos Fisioterapia<\/strong><\/p>\t\t\t\t\t\t<\/div>\n\t\t\t\t<\/div>\n\t\t\t\t<div class=\"elementor-element elementor-element-836551c elementor-widget elementor-widget-heading\" data-id=\"836551c\" data-element_type=\"widget\" data-widget_type=\"heading.default\">\n\t\t\t\t<div class=\"elementor-widget-container\">\n\t\t\t<h2 class=\"elementor-heading-title elementor-size-default\">Masaje<\/h2>\t\t<\/div>\n\t\t\t\t<\/div>\n\t\t\t\t\t<\/div>\r\n\t\t\t\t<\/div>\r\n\t\t\t\t\t<\/div>\r\n\t\t\t\t<\/section>\r\n\t\t\t\t<section class=\"elementor-section elementor-top-section elementor-element elementor-element-915ed43 elementor-section-boxed elementor-section-height-default elementor-section-height-default\" data-id=\"915ed43\" data-element_type=\"section\">\r\n\t\t\r\n\t\t\t\t\t\t\t<div class=\"elementor-container elementor-column-gap-default\">\r\n\t\t\t\t\t\t\t\t\t\t\t<div class=\"elementor-column elementor-col-33 elementor-top-column elementor-element elementor-element-387da9a\" data-id=\"387da9a\" data-element_type=\"column\">\r\n\t\t\t\t\t<div class=\"elementor-widget-wrap elementor-element-populated\">\r\n\t\t\t\t\t\t\t\t<div class=\"elementor-element elementor-element-bb3afd5 elementor-widget elementor-widget-image\" data-id=\"bb3afd5\" data-element_type=\"widget\" data-widget_type=\"image.default\">\n\t\t\t\t<div class=\"elementor-widget-container\">\n\t\t\t\t\t\t\t\t\t\t\t\t\t<img loading=\"lazy\" decoding=\"async\" width=\"370\" height=\"243\" src=\"https:\/\/institutoordonez.es\/archivo\/wp-content\/uploads\/2023\/07\/osteopatia-clinica-instituto-ordonez-370x243-1.jpg\" class=\"attachment-large size-large wp-image-2358\" alt=\"\" srcset=\"https:\/\/institutoordonez.es\/archivo\/wp-content\/uploads\/2023\/07\/osteopatia-clinica-instituto-ordonez-370x243-1.jpg 370w, https:\/\/institutoordonez.es\/archivo\/wp-content\/uploads\/2023\/07\/osteopatia-clinica-instituto-ordonez-370x243-1-320x210.jpg 320w, https:\/\/institutoordonez.es\/archivo\/wp-content\/uploads\/2023\/07\/osteopatia-clinica-instituto-ordonez-370x243-1-367x241.jpg 367w\" sizes=\"(max-width: 370px) 100vw, 370px\" \/>\t\t\t\t\t\t\t\t\t\t\t\t\t<\/div>\n\t\t\t\t<\/div>\n\t\t\t\t<div class=\"elementor-element elementor-element-2953477 elementor-widget elementor-widget-text-editor\" data-id=\"2953477\" data-element_type=\"widget\" data-widget_type=\"text-editor.default\">\n\t\t\t\t<div class=\"elementor-widget-container\">\n\t\t\t\t\t\t\t<p><strong>Espalda, Espalda TF, Fisioterapia, Mu\u00f1eca, Mu\u00f1eca TF, Muscular, Muscular TF, Pie, Pie TF, Tratamientos Fisioterapia<\/strong><\/p>\t\t\t\t\t\t<\/div>\n\t\t\t\t<\/div>\n\t\t\t\t<div class=\"elementor-element elementor-element-1f094b1 elementor-widget elementor-widget-heading\" data-id=\"1f094b1\" data-element_type=\"widget\" data-widget_type=\"heading.default\">\n\t\t\t\t<div class=\"elementor-widget-container\">\n\t\t\t<h2 class=\"elementor-heading-title elementor-size-default\">Osteopat\u00eda<\/h2>\t\t<\/div>\n\t\t\t\t<\/div>\n\t\t\t\t\t<\/div>\r\n\t\t\t\t<\/div>\r\n\t\t\t\t<div class=\"elementor-column elementor-col-33 elementor-top-column elementor-element elementor-element-7a18bd1\" data-id=\"7a18bd1\" data-element_type=\"column\">\r\n\t\t\t\t\t<div class=\"elementor-widget-wrap elementor-element-populated\">\r\n\t\t\t\t\t\t\t\t<div class=\"elementor-element elementor-element-8d20a8d elementor-widget elementor-widget-image\" data-id=\"8d20a8d\" data-element_type=\"widget\" data-widget_type=\"image.default\">\n\t\t\t\t<div class=\"elementor-widget-container\">\n\t\t\t\t\t\t\t\t\t\t\t\t\t<img loading=\"lazy\" decoding=\"async\" width=\"370\" height=\"243\" src=\"https:\/\/institutoordonez.es\/archivo\/wp-content\/uploads\/2023\/07\/radiofrecuencia-nervios-perifericos-clinica-instituto-ordonez-2-370x243-4.jpg\" class=\"attachment-large size-large wp-image-2426\" alt=\"\" srcset=\"https:\/\/institutoordonez.es\/archivo\/wp-content\/uploads\/2023\/07\/radiofrecuencia-nervios-perifericos-clinica-instituto-ordonez-2-370x243-4.jpg 370w, https:\/\/institutoordonez.es\/archivo\/wp-content\/uploads\/2023\/07\/radiofrecuencia-nervios-perifericos-clinica-instituto-ordonez-2-370x243-4-320x210.jpg 320w, https:\/\/institutoordonez.es\/archivo\/wp-content\/uploads\/2023\/07\/radiofrecuencia-nervios-perifericos-clinica-instituto-ordonez-2-370x243-4-367x241.jpg 367w\" sizes=\"(max-width: 370px) 100vw, 370px\" \/>\t\t\t\t\t\t\t\t\t\t\t\t\t<\/div>\n\t\t\t\t<\/div>\n\t\t\t\t<div class=\"elementor-element elementor-element-2ebc123 elementor-widget elementor-widget-text-editor\" data-id=\"2ebc123\" data-element_type=\"widget\" data-widget_type=\"text-editor.default\">\n\t\t\t\t<div class=\"elementor-widget-container\">\n\t\t\t\t\t\t\t<p><strong>Cadera, Cadera TF, Codo, Codo TF, Espalda, Espalda P TF, Espalda TF, Fisioterapia, Hombro, Hombro P TF, Hombro TF, Mu\u00f1eca, Mu\u00f1eca TF, Muscular, Muscular P TF, Muscular TF, Pie, Pie TF, Rodilla, Rodilla P TF, Rodilla TF, Tratamientos Fisioterapia<\/strong><\/p>\t\t\t\t\t\t<\/div>\n\t\t\t\t<\/div>\n\t\t\t\t<div class=\"elementor-element elementor-element-13ada16 elementor-widget elementor-widget-heading\" data-id=\"13ada16\" data-element_type=\"widget\" data-widget_type=\"heading.default\">\n\t\t\t\t<div class=\"elementor-widget-container\">\n\t\t\t<h2 class=\"elementor-heading-title elementor-size-default\">Diatermia<\/h2>\t\t<\/div>\n\t\t\t\t<\/div>\n\t\t\t\t\t<\/div>\r\n\t\t\t\t<\/div>\r\n\t\t\t\t<div class=\"elementor-column elementor-col-33 elementor-top-column elementor-element elementor-element-2a3cf72\" data-id=\"2a3cf72\" data-element_type=\"column\">\r\n\t\t\t\t\t<div class=\"elementor-widget-wrap elementor-element-populated\">\r\n\t\t\t\t\t\t\t\t<div class=\"elementor-element elementor-element-f5e4ee0 elementor-widget elementor-widget-image\" data-id=\"f5e4ee0\" data-element_type=\"widget\" data-widget_type=\"image.default\">\n\t\t\t\t<div class=\"elementor-widget-container\">\n\t\t\t\t\t\t\t\t\t\t\t\t\t<img loading=\"lazy\" decoding=\"async\" width=\"370\" height=\"243\" src=\"https:\/\/institutoordonez.es\/archivo\/wp-content\/uploads\/2023\/07\/ep-electrolisis-percutanea-ecoguiada-epaquiles-clinica-instituto-ordonez-370x243-1-1.jpg\" class=\"attachment-large size-large wp-image-2375\" alt=\"\" srcset=\"https:\/\/institutoordonez.es\/archivo\/wp-content\/uploads\/2023\/07\/ep-electrolisis-percutanea-ecoguiada-epaquiles-clinica-instituto-ordonez-370x243-1-1.jpg 370w, https:\/\/institutoordonez.es\/archivo\/wp-content\/uploads\/2023\/07\/ep-electrolisis-percutanea-ecoguiada-epaquiles-clinica-instituto-ordonez-370x243-1-1-320x210.jpg 320w, https:\/\/institutoordonez.es\/archivo\/wp-content\/uploads\/2023\/07\/ep-electrolisis-percutanea-ecoguiada-epaquiles-clinica-instituto-ordonez-370x243-1-1-367x241.jpg 367w\" sizes=\"(max-width: 370px) 100vw, 370px\" \/>\t\t\t\t\t\t\t\t\t\t\t\t\t<\/div>\n\t\t\t\t<\/div>\n\t\t\t\t<div class=\"elementor-element elementor-element-2a61469 elementor-widget elementor-widget-text-editor\" data-id=\"2a61469\" data-element_type=\"widget\" data-widget_type=\"text-editor.default\">\n\t\t\t\t<div class=\"elementor-widget-container\">\n\t\t\t\t\t\t\t<p><strong>Cadera, Cadera P TF, Cadera TF, Codo, Codo P TF, Codo TF, Espalda, Espalda TF, Fisioterapia, Hombro, Hombro P TF, Hombro TF, Mu\u00f1eca, Mu\u00f1eca P TF, Mu\u00f1eca TF, Muscular, Muscular P TF, Muscular TF, Pie, Pie P TF, Pie TF, Rodilla, Rodilla P TF, Rodilla TF, Tratamientos Fisioterapia<\/strong><\/p>\t\t\t\t\t\t<\/div>\n\t\t\t\t<\/div>\n\t\t\t\t<div class=\"elementor-element elementor-element-13e9739 elementor-widget elementor-widget-heading\" data-id=\"13e9739\" data-element_type=\"widget\" data-widget_type=\"heading.default\">\n\t\t\t\t<div class=\"elementor-widget-container\">\n\t\t\t<h2 class=\"elementor-heading-title elementor-size-default\">EP \u2013 Electr\u00f3lisis percut\u00e1nea ecoguiada<\/h2>\t\t<\/div>\n\t\t\t\t<\/div>\n\t\t\t\t\t<\/div>\r\n\t\t\t\t<\/div>\r\n\t\t\t\t\t<\/div>\r\n\t\t\t\t<\/section>\r\n\t\t\t\t<section class=\"elementor-section elementor-top-section elementor-element elementor-element-a3375d1 elementor-section-boxed elementor-section-height-default elementor-section-height-default\" data-id=\"a3375d1\" data-element_type=\"section\">\r\n\t\t\r\n\t\t\t\t\t\t\t<div class=\"elementor-container elementor-column-gap-default\">\r\n\t\t\t\t\t\t\t\t\t\t\t<div class=\"elementor-column elementor-col-33 elementor-top-column elementor-element elementor-element-bb52c21\" data-id=\"bb52c21\" data-element_type=\"column\">\r\n\t\t\t\t\t<div class=\"elementor-widget-wrap elementor-element-populated\">\r\n\t\t\t\t\t\t\t\t<div class=\"elementor-element elementor-element-ca4ca9a elementor-widget elementor-widget-image\" data-id=\"ca4ca9a\" data-element_type=\"widget\" data-widget_type=\"image.default\">\n\t\t\t\t<div class=\"elementor-widget-container\">\n\t\t\t\t\t\t\t\t\t\t\t\t\t<img loading=\"lazy\" decoding=\"async\" width=\"370\" height=\"243\" src=\"https:\/\/institutoordonez.es\/archivo\/wp-content\/uploads\/2023\/07\/laserterapia-clinica-instituto-ordonez-370x243-4.jpg\" class=\"attachment-large size-large wp-image-2391\" alt=\"\" srcset=\"https:\/\/institutoordonez.es\/archivo\/wp-content\/uploads\/2023\/07\/laserterapia-clinica-instituto-ordonez-370x243-4.jpg 370w, https:\/\/institutoordonez.es\/archivo\/wp-content\/uploads\/2023\/07\/laserterapia-clinica-instituto-ordonez-370x243-4-320x210.jpg 320w, https:\/\/institutoordonez.es\/archivo\/wp-content\/uploads\/2023\/07\/laserterapia-clinica-instituto-ordonez-370x243-4-367x241.jpg 367w\" sizes=\"(max-width: 370px) 100vw, 370px\" \/>\t\t\t\t\t\t\t\t\t\t\t\t\t<\/div>\n\t\t\t\t<\/div>\n\t\t\t\t<div class=\"elementor-element elementor-element-3797208 elementor-widget elementor-widget-text-editor\" data-id=\"3797208\" data-element_type=\"widget\" data-widget_type=\"text-editor.default\">\n\t\t\t\t<div class=\"elementor-widget-container\">\n\t\t\t\t\t\t\t<p><strong>Cadera, Cadera TF, Codo, Codo TF, Espalda, Espalda TF, Fisioterapia, Hombro, Hombro TF, Mu\u00f1eca, Mu\u00f1eca P TF, Mu\u00f1eca TF, Muscular, Muscular TF, Pie, Pie TF, Rodilla, Rodilla P TF, Rodilla TF, Tratamientos Fisioterapia<\/strong><\/p>\t\t\t\t\t\t<\/div>\n\t\t\t\t<\/div>\n\t\t\t\t<div class=\"elementor-element elementor-element-a67be8b elementor-widget elementor-widget-heading\" data-id=\"a67be8b\" data-element_type=\"widget\" data-widget_type=\"heading.default\">\n\t\t\t\t<div class=\"elementor-widget-container\">\n\t\t\t<h2 class=\"elementor-heading-title elementor-size-default\">Laserterapia<\/h2>\t\t<\/div>\n\t\t\t\t<\/div>\n\t\t\t\t\t<\/div>\r\n\t\t\t\t<\/div>\r\n\t\t\t\t<div class=\"elementor-column elementor-col-33 elementor-top-column elementor-element elementor-element-8818111\" data-id=\"8818111\" data-element_type=\"column\">\r\n\t\t\t\t\t<div class=\"elementor-widget-wrap\">\r\n\t\t\t\t\t\t\t\t\t<\/div>\r\n\t\t\t\t<\/div>\r\n\t\t\t\t<div class=\"elementor-column elementor-col-33 elementor-top-column elementor-element elementor-element-f7c8359\" data-id=\"f7c8359\" data-element_type=\"column\">\r\n\t\t\t\t\t<div class=\"elementor-widget-wrap\">\r\n\t\t\t\t\t\t\t\t\t<\/div>\r\n\t\t\t\t<\/div>\r\n\t\t\t\t\t<\/div>\r\n\t\t\t\t<\/section>\r\n\t\t\t\t<\/div>\n\t\t","protected":false},"excerpt":{"rendered":"<p>Cadera, Cadera TF, Codo, Codo TF, Espalda, Espalda TF, Fisioterapia, Hombro, Hombro TF, Mu\u00f1eca, Mu\u00f1eca TF, Muscular, Muscular TF, Pie, Pie TF, Rodilla, Rodilla TF, Tratamientos Fisioterapia Electroterapia Cadera, Cadera TF, Codo, Codo TF, Espalda, Espalda P TF, Espalda TF, Fisioterapia, Hombro, Hombro TF, Mu\u00f1eca, Mu\u00f1eca TF, Muscular, Muscular P TF, Muscular TF, Pie, Pie [&hellip;]<\/p>\n","protected":false},"author":1,"featured_media":0,"parent":0,"menu_order":0,"comment_status":"closed","ping_status":"closed","template":"","meta":{"_acf_changed":false,"_monsterinsights_skip_tracking":false,"_monsterinsights_sitenote_active":false,"_monsterinsights_sitenote_note":"","_monsterinsights_sitenote_category":0,"footnotes":""},"class_list":["post-2440","page","type-page","status-publish","hentry"],"acf":[],"aioseo_notices":[],"_links":{"self":[{"href":"https:\/\/institutoordonez.es\/archivo\/wp-json\/wp\/v2\/pages\/2440","targetHints":{"allow":["GET"]}}],"collection":[{"href":"https:\/\/institutoordonez.es\/archivo\/wp-json\/wp\/v2\/pages"}],"about":[{"href":"https:\/\/institutoordonez.es\/archivo\/wp-json\/wp\/v2\/types\/page"}],"author":[{"embeddable":true,"href":"https:\/\/institutoordonez.es\/archivo\/wp-json\/wp\/v2\/users\/1"}],"replies":[{"embeddable":true,"href":"https:\/\/institutoordonez.es\/archivo\/wp-json\/wp\/v2\/comments?post=2440"}],"version-history":[{"count":3,"href":"https:\/\/institutoordonez.es\/archivo\/wp-json\/wp\/v2\/pages\/2440\/revisions"}],"predecessor-version":[{"id":4316,"href":"https:\/\/institutoordonez.es\/archivo\/wp-json\/wp\/v2\/pages\/2440\/revisions\/4316"}],"wp:attachment":[{"href":"https:\/\/institutoordonez.es\/archivo\/wp-json\/wp\/v2\/media?parent=2440"}],"curies":[{"name":"wp","href":"https:\/\/api.w.org\/{rel}","templated":true}]}}