{"id":2636,"date":"2023-07-07T10:12:22","date_gmt":"2023-07-07T10:12:22","guid":{"rendered":"https:\/\/institutoordonez.es\/?page_id=2636"},"modified":"2023-07-07T10:42:27","modified_gmt":"2023-07-07T10:42:27","slug":"bloqueo-facetario","status":"publish","type":"page","link":"https:\/\/institutoordonez.es\/archivo\/bloqueo-facetario\/","title":{"rendered":"Bloqueo facetario"},"content":{"rendered":"\t\t<div data-elementor-type=\"wp-page\" data-elementor-id=\"2636\" class=\"elementor elementor-2636\">\n\t\t\t\t\t\t<section class=\"elementor-section elementor-top-section elementor-element elementor-element-0b8cd5b elementor-section-boxed elementor-section-height-default elementor-section-height-default\" data-id=\"0b8cd5b\" data-element_type=\"section\">\r\n\t\t\r\n\t\t\t\t\t\t\t<div class=\"elementor-container elementor-column-gap-default\">\r\n\t\t\t\t\t\t\t\t\t\t\t<div class=\"elementor-column elementor-col-100 elementor-top-column elementor-element elementor-element-4a0b138\" data-id=\"4a0b138\" data-element_type=\"column\">\r\n\t\t\t\t\t<div class=\"elementor-widget-wrap elementor-element-populated\">\r\n\t\t\t\t\t\t\t\t<section class=\"elementor-section elementor-inner-section elementor-element elementor-element-9820bbb elementor-section-boxed elementor-section-height-default elementor-section-height-default\" data-id=\"9820bbb\" data-element_type=\"section\">\r\n\t\t\r\n\t\t\t\t\t\t\t<div class=\"elementor-container elementor-column-gap-default\">\r\n\t\t\t\t\t\t\t\t\t\t\t<div class=\"elementor-column elementor-col-50 elementor-inner-column elementor-element elementor-element-91fdea8\" data-id=\"91fdea8\" data-element_type=\"column\">\r\n\t\t\t\t\t<div class=\"elementor-widget-wrap elementor-element-populated\">\r\n\t\t\t\t\t\t\t\t<div class=\"elementor-element elementor-element-f24c61f elementor-widget elementor-widget-heading\" data-id=\"f24c61f\" data-element_type=\"widget\" data-widget_type=\"heading.default\">\n\t\t\t\t<div class=\"elementor-widget-container\">\n\t\t\t<style>\/*! elementor - v3.21.0 - 26-05-2024 *\/\n.elementor-heading-title{padding:0;margin:0;line-height:1}.elementor-widget-heading .elementor-heading-title[class*=elementor-size-]>a{color:inherit;font-size:inherit;line-height:inherit}.elementor-widget-heading .elementor-heading-title.elementor-size-small{font-size:15px}.elementor-widget-heading .elementor-heading-title.elementor-size-medium{font-size:19px}.elementor-widget-heading .elementor-heading-title.elementor-size-large{font-size:29px}.elementor-widget-heading .elementor-heading-title.elementor-size-xl{font-size:39px}.elementor-widget-heading .elementor-heading-title.elementor-size-xxl{font-size:59px}<\/style><h2 class=\"elementor-heading-title elementor-size-default\">Bloqueo facetario<\/h2>\t\t<\/div>\n\t\t\t\t<\/div>\n\t\t\t\t<div class=\"elementor-element elementor-element-6b8bcc1 elementor-widget elementor-widget-text-editor\" data-id=\"6b8bcc1\" data-element_type=\"widget\" data-widget_type=\"text-editor.default\">\n\t\t\t\t<div class=\"elementor-widget-container\">\n\t\t\t<style>\/*! elementor - v3.21.0 - 26-05-2024 *\/\n.elementor-widget-text-editor.elementor-drop-cap-view-stacked .elementor-drop-cap{background-color:#69727d;color:#fff}.elementor-widget-text-editor.elementor-drop-cap-view-framed .elementor-drop-cap{color:#69727d;border:3px solid;background-color:transparent}.elementor-widget-text-editor:not(.elementor-drop-cap-view-default) .elementor-drop-cap{margin-top:8px}.elementor-widget-text-editor:not(.elementor-drop-cap-view-default) .elementor-drop-cap-letter{width:1em;height:1em}.elementor-widget-text-editor .elementor-drop-cap{float:left;text-align:center;line-height:1;font-size:50px}.elementor-widget-text-editor .elementor-drop-cap-letter{display:inline-block}<\/style>\t\t\t\t<div id=\"tm-row-64a4a731db3ae\" class=\"vc_row vc_row-outer vc_row-fluid\"><div id=\"tm-column-64a4a731db5f3\" class=\"wpb_column vc_column_container vc_col-sm-12\"><div class=\"vc_column-inner \"><div class=\"wpb_wrapper\"><div class=\"wpb_text_column wpb_content_element \"><div class=\"wpb_wrapper\"><p>El\u00a0<strong>bloqueo facetario\u00a0<\/strong>es una t\u00e9cnica de administraci\u00f3n de medicamentos analg\u00e9sicos en la zona lumbar cuando esta se encuentra en un estado de dolor e inflamaci\u00f3n persistente, que puede limitar la realizaci\u00f3n de tareas f\u00edsicas.<\/p><\/div><\/div><\/div><\/div><\/div><\/div><div id=\"tm-row-64a4a731dc725\" class=\"vc_row vc_row-outer vc_row-fluid\"><div id=\"tm-column-64a4a731dc947\" class=\"wpb_column vc_column_container vc_col-sm-12\"><div class=\"vc_column-inner \"><div class=\"wpb_wrapper\">\u00a0<\/div><\/div><\/div><\/div>\t\t\t\t\t\t<\/div>\n\t\t\t\t<\/div>\n\t\t\t\t\t<\/div>\r\n\t\t\t\t<\/div>\r\n\t\t\t\t<div class=\"elementor-column elementor-col-50 elementor-inner-column elementor-element elementor-element-59ad1d8\" data-id=\"59ad1d8\" data-element_type=\"column\">\r\n\t\t\t\t\t<div class=\"elementor-widget-wrap elementor-element-populated\">\r\n\t\t\t\t\t\t\t\t<div class=\"elementor-element elementor-element-182d445 elementor-widget elementor-widget-image\" data-id=\"182d445\" data-element_type=\"widget\" data-widget_type=\"image.default\">\n\t\t\t\t<div class=\"elementor-widget-container\">\n\t\t\t<style>\/*! elementor - v3.21.0 - 26-05-2024 *\/\n.elementor-widget-image{text-align:center}.elementor-widget-image a{display:inline-block}.elementor-widget-image a img[src$=\".svg\"]{width:48px}.elementor-widget-image img{vertical-align:middle;display:inline-block}<\/style>\t\t\t\t\t\t\t\t\t\t<img fetchpriority=\"high\" decoding=\"async\" width=\"1024\" height=\"517\" src=\"https:\/\/institutoordonez.es\/archivo\/wp-content\/uploads\/2023\/07\/instituto-ordonez-bloqueo-facetario-1024x517.jpg\" class=\"attachment-large size-large wp-image-2651\" alt=\"\" srcset=\"https:\/\/institutoordonez.es\/archivo\/wp-content\/uploads\/2023\/07\/instituto-ordonez-bloqueo-facetario-1024x517.jpg 1024w, https:\/\/institutoordonez.es\/archivo\/wp-content\/uploads\/2023\/07\/instituto-ordonez-bloqueo-facetario-768x388.jpg 768w, https:\/\/institutoordonez.es\/archivo\/wp-content\/uploads\/2023\/07\/instituto-ordonez-bloqueo-facetario-320x162.jpg 320w, https:\/\/institutoordonez.es\/archivo\/wp-content\/uploads\/2023\/07\/instituto-ordonez-bloqueo-facetario-480x242.jpg 480w, https:\/\/institutoordonez.es\/archivo\/wp-content\/uploads\/2023\/07\/instituto-ordonez-bloqueo-facetario-800x404.jpg 800w, https:\/\/institutoordonez.es\/archivo\/wp-content\/uploads\/2023\/07\/instituto-ordonez-bloqueo-facetario-640x323.jpg 640w, https:\/\/institutoordonez.es\/archivo\/wp-content\/uploads\/2023\/07\/instituto-ordonez-bloqueo-facetario-400x202.jpg 400w, https:\/\/institutoordonez.es\/archivo\/wp-content\/uploads\/2023\/07\/instituto-ordonez-bloqueo-facetario-367x185.jpg 367w, https:\/\/institutoordonez.es\/archivo\/wp-content\/uploads\/2023\/07\/instituto-ordonez-bloqueo-facetario-600x303.jpg 600w\" sizes=\"(max-width: 1024px) 100vw, 1024px\" \/>\t\t\t\t\t\t\t\t\t\t\t\t\t<\/div>\n\t\t\t\t<\/div>\n\t\t\t\t\t<\/div>\r\n\t\t\t\t<\/div>\r\n\t\t\t\t\t<\/div>\r\n\t\t\t\t<\/section>\r\n\t\t\t\t\t<\/div>\r\n\t\t\t\t<\/div>\r\n\t\t\t\t\t<\/div>\r\n\t\t\t\t<\/section>\r\n\t\t\t\t<section class=\"elementor-section elementor-top-section elementor-element elementor-element-1cbf475 elementor-section-boxed elementor-section-height-default elementor-section-height-default\" data-id=\"1cbf475\" data-element_type=\"section\">\r\n\t\t\r\n\t\t\t\t\t\t\t<div class=\"elementor-container elementor-column-gap-default\">\r\n\t\t\t\t\t\t\t\t\t\t\t<div class=\"elementor-column elementor-col-100 elementor-top-column elementor-element elementor-element-9693a06\" data-id=\"9693a06\" data-element_type=\"column\">\r\n\t\t\t\t\t<div class=\"elementor-widget-wrap elementor-element-populated\">\r\n\t\t\t\t\t\t\t\t<div class=\"elementor-element elementor-element-8863880 elementor-widget elementor-widget-heading\" data-id=\"8863880\" data-element_type=\"widget\" data-widget_type=\"heading.default\">\n\t\t\t\t<div class=\"elementor-widget-container\">\n\t\t\t<h2 class=\"elementor-heading-title elementor-size-default\">Ventajas y beneficios\n<\/h2>\t\t<\/div>\n\t\t\t\t<\/div>\n\t\t\t\t<div class=\"elementor-element elementor-element-900eb31 elementor-widget elementor-widget-text-editor\" data-id=\"900eb31\" data-element_type=\"widget\" data-widget_type=\"text-editor.default\">\n\t\t\t\t<div class=\"elementor-widget-container\">\n\t\t\t\t\t\t\t<div class=\"list-item\"><div class=\"list-header\"><div class=\"title-wrap\"><ul><li class=\"title\">Seguro. Las inyecciones de estos medicamentos es realizada por personal m\u00e9dico cualificado (anestesista) despu\u00e9s de realizar pruebas por im\u00e1genes m\u00e9dicas, reduciendo as\u00ed a\u00fan m\u00e1s, los riesgos.<\/li><li class=\"title\">Alivio de dolor e inflamaci\u00f3n, s\u00edntomas comunes en los casos de artrosis en las articulaciones de la columna vertebral.<\/li><li class=\"title\">Procedimiento indoloro. Antes de realizar las inyecciones, se aplican anest\u00e9sicos locales para as\u00ed brindar comodidad en el tratamiento y que no sea doloroso.<\/li><li class=\"title\">Efecto duradero. Las sesiones de bloqueo facetario, adem\u00e1s de ser bastante r\u00e1pidas, pueden otorgar disminuci\u00f3n del dolor y la inflamaci\u00f3n de forma duradera por m\u00e1s de un mes.<\/li><\/ul><\/div><\/div><\/div>\t\t\t\t\t\t<\/div>\n\t\t\t\t<\/div>\n\t\t\t\t<div class=\"elementor-element elementor-element-c777ddb elementor-widget elementor-widget-heading\" data-id=\"c777ddb\" data-element_type=\"widget\" data-widget_type=\"heading.default\">\n\t\t\t\t<div class=\"elementor-widget-container\">\n\t\t\t<h2 class=\"elementor-heading-title elementor-size-default\">Definici\u00f3n\n<\/h2>\t\t<\/div>\n\t\t\t\t<\/div>\n\t\t\t\t<div class=\"elementor-element elementor-element-8173cba elementor-widget elementor-widget-text-editor\" data-id=\"8173cba\" data-element_type=\"widget\" data-widget_type=\"text-editor.default\">\n\t\t\t\t<div class=\"elementor-widget-container\">\n\t\t\t\t\t\t\t<p>El\u00a0<strong>bloqueo facetario<\/strong>\u00a0es m\u00e1s una forma de aplicar medicamentos que un tratamiento en s\u00ed. Sin embargo, deber ser realizada por personas capacitadas (anestesistas) para garantizar seguridad. Este procedimiento consiste en realizar\u00a0<strong>infiltraciones de corticoides y anest\u00e9sicos<\/strong>\u00a0en la zona que corresponde a la c\u00e1psula articular de las articulaciones facetarias, en la columna vertebral, por fuera del espacio epidural y el conducto raqu\u00eddeo (por donde discurre la m\u00e9dula espinal), por lo que no existe riesgo de lesionarlos.<\/p><p>Estas inyecciones de medicamentos, o infiltraciones, se realizan posterior a una radiograf\u00eda, la cual dar\u00e1 direcci\u00f3n y precisi\u00f3n a las mismas. Las infiltraciones con corticoides y anest\u00e9sicos en las facetas articulares se realizan dentro de quir\u00f3fanos, para asegurar un ambiente est\u00e9ril y proporcionar soporte al paciente por si este se marea o tiene una disminuci\u00f3n de la tensi\u00f3n arterial. Las sesiones son bastante cortas (duran menos de una hora) y por lo general se indican cada tres o cuatro meses.<\/p>\t\t\t\t\t\t<\/div>\n\t\t\t\t<\/div>\n\t\t\t\t<div class=\"elementor-element elementor-element-7394646 elementor-widget elementor-widget-heading\" data-id=\"7394646\" data-element_type=\"widget\" data-widget_type=\"heading.default\">\n\t\t\t\t<div class=\"elementor-widget-container\">\n\t\t\t<h2 class=\"elementor-heading-title elementor-size-default\">\u00bfPara qu\u00e9 la empleamos en Instituto Ord\u00f3\u00f1ez?\n<\/h2>\t\t<\/div>\n\t\t\t\t<\/div>\n\t\t\t\t<div class=\"elementor-element elementor-element-0bc42ff elementor-widget elementor-widget-text-editor\" data-id=\"0bc42ff\" data-element_type=\"widget\" data-widget_type=\"text-editor.default\">\n\t\t\t\t<div class=\"elementor-widget-container\">\n\t\t\t\t\t\t\t<p>Como es bien sabido, la\u00a0<strong>artrosis<\/strong>\u00a0es un frecuente padecimiento en el que las articulaciones del cuerpo, pierden progresivamente la capacidad de regenerarse o mantenerse y ocasionan dolor e inflamaci\u00f3n cr\u00f3nica. Son muchas las consecuencias de la artrosis (que dependen de la articulaci\u00f3n que afecten), pero las m\u00e1s comunes son la incapacidad para realizar movimientos flexibles.<\/p><p>En algunos casos m\u00e1s graves, la degeneraci\u00f3n del cart\u00edlago puede llegar a un punto tal que existe el riesgo de que estas se rompan ante un movimiento importante. El\u00a0<strong>bloqueo facetario<\/strong>\u00a0ofrece la posibilidad de disminuir las consecuencias negativas que da la artrosis en las articulaciones facetarias en la espalda, como el dolor lumbar y los espasmos musculares (ya que al doler un lado de la espalda, el lado contrario estar\u00e1 sometido a m\u00e1s tensi\u00f3n, lesionando los m\u00fasculos y ligamentos de esa \u00e1rea).<\/p><p>A menudo, el dolor en la espalda es tan grande que puede llegar a irradiarse a otras regiones del cuerpo, como los gl\u00fateos o los muslos. Los deportistas son el grupo de pacientes que m\u00e1s asiste a estos tratamientos, debido al nivel de alivio que proporcionan sin necesidad de tomar largos periodos de reposo.<\/p>\t\t\t\t\t\t<\/div>\n\t\t\t\t<\/div>\n\t\t\t\t<div class=\"elementor-element elementor-element-2b8fb6a elementor-widget elementor-widget-heading\" data-id=\"2b8fb6a\" data-element_type=\"widget\" data-widget_type=\"heading.default\">\n\t\t\t\t<div class=\"elementor-widget-container\">\n\t\t\t<h2 class=\"elementor-heading-title elementor-size-default\">\u00bfPor qu\u00e9 funciona?\n<\/h2>\t\t<\/div>\n\t\t\t\t<\/div>\n\t\t\t\t<div class=\"elementor-element elementor-element-8b8cd95 elementor-widget elementor-widget-text-editor\" data-id=\"8b8cd95\" data-element_type=\"widget\" data-widget_type=\"text-editor.default\">\n\t\t\t\t<div class=\"elementor-widget-container\">\n\t\t\t\t\t\t\t<p>El diagn\u00f3stico por excelencia corresponde al examen f\u00edsico minucioso de la articulaci\u00f3n, para evaluar as\u00ed, la ubicaci\u00f3n de la lesi\u00f3n, el grado y la causa aparente (para ello es clave la entrevista m\u00e9dica).<\/p><p>Sin embargo, no habr\u00e1 un diagn\u00f3stico certero del estado de la articulaci\u00f3n hasta que se utilicen im\u00e1genes m\u00e9dicas como por ejemplo radiograf\u00edas (para evaluar el tejido \u00f3seo), o resonancia magn\u00e9tica nuclear.<\/p>\t\t\t\t\t\t<\/div>\n\t\t\t\t<\/div>\n\t\t\t\t<div class=\"elementor-element elementor-element-29c3411 elementor-widget elementor-widget-heading\" data-id=\"29c3411\" data-element_type=\"widget\" data-widget_type=\"heading.default\">\n\t\t\t\t<div class=\"elementor-widget-container\">\n\t\t\t<h2 class=\"elementor-heading-title elementor-size-default\">Tratamiento\n<\/h2>\t\t<\/div>\n\t\t\t\t<\/div>\n\t\t\t\t<div class=\"elementor-element elementor-element-423395c elementor-widget elementor-widget-text-editor\" data-id=\"423395c\" data-element_type=\"widget\" data-widget_type=\"text-editor.default\">\n\t\t\t\t<div class=\"elementor-widget-container\">\n\t\t\t\t\t\t\t<div class=\"wpb_text_column wpb_content_element \"><div class=\"wpb_wrapper\"><p>El ejercicio f\u00edsico constante, a manera preventiva, mantiene estable el funcionamiento articular a trav\u00e9s del paso del tiempo.<\/p><p>Cuando los signos y s\u00edntomas de la artrosis de cadera comienzan a ser evidentes se hace necesario el uso de fisioterapia. El uso de bastones ayuda a distribuir mejor el peso corporal, disminuyendo la presi\u00f3n sobre la articulaci\u00f3n afectada.<\/p><p>El dolor y la inflamaci\u00f3n pueden reducirse farmacol\u00f3gicamente con el uso de analg\u00e9sicos o antiinflamatorios no esteroideos bien de forma oral o inyectados de forma intraartticular al igual que inyecciones de \u00e1cido hialur\u00f3nico para lubricar la articulaci\u00f3n disminuyendo as\u00ed la inflamaci\u00f3n.<\/p><p>La medicina regenerativa con el tratamiento con c\u00e9lulas madre mesenquimales derivadas de tejido adiposo son un gran avance en esta enfermedad frenando y disminuyendo los s\u00edntomas de una forma eficaz.<\/p><p>La cirug\u00eda correctiva de cadera, con o sin implantaci\u00f3n de pr\u00f3tesis, es el tratamiento m\u00e1s efectivo, aunque conlleva un tiempo de recuperaci\u00f3n y riesgos l\u00f3gicos de la cirug\u00eda.<\/p><\/div><\/div>\t\t\t\t\t\t<\/div>\n\t\t\t\t<\/div>\n\t\t\t\t\t<\/div>\r\n\t\t\t\t<\/div>\r\n\t\t\t\t\t<\/div>\r\n\t\t\t\t<\/section>\r\n\t\t\t\t<\/div>\n\t\t","protected":false},"excerpt":{"rendered":"<p>Bloqueo facetario El\u00a0bloqueo facetario\u00a0es una t\u00e9cnica de administraci\u00f3n de medicamentos analg\u00e9sicos en la zona lumbar cuando esta se encuentra en un estado de dolor e inflamaci\u00f3n persistente, que puede limitar la realizaci\u00f3n de tareas f\u00edsicas. \u00a0 Ventajas y beneficios Seguro. Las inyecciones de estos medicamentos es realizada por personal m\u00e9dico cualificado (anestesista) despu\u00e9s de realizar [&hellip;]<\/p>\n","protected":false},"author":1,"featured_media":0,"parent":0,"menu_order":0,"comment_status":"closed","ping_status":"closed","template":"","meta":{"_acf_changed":false,"_monsterinsights_skip_tracking":false,"_monsterinsights_sitenote_active":false,"_monsterinsights_sitenote_note":"","_monsterinsights_sitenote_category":0,"footnotes":""},"class_list":["post-2636","page","type-page","status-publish","hentry"],"acf":[],"aioseo_notices":[],"_links":{"self":[{"href":"https:\/\/institutoordonez.es\/archivo\/wp-json\/wp\/v2\/pages\/2636","targetHints":{"allow":["GET"]}}],"collection":[{"href":"https:\/\/institutoordonez.es\/archivo\/wp-json\/wp\/v2\/pages"}],"about":[{"href":"https:\/\/institutoordonez.es\/archivo\/wp-json\/wp\/v2\/types\/page"}],"author":[{"embeddable":true,"href":"https:\/\/institutoordonez.es\/archivo\/wp-json\/wp\/v2\/users\/1"}],"replies":[{"embeddable":true,"href":"https:\/\/institutoordonez.es\/archivo\/wp-json\/wp\/v2\/comments?post=2636"}],"version-history":[{"count":0,"href":"https:\/\/institutoordonez.es\/archivo\/wp-json\/wp\/v2\/pages\/2636\/revisions"}],"wp:attachment":[{"href":"https:\/\/institutoordonez.es\/archivo\/wp-json\/wp\/v2\/media?parent=2636"}],"curies":[{"name":"wp","href":"https:\/\/api.w.org\/{rel}","templated":true}]}}