{"id":2770,"date":"2023-07-07T12:42:09","date_gmt":"2023-07-07T12:42:09","guid":{"rendered":"https:\/\/institutoordonez.es\/?page_id=2770"},"modified":"2023-07-07T12:45:00","modified_gmt":"2023-07-07T12:45:00","slug":"magnetoterapia","status":"publish","type":"page","link":"https:\/\/institutoordonez.es\/archivo\/magnetoterapia\/","title":{"rendered":"Magnetoterapia"},"content":{"rendered":"\t\t<div data-elementor-type=\"wp-page\" data-elementor-id=\"2770\" class=\"elementor elementor-2770\">\n\t\t\t\t\t\t<section class=\"elementor-section elementor-top-section elementor-element elementor-element-be59f30 elementor-section-boxed elementor-section-height-default elementor-section-height-default\" data-id=\"be59f30\" data-element_type=\"section\">\r\n\t\t\r\n\t\t\t\t\t\t\t<div class=\"elementor-container elementor-column-gap-default\">\r\n\t\t\t\t\t\t\t\t\t\t\t<div class=\"elementor-column elementor-col-100 elementor-top-column elementor-element elementor-element-c154a84\" data-id=\"c154a84\" data-element_type=\"column\">\r\n\t\t\t\t\t<div class=\"elementor-widget-wrap elementor-element-populated\">\r\n\t\t\t\t\t\t\t\t<section class=\"elementor-section elementor-inner-section elementor-element elementor-element-c0d1197 elementor-section-boxed elementor-section-height-default elementor-section-height-default\" data-id=\"c0d1197\" data-element_type=\"section\">\r\n\t\t\r\n\t\t\t\t\t\t\t<div class=\"elementor-container elementor-column-gap-default\">\r\n\t\t\t\t\t\t\t\t\t\t\t<div class=\"elementor-column elementor-col-50 elementor-inner-column elementor-element elementor-element-182cae3\" data-id=\"182cae3\" data-element_type=\"column\">\r\n\t\t\t\t\t<div class=\"elementor-widget-wrap elementor-element-populated\">\r\n\t\t\t\t\t\t\t\t<div class=\"elementor-element elementor-element-1c13a18 elementor-widget elementor-widget-heading\" data-id=\"1c13a18\" data-element_type=\"widget\" data-widget_type=\"heading.default\">\n\t\t\t\t<div class=\"elementor-widget-container\">\n\t\t\t<style>\/*! elementor - v3.21.0 - 26-05-2024 *\/\n.elementor-heading-title{padding:0;margin:0;line-height:1}.elementor-widget-heading .elementor-heading-title[class*=elementor-size-]>a{color:inherit;font-size:inherit;line-height:inherit}.elementor-widget-heading .elementor-heading-title.elementor-size-small{font-size:15px}.elementor-widget-heading .elementor-heading-title.elementor-size-medium{font-size:19px}.elementor-widget-heading .elementor-heading-title.elementor-size-large{font-size:29px}.elementor-widget-heading .elementor-heading-title.elementor-size-xl{font-size:39px}.elementor-widget-heading .elementor-heading-title.elementor-size-xxl{font-size:59px}<\/style><h2 class=\"elementor-heading-title elementor-size-default\">Magnetoterapia\n<\/h2>\t\t<\/div>\n\t\t\t\t<\/div>\n\t\t\t\t<div class=\"elementor-element elementor-element-2a8ab45 elementor-widget elementor-widget-text-editor\" data-id=\"2a8ab45\" data-element_type=\"widget\" data-widget_type=\"text-editor.default\">\n\t\t\t\t<div class=\"elementor-widget-container\">\n\t\t\t<style>\/*! elementor - v3.21.0 - 26-05-2024 *\/\n.elementor-widget-text-editor.elementor-drop-cap-view-stacked .elementor-drop-cap{background-color:#69727d;color:#fff}.elementor-widget-text-editor.elementor-drop-cap-view-framed .elementor-drop-cap{color:#69727d;border:3px solid;background-color:transparent}.elementor-widget-text-editor:not(.elementor-drop-cap-view-default) .elementor-drop-cap{margin-top:8px}.elementor-widget-text-editor:not(.elementor-drop-cap-view-default) .elementor-drop-cap-letter{width:1em;height:1em}.elementor-widget-text-editor .elementor-drop-cap{float:left;text-align:center;line-height:1;font-size:50px}.elementor-widget-text-editor .elementor-drop-cap-letter{display:inline-block}<\/style>\t\t\t\t<div id=\"tm-row-64a4a731db3ae\" class=\"vc_row vc_row-outer vc_row-fluid\"><div id=\"tm-column-64a4a731db5f3\" class=\"wpb_column vc_column_container vc_col-sm-12\"><div class=\"vc_column-inner \"><div class=\"wpb_wrapper\"><div class=\"wpb_text_column wpb_content_element \"><div class=\"wpb_wrapper\"><div id=\"tm-row-64a46df8aaefe\" class=\"vc_row vc_row-outer vc_row-fluid\"><div id=\"tm-column-64a46df8ab12b\" class=\"wpb_column vc_column_container vc_col-sm-12\"><div class=\"vc_column-inner \"><div class=\"wpb_wrapper\"><div class=\"wpb_text_column wpb_content_element \"><div class=\"wpb_wrapper\"><div id=\"tm-row-64a49d932a218\" class=\"vc_row vc_row-outer vc_row-fluid\"><div id=\"tm-column-64a49d932a485\" class=\"wpb_column vc_column_container vc_col-sm-12\"><div class=\"vc_column-inner \"><div class=\"wpb_wrapper\"><div class=\"wpb_text_column wpb_content_element \"><div class=\"wpb_wrapper\"><div id=\"tm-row-64a4b8114ca62\" class=\"vc_row vc_row-outer vc_row-fluid\"><div id=\"tm-column-64a4b8114cc8d\" class=\"wpb_column vc_column_container vc_col-sm-12\"><div class=\"vc_column-inner \"><div class=\"wpb_wrapper\"><div class=\"wpb_text_column wpb_content_element \"><div class=\"wpb_wrapper\"><div id=\"tm-row-64a52b8a71ee4\" class=\"vc_row vc_row-outer vc_row-fluid\"><div id=\"tm-column-64a52b8a7210d\" class=\"wpb_column vc_column_container vc_col-sm-12\"><div class=\"vc_column-inner \"><div class=\"wpb_wrapper\"><div class=\"wpb_text_column wpb_content_element \"><div class=\"wpb_wrapper\"><div id=\"tm-row-64a51fe8bb11b\" class=\"vc_row vc_row-outer vc_row-fluid\"><div id=\"tm-column-64a51fe8bb347\" class=\"wpb_column vc_column_container vc_col-sm-12\"><div class=\"vc_column-inner \"><div class=\"wpb_wrapper\"><div class=\"wpb_text_column wpb_content_element \"><div class=\"wpb_wrapper\"><div id=\"tm-row-64a529fda3c40\" class=\"vc_row vc_row-outer vc_row-fluid\"><div id=\"tm-column-64a529fda3e68\" class=\"wpb_column vc_column_container vc_col-sm-12\"><div class=\"vc_column-inner \"><div class=\"wpb_wrapper\"><div class=\"wpb_text_column wpb_content_element \"><div class=\"wpb_wrapper\"><div id=\"tm-row-64a693b3b1166\" class=\"vc_row vc_row-outer vc_row-fluid\"><div id=\"tm-column-64a693b3b13b1\" class=\"wpb_column vc_column_container vc_col-sm-12\"><div class=\"vc_column-inner \"><div class=\"wpb_wrapper\"><div class=\"wpb_text_column wpb_content_element \"><div class=\"wpb_wrapper\"><p>La magnetoterapia es un tratamiento que ayuda en la recuperaci\u00f3n de los tejidos con el uso de campos magn\u00e9ticos inducidos.<\/p><\/div><\/div><\/div><\/div><\/div><\/div><div id=\"tm-row-64a693b3b6dc7\" class=\"vc_row vc_row-outer vc_row-fluid\"><div id=\"tm-column-64a693b3b705d\" class=\"wpb_column vc_column_container vc_col-sm-12\"><div class=\"vc_column-inner \"><div class=\"wpb_wrapper\">\u00a0<\/div><\/div><\/div><\/div><\/div><\/div><\/div><\/div><\/div><\/div><div id=\"tm-row-64a529fda4b53\" class=\"vc_row vc_row-outer vc_row-fluid\"><div id=\"tm-column-64a529fda4dc4\" class=\"wpb_column vc_column_container vc_col-sm-12\"><div class=\"vc_column-inner \"><div class=\"wpb_wrapper\">\u00a0<\/div><\/div><\/div><\/div><\/div><\/div><\/div><\/div><\/div><\/div><\/div><\/div><\/div><\/div><\/div><\/div><\/div><\/div><\/div><\/div><\/div><\/div><\/div><\/div><\/div><\/div><\/div><\/div><\/div><\/div><\/div><\/div><\/div><\/div><\/div><\/div><\/div><\/div><\/div><\/div>\t\t\t\t\t\t<\/div>\n\t\t\t\t<\/div>\n\t\t\t\t\t<\/div>\r\n\t\t\t\t<\/div>\r\n\t\t\t\t<div class=\"elementor-column elementor-col-50 elementor-inner-column elementor-element elementor-element-c9117ff\" data-id=\"c9117ff\" data-element_type=\"column\">\r\n\t\t\t\t\t<div class=\"elementor-widget-wrap elementor-element-populated\">\r\n\t\t\t\t\t\t\t\t<div class=\"elementor-element elementor-element-c7b54a4 elementor-widget elementor-widget-image\" data-id=\"c7b54a4\" data-element_type=\"widget\" data-widget_type=\"image.default\">\n\t\t\t\t<div class=\"elementor-widget-container\">\n\t\t\t<style>\/*! elementor - v3.21.0 - 26-05-2024 *\/\n.elementor-widget-image{text-align:center}.elementor-widget-image a{display:inline-block}.elementor-widget-image a img[src$=\".svg\"]{width:48px}.elementor-widget-image img{vertical-align:middle;display:inline-block}<\/style>\t\t\t\t\t\t\t\t\t\t<img fetchpriority=\"high\" decoding=\"async\" width=\"770\" height=\"480\" src=\"https:\/\/institutoordonez.es\/archivo\/wp-content\/uploads\/2023\/07\/magnetoterapia-clinica-instituto-ordonez-770x480-1.jpg\" class=\"attachment-large size-large wp-image-2772\" alt=\"\" srcset=\"https:\/\/institutoordonez.es\/archivo\/wp-content\/uploads\/2023\/07\/magnetoterapia-clinica-instituto-ordonez-770x480-1.jpg 770w, https:\/\/institutoordonez.es\/archivo\/wp-content\/uploads\/2023\/07\/magnetoterapia-clinica-instituto-ordonez-770x480-1-768x479.jpg 768w, https:\/\/institutoordonez.es\/archivo\/wp-content\/uploads\/2023\/07\/magnetoterapia-clinica-instituto-ordonez-770x480-1-320x199.jpg 320w, https:\/\/institutoordonez.es\/archivo\/wp-content\/uploads\/2023\/07\/magnetoterapia-clinica-instituto-ordonez-770x480-1-480x299.jpg 480w, https:\/\/institutoordonez.es\/archivo\/wp-content\/uploads\/2023\/07\/magnetoterapia-clinica-instituto-ordonez-770x480-1-640x399.jpg 640w, https:\/\/institutoordonez.es\/archivo\/wp-content\/uploads\/2023\/07\/magnetoterapia-clinica-instituto-ordonez-770x480-1-400x249.jpg 400w, https:\/\/institutoordonez.es\/archivo\/wp-content\/uploads\/2023\/07\/magnetoterapia-clinica-instituto-ordonez-770x480-1-367x229.jpg 367w, https:\/\/institutoordonez.es\/archivo\/wp-content\/uploads\/2023\/07\/magnetoterapia-clinica-instituto-ordonez-770x480-1-600x374.jpg 600w\" sizes=\"(max-width: 770px) 100vw, 770px\" \/>\t\t\t\t\t\t\t\t\t\t\t\t\t<\/div>\n\t\t\t\t<\/div>\n\t\t\t\t\t<\/div>\r\n\t\t\t\t<\/div>\r\n\t\t\t\t\t<\/div>\r\n\t\t\t\t<\/section>\r\n\t\t\t\t\t<\/div>\r\n\t\t\t\t<\/div>\r\n\t\t\t\t\t<\/div>\r\n\t\t\t\t<\/section>\r\n\t\t\t\t<section class=\"elementor-section elementor-top-section elementor-element elementor-element-daf5f8e elementor-section-boxed elementor-section-height-default elementor-section-height-default\" data-id=\"daf5f8e\" data-element_type=\"section\">\r\n\t\t\r\n\t\t\t\t\t\t\t<div class=\"elementor-container elementor-column-gap-default\">\r\n\t\t\t\t\t\t\t\t\t\t\t<div class=\"elementor-column elementor-col-100 elementor-top-column elementor-element elementor-element-b2fb311\" data-id=\"b2fb311\" data-element_type=\"column\">\r\n\t\t\t\t\t<div class=\"elementor-widget-wrap elementor-element-populated\">\r\n\t\t\t\t\t\t\t\t<div class=\"elementor-element elementor-element-81891dd elementor-widget elementor-widget-heading\" data-id=\"81891dd\" data-element_type=\"widget\" data-widget_type=\"heading.default\">\n\t\t\t\t<div class=\"elementor-widget-container\">\n\t\t\t<h2 class=\"elementor-heading-title elementor-size-default\">Ventajas y beneficios\n<\/h2>\t\t<\/div>\n\t\t\t\t<\/div>\n\t\t\t\t<div class=\"elementor-element elementor-element-3faa121 elementor-widget elementor-widget-text-editor\" data-id=\"3faa121\" data-element_type=\"widget\" data-widget_type=\"text-editor.default\">\n\t\t\t\t<div class=\"elementor-widget-container\">\n\t\t\t\t\t\t\t<div class=\"list-item\"><div class=\"list-header\"><div class=\"title-wrap\"><div class=\"list-item\"><div class=\"list-header\"><div class=\"title-wrap\"><div class=\"list-item\"><div class=\"list-header\"><div id=\"tm-list-64a507de933f1\" class=\"tm-list style-check tm-animation move-up animate\"><div class=\"list-item\"><div class=\"list-header\"><div class=\"title-wrap\"><div class=\"list-item\"><div class=\"list-header\"><div class=\"list-item\"><div class=\"list-header\"><ul><li class=\"marker\">Disminuci\u00f3n del dolor y la inflamaci\u00f3n de los m\u00fasculos, tendones y articulaci\u00f3n causada por uso excesivo.<\/li><li class=\"marker\">Regeneraci\u00f3n de tejidos con el aumento de nutrientes disponibles y de la proliferaci\u00f3n de las c\u00e9lulas.<\/li><li class=\"marker\">Aumento del paso de la sangre hacia los tejidos perif\u00e9ricos por vasodilataci\u00f3n de las venas y arterias, disminuyendo los niveles de productos de desecho metab\u00f3licos como el di\u00f3xido de carbono.<\/li><li class=\"marker\">Relajaci\u00f3n de m\u00fasculos por el aumento de la nutrici\u00f3n de los m\u00fasculos y la eliminaci\u00f3n de sustancias que producen dolor, como en el caso del \u00e1cido l\u00e1ctico (que se produce en situaciones de ejercicio intenso).<\/li><li class=\"marker\">Recuperaci\u00f3n de fracturas \u00f3sea. La magnetoterapia ha demostrado ayudar con la aceleraci\u00f3n del proceso de cicatrizaci\u00f3n \u00f3sea tras una fractura.<\/li><\/ul><\/div><\/div><\/div><\/div><\/div><\/div><\/div><\/div><\/div><\/div><\/div><\/div><\/div><\/div><\/div><\/div>\t\t\t\t\t\t<\/div>\n\t\t\t\t<\/div>\n\t\t\t\t<div class=\"elementor-element elementor-element-c94b20e elementor-widget elementor-widget-heading\" data-id=\"c94b20e\" data-element_type=\"widget\" data-widget_type=\"heading.default\">\n\t\t\t\t<div class=\"elementor-widget-container\">\n\t\t\t<h2 class=\"elementor-heading-title elementor-size-default\">Definici\u00f3n\n<\/h2>\t\t<\/div>\n\t\t\t\t<\/div>\n\t\t\t\t<div class=\"elementor-element elementor-element-2f8357b elementor-widget elementor-widget-text-editor\" data-id=\"2f8357b\" data-element_type=\"widget\" data-widget_type=\"text-editor.default\">\n\t\t\t\t<div class=\"elementor-widget-container\">\n\t\t\t\t\t\t\t<div id=\"tm-row-64a52b8a73b2e\" class=\"vc_row vc_row-outer vc_row-fluid\"><div id=\"tm-column-64a52b8a73d3d\" class=\"wpb_column vc_column_container vc_col-sm-12\"><div class=\"vc_column-inner \"><div class=\"wpb_wrapper\"><div class=\"wpb_text_column wpb_content_element \"><div class=\"wpb_wrapper\"><div id=\"tm-row-64a529fda5821\" class=\"vc_row vc_row-outer vc_row-fluid\"><div id=\"tm-column-64a529fda5a29\" class=\"wpb_column vc_column_container vc_col-sm-12\"><div class=\"vc_column-inner \"><div class=\"wpb_wrapper\"><div class=\"wpb_text_column wpb_content_element \"><div class=\"wpb_wrapper\"><p>La magnetoterapia es un tratamiento de fisioterapia que busca, a trav\u00e9s de la inducci\u00f3n de ondas magn\u00e9ticas en ciertas \u00e1reas del cuerpo, aumentar el flujo sangu\u00edneo y estimular la nutrici\u00f3n de los tejidos hasta alcanzar un equilibrio bioqu\u00edmico en las c\u00e9lulas. Esta pr\u00e1ctica es considerada como un tratamiento dentro de la fisioterapia, sin embargo, progresivamente se van perfeccionado sus aplicaciones en m\u00e1s enfermedades con el uso de aparatos el\u00e9ctricos cada vez m\u00e1s sensibles. La magnetoterapia consiste en introducir la zona del cuerpo afectada dentro del aparato el\u00e9ctrico, generalmente es usado en extremidades como los brazos y piernas, por tiempo variable. El procedimiento es completamente indoloro y le permite al paciente relajarse mientras se le es practicado. La valoraci\u00f3n inicial por el fisioterapeuta es elemental, para comprender las necesidades espec\u00edficas del paciente. Las sesiones suelen ser inter diarias por al menos 10 antes de comenzar a ver resultados.<\/p><\/div><\/div><\/div><\/div><\/div><\/div><\/div><\/div><\/div><\/div><\/div><\/div>\t\t\t\t\t\t<\/div>\n\t\t\t\t<\/div>\n\t\t\t\t<div class=\"elementor-element elementor-element-e462cc0 elementor-widget elementor-widget-heading\" data-id=\"e462cc0\" data-element_type=\"widget\" data-widget_type=\"heading.default\">\n\t\t\t\t<div class=\"elementor-widget-container\">\n\t\t\t<h2 class=\"elementor-heading-title elementor-size-default\">\u00bfPara qu\u00e9 la empleamos en Instituto Ord\u00f3\u00f1ez?\n<\/h2>\t\t<\/div>\n\t\t\t\t<\/div>\n\t\t\t\t<div class=\"elementor-element elementor-element-e2b32e5 elementor-widget elementor-widget-text-editor\" data-id=\"e2b32e5\" data-element_type=\"widget\" data-widget_type=\"text-editor.default\">\n\t\t\t\t<div class=\"elementor-widget-container\">\n\t\t\t\t\t\t\t<div class=\"wpb_text_column wpb_content_element \"><div class=\"wpb_wrapper\"><div class=\"wpb_text_column wpb_content_element \"><div class=\"wpb_wrapper\"><div class=\"wpb_text_column wpb_content_element \"><div class=\"wpb_wrapper\"><p>Este tratamiento permite su aplicaci\u00f3n complementaria con otras pr\u00e1cticas f\u00edsicas en una amplia gama de patolog\u00edas diferentes, que van desde el dolor localizado y procesos inflamatorios (en m\u00fasculos y articulaciones de espalda, cuello, brazos, piernas, hombros, cadera, tobillos), en procesos degenerativos del hueso (osteoporosis) y tendones (tendinopat\u00edas), y cualquier otro proceso que involucre da\u00f1o e los tejidos. La magnetoterapia puede ayudar en la regeneraci\u00f3n de los tejidos causados por baja perfusi\u00f3n sangu\u00ednea o drenaje linf\u00e1tico. Uno de las aplicaciones m\u00e1s importantes de la magnetoterapia se relaciona con el asombroso efecto positivo sobre fracturas \u00f3seas, las sesiones de tratamiento pueden llevarse a cabo incluso a trav\u00e9s de las inmovilizaciones como los yesos quir\u00fargicos o pr\u00f3tesis ortop\u00e9dicas para corregir fracturas. Tambi\u00e9n ha sido reportados efectos analg\u00e9sicos e inflamatorios en otras zonas, incluso distantes del sitio de aplicaci\u00f3n, demostrando as\u00ed, la magnetoterapia puede generar efectos positivos a nivel sist\u00e9mico.<\/p><\/div><\/div><\/div><\/div><\/div><\/div>\t\t\t\t\t\t<\/div>\n\t\t\t\t<\/div>\n\t\t\t\t<div class=\"elementor-element elementor-element-989a9d3 elementor-widget elementor-widget-heading\" data-id=\"989a9d3\" data-element_type=\"widget\" data-widget_type=\"heading.default\">\n\t\t\t\t<div class=\"elementor-widget-container\">\n\t\t\t<h2 class=\"elementor-heading-title elementor-size-default\">\u00bfPor qu\u00e9 funciona?\n<\/h2>\t\t<\/div>\n\t\t\t\t<\/div>\n\t\t\t\t<div class=\"elementor-element elementor-element-162726d elementor-widget elementor-widget-text-editor\" data-id=\"162726d\" data-element_type=\"widget\" data-widget_type=\"text-editor.default\">\n\t\t\t\t<div class=\"elementor-widget-container\">\n\t\t\t\t\t\t\t<div class=\"wpb_text_column wpb_content_element \"><div class=\"wpb_wrapper\"><div class=\"wpb_text_column wpb_content_element \"><div class=\"wpb_wrapper\"><div class=\"wpb_text_column wpb_content_element \"><div class=\"wpb_wrapper\"><p>La magnetoterapia funciona gracias a la gran cantidad de sustancias i\u00f3nicas que conforman los tejidos a nivel sub celular y que, responden ante esta \u201cintroducci\u00f3n\u201d de ondas magn\u00e9ticas de baja frecuencia (1 \u2013 100 Hz) pero alta intensidad produciendo cambios bioqu\u00edmicos favorables como la estimulaci\u00f3n de la bomba sodio y potasio ATPasa (que mantiene en equilibrio estos minerales en el interior y el exterior de la c\u00e9lulas) y la estimulaci\u00f3n de la actividad mitocondrial; ambos cambios acarrean el aumento de la producci\u00f3n de energ\u00eda en la c\u00e9lula, necesaria para los procesos de s\u00edntesis de prote\u00ednas y multiplicaci\u00f3n celular. Por ende, el recambio de los tejidos ser\u00e1 m\u00e1s productivo y eficiente, justo lo que se necesita en casos de procesos de cicatrizaci\u00f3n, fracturas \u00f3seas o isquemia muscular.<\/p><\/div><\/div><\/div><\/div><\/div><\/div>\t\t\t\t\t\t<\/div>\n\t\t\t\t<\/div>\n\t\t\t\t\t<\/div>\r\n\t\t\t\t<\/div>\r\n\t\t\t\t\t<\/div>\r\n\t\t\t\t<\/section>\r\n\t\t\t\t<\/div>\n\t\t","protected":false},"excerpt":{"rendered":"<p>Magnetoterapia La magnetoterapia es un tratamiento que ayuda en la recuperaci\u00f3n de los tejidos con el uso de campos magn\u00e9ticos inducidos. \u00a0\u00a0 Ventajas y beneficios Disminuci\u00f3n del dolor y la inflamaci\u00f3n de los m\u00fasculos, tendones y articulaci\u00f3n causada por uso excesivo. Regeneraci\u00f3n de tejidos con el aumento de nutrientes disponibles y de la proliferaci\u00f3n de [&hellip;]<\/p>\n","protected":false},"author":1,"featured_media":0,"parent":0,"menu_order":0,"comment_status":"closed","ping_status":"closed","template":"","meta":{"_acf_changed":false,"_monsterinsights_skip_tracking":false,"_monsterinsights_sitenote_active":false,"_monsterinsights_sitenote_note":"","_monsterinsights_sitenote_category":0,"footnotes":""},"class_list":["post-2770","page","type-page","status-publish","hentry"],"acf":[],"aioseo_notices":[],"_links":{"self":[{"href":"https:\/\/institutoordonez.es\/archivo\/wp-json\/wp\/v2\/pages\/2770","targetHints":{"allow":["GET"]}}],"collection":[{"href":"https:\/\/institutoordonez.es\/archivo\/wp-json\/wp\/v2\/pages"}],"about":[{"href":"https:\/\/institutoordonez.es\/archivo\/wp-json\/wp\/v2\/types\/page"}],"author":[{"embeddable":true,"href":"https:\/\/institutoordonez.es\/archivo\/wp-json\/wp\/v2\/users\/1"}],"replies":[{"embeddable":true,"href":"https:\/\/institutoordonez.es\/archivo\/wp-json\/wp\/v2\/comments?post=2770"}],"version-history":[{"count":0,"href":"https:\/\/institutoordonez.es\/archivo\/wp-json\/wp\/v2\/pages\/2770\/revisions"}],"wp:attachment":[{"href":"https:\/\/institutoordonez.es\/archivo\/wp-json\/wp\/v2\/media?parent=2770"}],"curies":[{"name":"wp","href":"https:\/\/api.w.org\/{rel}","templated":true}]}}