{"id":2778,"date":"2023-07-07T12:50:49","date_gmt":"2023-07-07T12:50:49","guid":{"rendered":"https:\/\/institutoordonez.es\/?page_id=2778"},"modified":"2023-07-07T12:54:25","modified_gmt":"2023-07-07T12:54:25","slug":"cupping","status":"publish","type":"page","link":"https:\/\/institutoordonez.es\/archivo\/cupping\/","title":{"rendered":"Cupping"},"content":{"rendered":"\t\t<div data-elementor-type=\"wp-page\" data-elementor-id=\"2778\" class=\"elementor elementor-2778\">\n\t\t\t\t\t\t<section class=\"elementor-section elementor-top-section elementor-element elementor-element-98031a8 elementor-section-boxed elementor-section-height-default elementor-section-height-default\" data-id=\"98031a8\" data-element_type=\"section\">\r\n\t\t\r\n\t\t\t\t\t\t\t<div class=\"elementor-container elementor-column-gap-default\">\r\n\t\t\t\t\t\t\t\t\t\t\t<div class=\"elementor-column elementor-col-100 elementor-top-column elementor-element elementor-element-31a1ae7\" data-id=\"31a1ae7\" data-element_type=\"column\">\r\n\t\t\t\t\t<div class=\"elementor-widget-wrap elementor-element-populated\">\r\n\t\t\t\t\t\t\t\t<section class=\"elementor-section elementor-inner-section elementor-element elementor-element-f9c848a elementor-section-boxed elementor-section-height-default elementor-section-height-default\" data-id=\"f9c848a\" data-element_type=\"section\">\r\n\t\t\r\n\t\t\t\t\t\t\t<div class=\"elementor-container elementor-column-gap-default\">\r\n\t\t\t\t\t\t\t\t\t\t\t<div class=\"elementor-column elementor-col-50 elementor-inner-column elementor-element elementor-element-e646a65\" data-id=\"e646a65\" data-element_type=\"column\">\r\n\t\t\t\t\t<div class=\"elementor-widget-wrap elementor-element-populated\">\r\n\t\t\t\t\t\t\t\t<div class=\"elementor-element elementor-element-b2a1b95 elementor-widget elementor-widget-heading\" data-id=\"b2a1b95\" data-element_type=\"widget\" data-widget_type=\"heading.default\">\n\t\t\t\t<div class=\"elementor-widget-container\">\n\t\t\t<style>\/*! elementor - v3.21.0 - 26-05-2024 *\/\n.elementor-heading-title{padding:0;margin:0;line-height:1}.elementor-widget-heading .elementor-heading-title[class*=elementor-size-]>a{color:inherit;font-size:inherit;line-height:inherit}.elementor-widget-heading .elementor-heading-title.elementor-size-small{font-size:15px}.elementor-widget-heading .elementor-heading-title.elementor-size-medium{font-size:19px}.elementor-widget-heading .elementor-heading-title.elementor-size-large{font-size:29px}.elementor-widget-heading .elementor-heading-title.elementor-size-xl{font-size:39px}.elementor-widget-heading .elementor-heading-title.elementor-size-xxl{font-size:59px}<\/style><h2 class=\"elementor-heading-title elementor-size-default\">Cupping<\/h2>\t\t<\/div>\n\t\t\t\t<\/div>\n\t\t\t\t<div class=\"elementor-element elementor-element-202e68e elementor-widget elementor-widget-text-editor\" data-id=\"202e68e\" data-element_type=\"widget\" data-widget_type=\"text-editor.default\">\n\t\t\t\t<div class=\"elementor-widget-container\">\n\t\t\t<style>\/*! elementor - v3.21.0 - 26-05-2024 *\/\n.elementor-widget-text-editor.elementor-drop-cap-view-stacked .elementor-drop-cap{background-color:#69727d;color:#fff}.elementor-widget-text-editor.elementor-drop-cap-view-framed .elementor-drop-cap{color:#69727d;border:3px solid;background-color:transparent}.elementor-widget-text-editor:not(.elementor-drop-cap-view-default) .elementor-drop-cap{margin-top:8px}.elementor-widget-text-editor:not(.elementor-drop-cap-view-default) .elementor-drop-cap-letter{width:1em;height:1em}.elementor-widget-text-editor .elementor-drop-cap{float:left;text-align:center;line-height:1;font-size:50px}.elementor-widget-text-editor .elementor-drop-cap-letter{display:inline-block}<\/style>\t\t\t\t<div id=\"tm-row-64a4a731db3ae\" class=\"vc_row vc_row-outer vc_row-fluid\"><div id=\"tm-column-64a4a731db5f3\" class=\"wpb_column vc_column_container vc_col-sm-12\"><div class=\"vc_column-inner \"><div class=\"wpb_wrapper\"><div class=\"wpb_text_column wpb_content_element \"><div class=\"wpb_wrapper\"><div id=\"tm-row-64a46df8aaefe\" class=\"vc_row vc_row-outer vc_row-fluid\"><div id=\"tm-column-64a46df8ab12b\" class=\"wpb_column vc_column_container vc_col-sm-12\"><div class=\"vc_column-inner \"><div class=\"wpb_wrapper\"><div class=\"wpb_text_column wpb_content_element \"><div class=\"wpb_wrapper\"><div id=\"tm-row-64a49d932a218\" class=\"vc_row vc_row-outer vc_row-fluid\"><div id=\"tm-column-64a49d932a485\" class=\"wpb_column vc_column_container vc_col-sm-12\"><div class=\"vc_column-inner \"><div class=\"wpb_wrapper\"><div class=\"wpb_text_column wpb_content_element \"><div class=\"wpb_wrapper\"><div id=\"tm-row-64a4b8114ca62\" class=\"vc_row vc_row-outer vc_row-fluid\"><div id=\"tm-column-64a4b8114cc8d\" class=\"wpb_column vc_column_container vc_col-sm-12\"><div class=\"vc_column-inner \"><div class=\"wpb_wrapper\"><div class=\"wpb_text_column wpb_content_element \"><div class=\"wpb_wrapper\"><div id=\"tm-row-64a52b8a71ee4\" class=\"vc_row vc_row-outer vc_row-fluid\"><div id=\"tm-column-64a52b8a7210d\" class=\"wpb_column vc_column_container vc_col-sm-12\"><div class=\"vc_column-inner \"><div class=\"wpb_wrapper\"><div class=\"wpb_text_column wpb_content_element \"><div class=\"wpb_wrapper\"><div id=\"tm-row-64a51fe8bb11b\" class=\"vc_row vc_row-outer vc_row-fluid\"><div id=\"tm-column-64a51fe8bb347\" class=\"wpb_column vc_column_container vc_col-sm-12\"><div class=\"vc_column-inner \"><div class=\"wpb_wrapper\"><div class=\"wpb_text_column wpb_content_element \"><div class=\"wpb_wrapper\"><div id=\"tm-row-64a529fda3c40\" class=\"vc_row vc_row-outer vc_row-fluid\"><div id=\"tm-column-64a529fda3e68\" class=\"wpb_column vc_column_container vc_col-sm-12\"><div class=\"vc_column-inner \"><div class=\"wpb_wrapper\"><div class=\"wpb_text_column wpb_content_element \"><div class=\"wpb_wrapper\"><div id=\"tm-row-64a693b3b1166\" class=\"vc_row vc_row-outer vc_row-fluid\"><div id=\"tm-column-64a693b3b13b1\" class=\"wpb_column vc_column_container vc_col-sm-12\"><div class=\"vc_column-inner \"><div class=\"wpb_wrapper\"><div class=\"wpb_text_column wpb_content_element \"><div class=\"wpb_wrapper\"><div id=\"tm-row-64a57403d2593\" class=\"vc_row vc_row-outer vc_row-fluid\"><div id=\"tm-column-64a57403d293f\" class=\"wpb_column vc_column_container vc_col-sm-12\"><div class=\"vc_column-inner \"><div class=\"wpb_wrapper\"><div class=\"wpb_text_column wpb_content_element \"><div class=\"wpb_wrapper\"><p>El cupping es un tratamiento f\u00edsico que se emplea para aumentar el drenaje linf\u00e1tico y la irrigaci\u00f3n sangu\u00ednea aplicando succi\u00f3n sobre la piel, con peque\u00f1as ventosas.<\/p><\/div><\/div><\/div><\/div><\/div><\/div><div id=\"tm-row-64a57403d3b48\" class=\"vc_row vc_row-outer vc_row-fluid\"><div id=\"tm-column-64a57403d3efd\" class=\"wpb_column vc_column_container vc_col-sm-12\"><div class=\"vc_column-inner \"><div class=\"wpb_wrapper\">\u00a0<\/div><\/div><\/div><\/div><\/div><\/div><\/div><\/div><\/div><\/div><div id=\"tm-row-64a693b3b6dc7\" class=\"vc_row vc_row-outer vc_row-fluid\"><div id=\"tm-column-64a693b3b705d\" class=\"wpb_column vc_column_container vc_col-sm-12\"><div class=\"vc_column-inner \"><div class=\"wpb_wrapper\">\u00a0<\/div><\/div><\/div><\/div><\/div><\/div><\/div><\/div><\/div><\/div><div id=\"tm-row-64a529fda4b53\" class=\"vc_row vc_row-outer vc_row-fluid\"><div id=\"tm-column-64a529fda4dc4\" class=\"wpb_column vc_column_container vc_col-sm-12\"><div class=\"vc_column-inner \"><div class=\"wpb_wrapper\">\u00a0<\/div><\/div><\/div><\/div><\/div><\/div><\/div><\/div><\/div><\/div><\/div><\/div><\/div><\/div><\/div><\/div><\/div><\/div><\/div><\/div><\/div><\/div><\/div><\/div><\/div><\/div><\/div><\/div><\/div><\/div><\/div><\/div><\/div><\/div><\/div><\/div><\/div><\/div><\/div><\/div>\t\t\t\t\t\t<\/div>\n\t\t\t\t<\/div>\n\t\t\t\t\t<\/div>\r\n\t\t\t\t<\/div>\r\n\t\t\t\t<div class=\"elementor-column elementor-col-50 elementor-inner-column elementor-element elementor-element-1724af0\" data-id=\"1724af0\" data-element_type=\"column\">\r\n\t\t\t\t\t<div class=\"elementor-widget-wrap elementor-element-populated\">\r\n\t\t\t\t\t\t\t\t<div class=\"elementor-element elementor-element-99093b5 elementor-widget elementor-widget-image\" data-id=\"99093b5\" data-element_type=\"widget\" data-widget_type=\"image.default\">\n\t\t\t\t<div class=\"elementor-widget-container\">\n\t\t\t<style>\/*! elementor - v3.21.0 - 26-05-2024 *\/\n.elementor-widget-image{text-align:center}.elementor-widget-image a{display:inline-block}.elementor-widget-image a img[src$=\".svg\"]{width:48px}.elementor-widget-image img{vertical-align:middle;display:inline-block}<\/style>\t\t\t\t\t\t\t\t\t\t<img fetchpriority=\"high\" decoding=\"async\" width=\"770\" height=\"480\" src=\"https:\/\/institutoordonez.es\/archivo\/wp-content\/uploads\/2023\/07\/cupping-clinica-instituto-ordonez-770x480-1.jpg\" class=\"attachment-large size-large wp-image-2780\" alt=\"\" srcset=\"https:\/\/institutoordonez.es\/archivo\/wp-content\/uploads\/2023\/07\/cupping-clinica-instituto-ordonez-770x480-1.jpg 770w, https:\/\/institutoordonez.es\/archivo\/wp-content\/uploads\/2023\/07\/cupping-clinica-instituto-ordonez-770x480-1-768x479.jpg 768w, https:\/\/institutoordonez.es\/archivo\/wp-content\/uploads\/2023\/07\/cupping-clinica-instituto-ordonez-770x480-1-320x199.jpg 320w, https:\/\/institutoordonez.es\/archivo\/wp-content\/uploads\/2023\/07\/cupping-clinica-instituto-ordonez-770x480-1-480x299.jpg 480w, https:\/\/institutoordonez.es\/archivo\/wp-content\/uploads\/2023\/07\/cupping-clinica-instituto-ordonez-770x480-1-640x399.jpg 640w, https:\/\/institutoordonez.es\/archivo\/wp-content\/uploads\/2023\/07\/cupping-clinica-instituto-ordonez-770x480-1-400x249.jpg 400w, https:\/\/institutoordonez.es\/archivo\/wp-content\/uploads\/2023\/07\/cupping-clinica-instituto-ordonez-770x480-1-367x229.jpg 367w, https:\/\/institutoordonez.es\/archivo\/wp-content\/uploads\/2023\/07\/cupping-clinica-instituto-ordonez-770x480-1-600x374.jpg 600w\" sizes=\"(max-width: 770px) 100vw, 770px\" \/>\t\t\t\t\t\t\t\t\t\t\t\t\t<\/div>\n\t\t\t\t<\/div>\n\t\t\t\t\t<\/div>\r\n\t\t\t\t<\/div>\r\n\t\t\t\t\t<\/div>\r\n\t\t\t\t<\/section>\r\n\t\t\t\t\t<\/div>\r\n\t\t\t\t<\/div>\r\n\t\t\t\t\t<\/div>\r\n\t\t\t\t<\/section>\r\n\t\t\t\t<section class=\"elementor-section elementor-top-section elementor-element elementor-element-96bff75 elementor-section-boxed elementor-section-height-default elementor-section-height-default\" data-id=\"96bff75\" data-element_type=\"section\">\r\n\t\t\r\n\t\t\t\t\t\t\t<div class=\"elementor-container elementor-column-gap-default\">\r\n\t\t\t\t\t\t\t\t\t\t\t<div class=\"elementor-column elementor-col-100 elementor-top-column elementor-element elementor-element-7e34f0e\" data-id=\"7e34f0e\" data-element_type=\"column\">\r\n\t\t\t\t\t<div class=\"elementor-widget-wrap elementor-element-populated\">\r\n\t\t\t\t\t\t\t\t<div class=\"elementor-element elementor-element-9e686ae elementor-widget elementor-widget-heading\" data-id=\"9e686ae\" data-element_type=\"widget\" data-widget_type=\"heading.default\">\n\t\t\t\t<div class=\"elementor-widget-container\">\n\t\t\t<h2 class=\"elementor-heading-title elementor-size-default\">Ventajas y beneficios\n<\/h2>\t\t<\/div>\n\t\t\t\t<\/div>\n\t\t\t\t<div class=\"elementor-element elementor-element-5c3a157 elementor-widget elementor-widget-text-editor\" data-id=\"5c3a157\" data-element_type=\"widget\" data-widget_type=\"text-editor.default\">\n\t\t\t\t<div class=\"elementor-widget-container\">\n\t\t\t\t\t\t\t<div class=\"list-item\"><div class=\"list-header\"><div class=\"title-wrap\"><div class=\"list-item\"><div class=\"list-header\"><div class=\"title-wrap\"><div class=\"list-item\"><div class=\"list-header\"><div id=\"tm-list-64a507de933f1\" class=\"tm-list style-check tm-animation move-up animate\"><div class=\"list-item\"><div class=\"list-header\"><div class=\"title-wrap\"><div class=\"list-item\"><div class=\"list-header\"><div class=\"list-item\"><div class=\"list-header\"><div id=\"tm-list-64a57403d4846\" class=\"tm-list style-check tm-animation move-up animate\"><div class=\"list-item\"><div class=\"list-header\"><ul><li>Disminuci\u00f3n de contracturas y espasmos musculares prolongados y dolorosos, causados casi siempre por tensiones excesivas en el m\u00fasculo.<\/li><li>Fortalecimiento de los tendones subyacentes del tejido, previniendo que se rompan y produzcan lesiones.<\/li><li>Favorecimiento del drenaje linf\u00e1tico y por ende, de sustancias nocivas y de desecho, como toxinas. El cupping es un tratamiento desintoxicante.<\/li><li>Eliminaci\u00f3n de la acumulaci\u00f3n de agua y grasa, que suele originar edemas e hinchazones en los tejidos.<\/li><li>Incremento del riego sangu\u00edneo por la vasodilataci\u00f3n local, que aumenta el paso de sangre oxigenada hacia los tejidos, y el drenaje de la sangre desoxigenada.<\/li><\/ul><\/div><\/div><\/div><\/div><\/div><\/div><\/div><\/div><\/div><\/div><\/div><\/div><\/div><\/div><\/div><\/div><\/div><\/div><\/div>\t\t\t\t\t\t<\/div>\n\t\t\t\t<\/div>\n\t\t\t\t<div class=\"elementor-element elementor-element-9a9410b elementor-widget elementor-widget-heading\" data-id=\"9a9410b\" data-element_type=\"widget\" data-widget_type=\"heading.default\">\n\t\t\t\t<div class=\"elementor-widget-container\">\n\t\t\t<h2 class=\"elementor-heading-title elementor-size-default\">Definici\u00f3n\n<\/h2>\t\t<\/div>\n\t\t\t\t<\/div>\n\t\t\t\t<div class=\"elementor-element elementor-element-3a21fbf elementor-widget elementor-widget-text-editor\" data-id=\"3a21fbf\" data-element_type=\"widget\" data-widget_type=\"text-editor.default\">\n\t\t\t\t<div class=\"elementor-widget-container\">\n\t\t\t\t\t\t\t<div id=\"tm-row-64a52b8a73b2e\" class=\"vc_row vc_row-outer vc_row-fluid\"><div id=\"tm-column-64a52b8a73d3d\" class=\"wpb_column vc_column_container vc_col-sm-12\"><div class=\"vc_column-inner \"><div class=\"wpb_wrapper\"><div class=\"wpb_text_column wpb_content_element \"><div class=\"wpb_wrapper\"><div id=\"tm-row-64a529fda5821\" class=\"vc_row vc_row-outer vc_row-fluid\"><div id=\"tm-column-64a529fda5a29\" class=\"wpb_column vc_column_container vc_col-sm-12\"><div class=\"vc_column-inner \"><div class=\"wpb_wrapper\"><div class=\"wpb_text_column wpb_content_element \"><div class=\"wpb_wrapper\"><p>El cupping es una milenaria forma de tratar enfermedades f\u00edsicas y que b\u00e1sicamente comprende la aplicaci\u00f3n in situ de succi\u00f3n, por ello tambi\u00e9n se conoce como ventosaterapia o masajes con ventosas, y que ir\u00eda destinada a promover la vasodilataci\u00f3n de los capilares cut\u00e1neos para aumentar as\u00ed, el riego de la sangre en los tejidos, especialmente en los m\u00e1s perif\u00e9ricos para garantizar la correcta nutrici\u00f3n tisular. Estas ventosas son vasos esf\u00e9ricos, casi siempre de vidrio que, al ser calentados con fuego originan una succi\u00f3n instant\u00e1nea. Dicha succi\u00f3n ocurre cuando el fuego agota el ox\u00edgeno circulante y comienza a \u201catraer\u201d r\u00e1pidamente aire hacia su interior, pero en este caso, la ventosa se coloca herm\u00e9ticamente sobre la piel y la \u201chala\u201d hacia adentro. La zona de piel \u201csuccionada\u201d se tornar\u00e1 un tanto roja debido a la dilataci\u00f3n de los vasos sangu\u00edneos, aumentando el caudal sangu\u00edneo hasta las c\u00e9lulas. Aparentemente, esta reacci\u00f3n en la piel superficial tambi\u00e9n ejerce efecto en los vasos sangu\u00edneos m\u00e1s profundos, como los capilares musculares y articulares. Este procedimiento suele durar 3 minutos por taza, siendo de 3 a 5, la m\u00e1xima cantidad de tazas colocadas en una zona del cuerpo; al terminar se aplica una pomada antibi\u00f3tica para prevenir infecciones de la zona.<\/p><\/div><\/div><\/div><\/div><\/div><\/div><\/div><\/div><\/div><\/div><\/div><\/div>\t\t\t\t\t\t<\/div>\n\t\t\t\t<\/div>\n\t\t\t\t<div class=\"elementor-element elementor-element-a43a900 elementor-widget elementor-widget-heading\" data-id=\"a43a900\" data-element_type=\"widget\" data-widget_type=\"heading.default\">\n\t\t\t\t<div class=\"elementor-widget-container\">\n\t\t\t<h2 class=\"elementor-heading-title elementor-size-default\">\u00bfPara qu\u00e9 la empleamos en Instituto Ord\u00f3\u00f1ez?\n<\/h2>\t\t<\/div>\n\t\t\t\t<\/div>\n\t\t\t\t<div class=\"elementor-element elementor-element-4d7875a elementor-widget elementor-widget-text-editor\" data-id=\"4d7875a\" data-element_type=\"widget\" data-widget_type=\"text-editor.default\">\n\t\t\t\t<div class=\"elementor-widget-container\">\n\t\t\t\t\t\t\t<div class=\"wpb_text_column wpb_content_element \"><div class=\"wpb_wrapper\"><div class=\"wpb_text_column wpb_content_element \"><div class=\"wpb_wrapper\"><div class=\"wpb_text_column wpb_content_element \"><div class=\"wpb_wrapper\"><p>Esta terapia puede ayudar en gran medida en casi cualquier patolog\u00eda que curse con dolor e inflamaci\u00f3n tanto de los tejidos cut\u00e1neos y subcut\u00e1neos, como de las estructuras m\u00e1s profundas, entre ellas los m\u00fasculos, huesos, ligamentos y tendones. El cupping ha sido utilizado exitosamente en casos de acn\u00e9, herpes z\u00f3ster, inflamaciones y edemas, dolor agudo y cr\u00f3nico (especialmente este \u00faltimo), par\u00e1lisis facial, espondilosis cervical, trastornos an\u00e9micos y hemof\u00edlicos, enfermedades reum\u00e1ticas como la artritis y fibromialgia, la hipertensi\u00f3n arterial, migra\u00f1as, ansiedad, depresi\u00f3n, congestiones bronquiales por asma o alergia, venas varicosas, entre otros. Es importante destacar que esta pr\u00e1ctica f\u00edsica es compatible con la administraci\u00f3n de f\u00e1rmacos.<\/p><\/div><\/div><\/div><\/div><\/div><\/div>\t\t\t\t\t\t<\/div>\n\t\t\t\t<\/div>\n\t\t\t\t<div class=\"elementor-element elementor-element-b7c4e2b elementor-widget elementor-widget-heading\" data-id=\"b7c4e2b\" data-element_type=\"widget\" data-widget_type=\"heading.default\">\n\t\t\t\t<div class=\"elementor-widget-container\">\n\t\t\t<h2 class=\"elementor-heading-title elementor-size-default\">\u00bfPor qu\u00e9 funciona?\n<\/h2>\t\t<\/div>\n\t\t\t\t<\/div>\n\t\t\t\t<div class=\"elementor-element elementor-element-85cecef elementor-widget elementor-widget-text-editor\" data-id=\"85cecef\" data-element_type=\"widget\" data-widget_type=\"text-editor.default\">\n\t\t\t\t<div class=\"elementor-widget-container\">\n\t\t\t\t\t\t\t<div class=\"wpb_text_column wpb_content_element \"><div class=\"wpb_wrapper\"><div class=\"wpb_text_column wpb_content_element \"><div class=\"wpb_wrapper\"><div class=\"wpb_text_column wpb_content_element \"><div class=\"wpb_wrapper\"><p>El cupping o tratamiento con ventosas (tambi\u00e9n llamado ventosaterapia) funciona debido a que aumenta notablemente la cantidad y calidad de la sangre que no s\u00f3lo llegar\u00e1 a los tejidos menos irrigados, sino adem\u00e1s que permitir\u00e1 el drenaje de la sangre estancada. Al menos en los casos de tratamiento de m\u00fasculos, articulaciones y tendones, los puntos de aplicaci\u00f3n de las ventosas deben corresponder con los sitios espec\u00edficos de las \u201czonas gatillo\u201d en las que el dolor se produce, esto con el fin de desactivar dichos puntos dolorosos y as\u00ed recobrar el bienestar f\u00edsico. La mayor\u00eda las afecciones f\u00edsicas tienen como origen o bien, una disminuci\u00f3n de la nutrici\u00f3n (por falta de sangre oxigenada y enriquecida) o bien, o una falta de drenaje de sustancias t\u00f3xicas como el \u00e1cido l\u00e1ctico, que es un subproducto del metabolismo de las c\u00e9lulas musculares y que, al acumularse produce dolor actuando en los receptores nerviosos del m\u00fasculo. Este tratamiento tambi\u00e9n ha sido probado en combinaci\u00f3n con acupuntura (punci\u00f3n de la piel con agujas muy finas en sitios de estimulaci\u00f3n neurol\u00f3gica) aumentando su efectividad; en todo caso, el profesional que lleve a cabo estas pr\u00e1cticas debe estar calificado y certificado.<\/p><\/div><\/div><\/div><\/div><\/div><\/div>\t\t\t\t\t\t<\/div>\n\t\t\t\t<\/div>\n\t\t\t\t\t<\/div>\r\n\t\t\t\t<\/div>\r\n\t\t\t\t\t<\/div>\r\n\t\t\t\t<\/section>\r\n\t\t\t\t<\/div>\n\t\t","protected":false},"excerpt":{"rendered":"<p>Cupping El cupping es un tratamiento f\u00edsico que se emplea para aumentar el drenaje linf\u00e1tico y la irrigaci\u00f3n sangu\u00ednea aplicando succi\u00f3n sobre la piel, con peque\u00f1as ventosas. \u00a0\u00a0\u00a0 Ventajas y beneficios Disminuci\u00f3n de contracturas y espasmos musculares prolongados y dolorosos, causados casi siempre por tensiones excesivas en el m\u00fasculo. Fortalecimiento de los tendones subyacentes del [&hellip;]<\/p>\n","protected":false},"author":1,"featured_media":0,"parent":0,"menu_order":0,"comment_status":"closed","ping_status":"closed","template":"","meta":{"_acf_changed":false,"_monsterinsights_skip_tracking":false,"_monsterinsights_sitenote_active":false,"_monsterinsights_sitenote_note":"","_monsterinsights_sitenote_category":0,"footnotes":""},"class_list":["post-2778","page","type-page","status-publish","hentry"],"acf":[],"aioseo_notices":[],"_links":{"self":[{"href":"https:\/\/institutoordonez.es\/archivo\/wp-json\/wp\/v2\/pages\/2778","targetHints":{"allow":["GET"]}}],"collection":[{"href":"https:\/\/institutoordonez.es\/archivo\/wp-json\/wp\/v2\/pages"}],"about":[{"href":"https:\/\/institutoordonez.es\/archivo\/wp-json\/wp\/v2\/types\/page"}],"author":[{"embeddable":true,"href":"https:\/\/institutoordonez.es\/archivo\/wp-json\/wp\/v2\/users\/1"}],"replies":[{"embeddable":true,"href":"https:\/\/institutoordonez.es\/archivo\/wp-json\/wp\/v2\/comments?post=2778"}],"version-history":[{"count":0,"href":"https:\/\/institutoordonez.es\/archivo\/wp-json\/wp\/v2\/pages\/2778\/revisions"}],"wp:attachment":[{"href":"https:\/\/institutoordonez.es\/archivo\/wp-json\/wp\/v2\/media?parent=2778"}],"curies":[{"name":"wp","href":"https:\/\/api.w.org\/{rel}","templated":true}]}}