{"id":2834,"date":"2023-07-07T14:09:39","date_gmt":"2023-07-07T14:09:39","guid":{"rendered":"https:\/\/institutoordonez.es\/?page_id=2834"},"modified":"2023-07-07T14:17:17","modified_gmt":"2023-07-07T14:17:17","slug":"manipulacion-de-la-fascia","status":"publish","type":"page","link":"https:\/\/institutoordonez.es\/archivo\/manipulacion-de-la-fascia\/","title":{"rendered":"Manipulaci\u00f3n de la fascia"},"content":{"rendered":"\t\t<div data-elementor-type=\"wp-page\" data-elementor-id=\"2834\" class=\"elementor elementor-2834\">\n\t\t\t\t\t\t<section class=\"elementor-section elementor-top-section elementor-element elementor-element-46d5ab7 elementor-section-boxed elementor-section-height-default elementor-section-height-default\" data-id=\"46d5ab7\" data-element_type=\"section\">\r\n\t\t\r\n\t\t\t\t\t\t\t<div class=\"elementor-container elementor-column-gap-default\">\r\n\t\t\t\t\t\t\t\t\t\t\t<div class=\"elementor-column elementor-col-100 elementor-top-column elementor-element elementor-element-0aaff11\" data-id=\"0aaff11\" data-element_type=\"column\">\r\n\t\t\t\t\t<div class=\"elementor-widget-wrap elementor-element-populated\">\r\n\t\t\t\t\t\t\t\t<section class=\"elementor-section elementor-inner-section elementor-element elementor-element-a04365d elementor-section-boxed elementor-section-height-default elementor-section-height-default\" data-id=\"a04365d\" data-element_type=\"section\">\r\n\t\t\r\n\t\t\t\t\t\t\t<div class=\"elementor-container elementor-column-gap-default\">\r\n\t\t\t\t\t\t\t\t\t\t\t<div class=\"elementor-column elementor-col-50 elementor-inner-column elementor-element elementor-element-ba054e2\" data-id=\"ba054e2\" data-element_type=\"column\">\r\n\t\t\t\t\t<div class=\"elementor-widget-wrap elementor-element-populated\">\r\n\t\t\t\t\t\t\t\t<div class=\"elementor-element elementor-element-1dece40 elementor-widget elementor-widget-heading\" data-id=\"1dece40\" data-element_type=\"widget\" data-widget_type=\"heading.default\">\n\t\t\t\t<div class=\"elementor-widget-container\">\n\t\t\t<style>\/*! elementor - v3.21.0 - 26-05-2024 *\/\n.elementor-heading-title{padding:0;margin:0;line-height:1}.elementor-widget-heading .elementor-heading-title[class*=elementor-size-]>a{color:inherit;font-size:inherit;line-height:inherit}.elementor-widget-heading .elementor-heading-title.elementor-size-small{font-size:15px}.elementor-widget-heading .elementor-heading-title.elementor-size-medium{font-size:19px}.elementor-widget-heading .elementor-heading-title.elementor-size-large{font-size:29px}.elementor-widget-heading .elementor-heading-title.elementor-size-xl{font-size:39px}.elementor-widget-heading .elementor-heading-title.elementor-size-xxl{font-size:59px}<\/style><h2 class=\"elementor-heading-title elementor-size-default\">Manipulaci\u00f3n de la fascia\n<\/h2>\t\t<\/div>\n\t\t\t\t<\/div>\n\t\t\t\t<div class=\"elementor-element elementor-element-08b61f5 elementor-widget elementor-widget-text-editor\" data-id=\"08b61f5\" data-element_type=\"widget\" data-widget_type=\"text-editor.default\">\n\t\t\t\t<div class=\"elementor-widget-container\">\n\t\t\t<style>\/*! elementor - v3.21.0 - 26-05-2024 *\/\n.elementor-widget-text-editor.elementor-drop-cap-view-stacked .elementor-drop-cap{background-color:#69727d;color:#fff}.elementor-widget-text-editor.elementor-drop-cap-view-framed .elementor-drop-cap{color:#69727d;border:3px solid;background-color:transparent}.elementor-widget-text-editor:not(.elementor-drop-cap-view-default) .elementor-drop-cap{margin-top:8px}.elementor-widget-text-editor:not(.elementor-drop-cap-view-default) .elementor-drop-cap-letter{width:1em;height:1em}.elementor-widget-text-editor .elementor-drop-cap{float:left;text-align:center;line-height:1;font-size:50px}.elementor-widget-text-editor .elementor-drop-cap-letter{display:inline-block}<\/style>\t\t\t\t<div id=\"tm-row-64a4a731db3ae\" class=\"vc_row vc_row-outer vc_row-fluid\"><div id=\"tm-column-64a4a731db5f3\" class=\"wpb_column vc_column_container vc_col-sm-12\"><div class=\"vc_column-inner \"><div class=\"wpb_wrapper\"><div class=\"wpb_text_column wpb_content_element \"><div class=\"wpb_wrapper\"><div id=\"tm-row-64a46df8aaefe\" class=\"vc_row vc_row-outer vc_row-fluid\"><div id=\"tm-column-64a46df8ab12b\" class=\"wpb_column vc_column_container vc_col-sm-12\"><div class=\"vc_column-inner \"><div class=\"wpb_wrapper\"><div class=\"wpb_text_column wpb_content_element \"><div class=\"wpb_wrapper\"><div id=\"tm-row-64a49d932a218\" class=\"vc_row vc_row-outer vc_row-fluid\"><div id=\"tm-column-64a49d932a485\" class=\"wpb_column vc_column_container vc_col-sm-12\"><div class=\"vc_column-inner \"><div class=\"wpb_wrapper\"><div class=\"wpb_text_column wpb_content_element \"><div class=\"wpb_wrapper\"><div id=\"tm-row-64a4b8114ca62\" class=\"vc_row vc_row-outer vc_row-fluid\"><div id=\"tm-column-64a4b8114cc8d\" class=\"wpb_column vc_column_container vc_col-sm-12\"><div class=\"vc_column-inner \"><div class=\"wpb_wrapper\"><div class=\"wpb_text_column wpb_content_element \"><div class=\"wpb_wrapper\"><div id=\"tm-row-64a52b8a71ee4\" class=\"vc_row vc_row-outer vc_row-fluid\"><div id=\"tm-column-64a52b8a7210d\" class=\"wpb_column vc_column_container vc_col-sm-12\"><div class=\"vc_column-inner \"><div class=\"wpb_wrapper\"><div class=\"wpb_text_column wpb_content_element \"><div class=\"wpb_wrapper\"><div id=\"tm-row-64a51fe8bb11b\" class=\"vc_row vc_row-outer vc_row-fluid\"><div id=\"tm-column-64a51fe8bb347\" class=\"wpb_column vc_column_container vc_col-sm-12\"><div class=\"vc_column-inner \"><div class=\"wpb_wrapper\"><div class=\"wpb_text_column wpb_content_element \"><div class=\"wpb_wrapper\"><div id=\"tm-row-64a529fda3c40\" class=\"vc_row vc_row-outer vc_row-fluid\"><div id=\"tm-column-64a529fda3e68\" class=\"wpb_column vc_column_container vc_col-sm-12\"><div class=\"vc_column-inner \"><div class=\"wpb_wrapper\"><div class=\"wpb_text_column wpb_content_element \"><div class=\"wpb_wrapper\"><div id=\"tm-row-64a693b3b1166\" class=\"vc_row vc_row-outer vc_row-fluid\"><div id=\"tm-column-64a693b3b13b1\" class=\"wpb_column vc_column_container vc_col-sm-12\"><div class=\"vc_column-inner \"><div class=\"wpb_wrapper\"><div class=\"wpb_text_column wpb_content_element \"><div class=\"wpb_wrapper\"><div id=\"tm-row-64a57403d2593\" class=\"vc_row vc_row-outer vc_row-fluid\"><div id=\"tm-column-64a57403d293f\" class=\"wpb_column vc_column_container vc_col-sm-12\"><div class=\"vc_column-inner \"><div class=\"wpb_wrapper\"><div class=\"wpb_text_column wpb_content_element \"><div class=\"wpb_wrapper\"><div id=\"tm-row-64a507dfccc8b\" class=\"vc_row vc_row-outer vc_row-fluid\"><div id=\"tm-column-64a507dfccf38\" class=\"wpb_column vc_column_container vc_col-sm-12\"><div class=\"vc_column-inner \"><div class=\"wpb_wrapper\"><div class=\"wpb_text_column wpb_content_element \"><div class=\"wpb_wrapper\"><div id=\"tm-row-64a50df3d4eee\" class=\"vc_row vc_row-outer vc_row-fluid\"><div id=\"tm-column-64a50df3d511d\" class=\"wpb_column vc_column_container vc_col-sm-12\"><div class=\"vc_column-inner \"><div class=\"wpb_wrapper\"><div class=\"wpb_text_column wpb_content_element \"><div class=\"wpb_wrapper\"><p>La\u00a0<em>manipulaci\u00f3n de la fascia<\/em>\u00a0es un tratamiento basado en el patr\u00f3n de la distribuci\u00f3n de las cargas y las tensiones en el organismo, buscando un equilibrio en las mismas.<\/p><\/div><\/div><\/div><\/div><\/div><\/div><div id=\"tm-row-64a50df3d5e44\" class=\"vc_row vc_row-outer vc_row-fluid\"><div id=\"tm-column-64a50df3d6089\" class=\"wpb_column vc_column_container vc_col-sm-12\"><div class=\"vc_column-inner \"><div class=\"wpb_wrapper\">\u00a0<\/div><\/div><\/div><\/div><\/div><\/div><\/div><\/div><\/div><\/div><div id=\"tm-row-64a507dfcdbb3\" class=\"vc_row vc_row-outer vc_row-fluid\"><div id=\"tm-column-64a507dfcddf6\" class=\"wpb_column vc_column_container vc_col-sm-12\"><div class=\"vc_column-inner \"><div class=\"wpb_wrapper\">\u00a0<\/div><\/div><\/div><\/div><\/div><\/div><\/div><\/div><\/div><\/div><div id=\"tm-row-64a57403d3b48\" class=\"vc_row vc_row-outer vc_row-fluid\"><div id=\"tm-column-64a57403d3efd\" class=\"wpb_column vc_column_container vc_col-sm-12\"><div class=\"vc_column-inner \"><div class=\"wpb_wrapper\">\u00a0<\/div><\/div><\/div><\/div><\/div><\/div><\/div><\/div><\/div><\/div><div id=\"tm-row-64a693b3b6dc7\" class=\"vc_row vc_row-outer vc_row-fluid\"><div id=\"tm-column-64a693b3b705d\" class=\"wpb_column vc_column_container vc_col-sm-12\"><div class=\"vc_column-inner \"><div class=\"wpb_wrapper\">\u00a0<\/div><\/div><\/div><\/div><\/div><\/div><\/div><\/div><\/div><\/div><div id=\"tm-row-64a529fda4b53\" class=\"vc_row vc_row-outer vc_row-fluid\"><div id=\"tm-column-64a529fda4dc4\" class=\"wpb_column vc_column_container vc_col-sm-12\"><div class=\"vc_column-inner \"><div class=\"wpb_wrapper\">\u00a0<\/div><\/div><\/div><\/div><\/div><\/div><\/div><\/div><\/div><\/div><\/div><\/div><\/div><\/div><\/div><\/div><\/div><\/div><\/div><\/div><\/div><\/div><\/div><\/div><\/div><\/div><\/div><\/div><\/div><\/div><\/div><\/div><\/div><\/div><\/div><\/div><\/div><\/div><\/div><\/div>\t\t\t\t\t\t<\/div>\n\t\t\t\t<\/div>\n\t\t\t\t\t<\/div>\r\n\t\t\t\t<\/div>\r\n\t\t\t\t<div class=\"elementor-column elementor-col-50 elementor-inner-column elementor-element elementor-element-f464a9c\" data-id=\"f464a9c\" data-element_type=\"column\">\r\n\t\t\t\t\t<div class=\"elementor-widget-wrap elementor-element-populated\">\r\n\t\t\t\t\t\t\t\t<div class=\"elementor-element elementor-element-4cd2d16 elementor-widget elementor-widget-image\" data-id=\"4cd2d16\" data-element_type=\"widget\" data-widget_type=\"image.default\">\n\t\t\t\t<div class=\"elementor-widget-container\">\n\t\t\t<style>\/*! elementor - v3.21.0 - 26-05-2024 *\/\n.elementor-widget-image{text-align:center}.elementor-widget-image a{display:inline-block}.elementor-widget-image a img[src$=\".svg\"]{width:48px}.elementor-widget-image img{vertical-align:middle;display:inline-block}<\/style>\t\t\t\t\t\t\t\t\t\t<img fetchpriority=\"high\" decoding=\"async\" width=\"770\" height=\"480\" src=\"https:\/\/institutoordonez.es\/archivo\/wp-content\/uploads\/2023\/07\/manipulacion-de-la-fascia-clinica-instituto-ordonez-770x480-1.jpg\" class=\"attachment-large size-large wp-image-2836\" alt=\"\" srcset=\"https:\/\/institutoordonez.es\/archivo\/wp-content\/uploads\/2023\/07\/manipulacion-de-la-fascia-clinica-instituto-ordonez-770x480-1.jpg 770w, https:\/\/institutoordonez.es\/archivo\/wp-content\/uploads\/2023\/07\/manipulacion-de-la-fascia-clinica-instituto-ordonez-770x480-1-768x479.jpg 768w, https:\/\/institutoordonez.es\/archivo\/wp-content\/uploads\/2023\/07\/manipulacion-de-la-fascia-clinica-instituto-ordonez-770x480-1-320x199.jpg 320w, https:\/\/institutoordonez.es\/archivo\/wp-content\/uploads\/2023\/07\/manipulacion-de-la-fascia-clinica-instituto-ordonez-770x480-1-480x299.jpg 480w, https:\/\/institutoordonez.es\/archivo\/wp-content\/uploads\/2023\/07\/manipulacion-de-la-fascia-clinica-instituto-ordonez-770x480-1-640x399.jpg 640w, https:\/\/institutoordonez.es\/archivo\/wp-content\/uploads\/2023\/07\/manipulacion-de-la-fascia-clinica-instituto-ordonez-770x480-1-400x249.jpg 400w, https:\/\/institutoordonez.es\/archivo\/wp-content\/uploads\/2023\/07\/manipulacion-de-la-fascia-clinica-instituto-ordonez-770x480-1-367x229.jpg 367w, https:\/\/institutoordonez.es\/archivo\/wp-content\/uploads\/2023\/07\/manipulacion-de-la-fascia-clinica-instituto-ordonez-770x480-1-600x374.jpg 600w\" sizes=\"(max-width: 770px) 100vw, 770px\" \/>\t\t\t\t\t\t\t\t\t\t\t\t\t<\/div>\n\t\t\t\t<\/div>\n\t\t\t\t\t<\/div>\r\n\t\t\t\t<\/div>\r\n\t\t\t\t\t<\/div>\r\n\t\t\t\t<\/section>\r\n\t\t\t\t\t<\/div>\r\n\t\t\t\t<\/div>\r\n\t\t\t\t\t<\/div>\r\n\t\t\t\t<\/section>\r\n\t\t\t\t<section class=\"elementor-section elementor-top-section elementor-element elementor-element-3b0df6e elementor-section-boxed elementor-section-height-default elementor-section-height-default\" data-id=\"3b0df6e\" data-element_type=\"section\">\r\n\t\t\r\n\t\t\t\t\t\t\t<div class=\"elementor-container elementor-column-gap-default\">\r\n\t\t\t\t\t\t\t\t\t\t\t<div class=\"elementor-column elementor-col-100 elementor-top-column elementor-element elementor-element-cdfae34\" data-id=\"cdfae34\" data-element_type=\"column\">\r\n\t\t\t\t\t<div class=\"elementor-widget-wrap elementor-element-populated\">\r\n\t\t\t\t\t\t\t\t<div class=\"elementor-element elementor-element-029bd7e elementor-widget elementor-widget-heading\" data-id=\"029bd7e\" data-element_type=\"widget\" data-widget_type=\"heading.default\">\n\t\t\t\t<div class=\"elementor-widget-container\">\n\t\t\t<h2 class=\"elementor-heading-title elementor-size-default\">Ventajas y beneficios\n<\/h2>\t\t<\/div>\n\t\t\t\t<\/div>\n\t\t\t\t<div class=\"elementor-element elementor-element-fe06246 elementor-widget elementor-widget-text-editor\" data-id=\"fe06246\" data-element_type=\"widget\" data-widget_type=\"text-editor.default\">\n\t\t\t\t<div class=\"elementor-widget-container\">\n\t\t\t\t\t\t\t<div class=\"list-item\"><div class=\"list-header\"><div class=\"title-wrap\"><div class=\"list-item\"><div class=\"list-header\"><div class=\"title-wrap\"><div class=\"list-item\"><div class=\"list-header\"><div id=\"tm-list-64a507de933f1\" class=\"tm-list style-check tm-animation move-up animate\"><div class=\"list-item\"><div class=\"list-header\"><div class=\"title-wrap\"><div class=\"list-item\"><div class=\"list-header\"><div class=\"list-item\"><div class=\"list-header\"><div id=\"tm-list-64a57403d4846\" class=\"tm-list style-check tm-animation move-up animate\"><div class=\"list-item\"><div class=\"list-header\"><div class=\"list-item\"><div class=\"list-header\"><div class=\"list-item\"><div class=\"list-header\"><div class=\"list-item\"><div class=\"list-header\"><div id=\"tm-list-64a4a3352bd71\" class=\"tm-list style-check tm-animation move-up animate\"><div class=\"list-item\"><div class=\"list-header\"><ul><li>Alivio de la inflamaci\u00f3n. Un espasmo muscular se caracteriza por hinchaz\u00f3n de la zona, disminuir esa contractura ayudar\u00e1 a reducir esa inflamaci\u00f3n que disminuye el movimiento.<\/li><li>Menos sobrecargas musculares. Habr\u00e1 una correcta distribuci\u00f3n de las tensiones fasciales evitando que las cargas se concentren en un punto originando una contractura.<\/li><li>Reducci\u00f3n del dolor. Un m\u00fasculo relajado y en coordinaci\u00f3n con las estructuras vecinas ser\u00e1 un m\u00fasculo que no producir\u00e1 ning\u00fan tipo de molestias f\u00edsicas.<\/li><li>Aumento la irrigaci\u00f3n sangu\u00ednea. El masaje de la fascia favorecer\u00e1 la irrigaci\u00f3n sangu\u00ednea, aportando nutrientes y eliminando sustancias de desecho.<\/li><li>Normalizaci\u00f3n de los patrones del movimiento por medio de la distribuci\u00f3n equitativa de las tensiones originadas por las fascias.<\/li><\/ul><\/div><\/div><\/div><\/div><\/div><\/div><\/div><\/div><\/div><\/div><\/div><\/div><\/div><\/div><\/div><\/div><\/div><\/div><\/div><\/div><\/div><\/div><\/div><\/div><\/div><\/div><\/div><\/div>\t\t\t\t\t\t<\/div>\n\t\t\t\t<\/div>\n\t\t\t\t<div class=\"elementor-element elementor-element-127439d elementor-widget elementor-widget-heading\" data-id=\"127439d\" data-element_type=\"widget\" data-widget_type=\"heading.default\">\n\t\t\t\t<div class=\"elementor-widget-container\">\n\t\t\t<h2 class=\"elementor-heading-title elementor-size-default\">Definici\u00f3n\n<\/h2>\t\t<\/div>\n\t\t\t\t<\/div>\n\t\t\t\t<div class=\"elementor-element elementor-element-4e640f4 elementor-widget elementor-widget-text-editor\" data-id=\"4e640f4\" data-element_type=\"widget\" data-widget_type=\"text-editor.default\">\n\t\t\t\t<div class=\"elementor-widget-container\">\n\t\t\t\t\t\t\t<div id=\"tm-row-64a52b8a73b2e\" class=\"vc_row vc_row-outer vc_row-fluid\"><div id=\"tm-column-64a52b8a73d3d\" class=\"wpb_column vc_column_container vc_col-sm-12\"><div class=\"vc_column-inner \"><div class=\"wpb_wrapper\"><div class=\"wpb_text_column wpb_content_element \"><div class=\"wpb_wrapper\"><div id=\"tm-row-64a529fda5821\" class=\"vc_row vc_row-outer vc_row-fluid\"><div id=\"tm-column-64a529fda5a29\" class=\"wpb_column vc_column_container vc_col-sm-12\"><div class=\"vc_column-inner \"><div class=\"wpb_wrapper\"><div class=\"wpb_text_column wpb_content_element \"><div class=\"wpb_wrapper\"><div id=\"tm-row-64a50df3d6aa9\" class=\"vc_row vc_row-outer vc_row-fluid\"><div id=\"tm-column-64a50df3d6cc6\" class=\"wpb_column vc_column_container vc_col-sm-12\"><div class=\"vc_column-inner \"><div class=\"wpb_wrapper\"><div class=\"wpb_text_column wpb_content_element \"><div class=\"wpb_wrapper\"><p>La manipulaci\u00f3n de la fascia constituye un tratamiento focalizado en conseguir alinear de forma equilibrada las cargas fasciales a trav\u00e9s del cuerpo para aliviar el dolor y la sobrecarga de los m\u00fasculos y las articulaciones, esto se consigue por medio de los estudios del sistema miofascial.<\/p><p>Previamente a la terapia f\u00edsica en s\u00ed, se realiza una evaluaci\u00f3n completa del sistema que ayude a identificar los puntos de atrapamiento fascial, una vez establecidos los puntos que necesitan ayuda se procede a alinearlos por medio de masajes compresivos y sostenidos hasta conseguir \u201cencajar las piezas\u201d y alcanzar los objetivos que son: disminuir la rigidez de las fascias, restaurar la coordinaci\u00f3n de las l\u00edneas corporales de tensi\u00f3n y normalizar los patrones del movimiento. El tratamiento completo podr\u00eda incluir entre 3 y 4 sesiones, hasta lograr conseguir un \u00f3ptimo estado de movilidad, equilibro y estabilidad, libres de dolor.<\/p><\/div><\/div><\/div><\/div><\/div><\/div><div id=\"tm-row-64a50df3d7272\" class=\"vc_row vc_row-outer vc_row-fluid\"><div id=\"tm-column-64a50df3d7445\" class=\"wpb_column vc_column_container vc_col-sm-12\"><div class=\"vc_column-inner \"><div class=\"wpb_wrapper\">\u00a0<\/div><\/div><\/div><\/div><\/div><\/div><\/div><\/div><\/div><\/div><\/div><\/div><\/div><\/div><\/div><\/div>\t\t\t\t\t\t<\/div>\n\t\t\t\t<\/div>\n\t\t\t\t<div class=\"elementor-element elementor-element-d436e91 elementor-widget elementor-widget-heading\" data-id=\"d436e91\" data-element_type=\"widget\" data-widget_type=\"heading.default\">\n\t\t\t\t<div class=\"elementor-widget-container\">\n\t\t\t<h2 class=\"elementor-heading-title elementor-size-default\">\u00bfPara qu\u00e9 la empleamos en Instituto Ord\u00f3\u00f1ez?\n<\/h2>\t\t<\/div>\n\t\t\t\t<\/div>\n\t\t\t\t<div class=\"elementor-element elementor-element-0233313 elementor-widget elementor-widget-text-editor\" data-id=\"0233313\" data-element_type=\"widget\" data-widget_type=\"text-editor.default\">\n\t\t\t\t<div class=\"elementor-widget-container\">\n\t\t\t\t\t\t\t<div class=\"wpb_text_column wpb_content_element \"><div class=\"wpb_wrapper\"><div class=\"wpb_text_column wpb_content_element \"><div class=\"wpb_wrapper\"><div class=\"wpb_text_column wpb_content_element \"><div class=\"wpb_wrapper\"><div class=\"wpb_text_column wpb_content_element \"><div class=\"wpb_wrapper\"><div class=\"wpb_text_column wpb_content_element \"><div class=\"wpb_wrapper\"><div class=\"wpb_text_column wpb_content_element \"><div class=\"wpb_wrapper\"><p>Seg\u00fan diversos estudios, las alteraciones del sistema miofascial (patr\u00f3n normal de la distribuci\u00f3n de las cargas y las tensiones en el sistema m\u00fasculo esquel\u00e9tico en el organismo) podr\u00eda ser, por mucho, la principal causa de problemas f\u00edsicos no traum\u00e1ticos en las personas de todas las edades.<\/p><p>Entre estos problemas se encuentran las tendinitis, las contracturas musculares, los s\u00edndromes del manguito rotador, el t\u00fanel carpiano o el de Quervain, disfunci\u00f3n rotuliana, dolor ci\u00e1tico, fascitis plantar y lumbalgia, entre otros. En todo caso, las consecuencias de estas alteraciones conducen a la sobrecarga excesiva en algunas porciones de las articulaciones y la compresi\u00f3n de nervios, dando origen a dolores y problemas del movimiento.<\/p><\/div><\/div><\/div><\/div><\/div><\/div><\/div><\/div><\/div><\/div><\/div><\/div>\t\t\t\t\t\t<\/div>\n\t\t\t\t<\/div>\n\t\t\t\t<div class=\"elementor-element elementor-element-fa7bb65 elementor-widget elementor-widget-heading\" data-id=\"fa7bb65\" data-element_type=\"widget\" data-widget_type=\"heading.default\">\n\t\t\t\t<div class=\"elementor-widget-container\">\n\t\t\t<h2 class=\"elementor-heading-title elementor-size-default\">\u00bfPor qu\u00e9 funciona?\n<\/h2>\t\t<\/div>\n\t\t\t\t<\/div>\n\t\t\t\t<div class=\"elementor-element elementor-element-fe4a8e0 elementor-widget elementor-widget-text-editor\" data-id=\"fe4a8e0\" data-element_type=\"widget\" data-widget_type=\"text-editor.default\">\n\t\t\t\t<div class=\"elementor-widget-container\">\n\t\t\t\t\t\t\t<div class=\"wpb_text_column wpb_content_element \"><div class=\"wpb_wrapper\"><div class=\"wpb_text_column wpb_content_element \"><div class=\"wpb_wrapper\"><div class=\"wpb_text_column wpb_content_element \"><div class=\"wpb_wrapper\"><div class=\"wpb_text_column wpb_content_element \"><div class=\"wpb_wrapper\"><p>Al identificar los puntos dolorosos se procede a efectuar el masaje; este masaje compresivo y prolongado buscar\u00e1 crear fricci\u00f3n, calor local y una respuesta inflamatoria \u201ccontrolada\u201d en las zonas espec\u00edficas donde hay restricci\u00f3n miofascial para restaurar el equilibrio de las fuerzas y las tensiones musculares.<\/p><p>La rigidez en el tejido ir\u00e1 desapareciendo paulatinamente hasta desaparecer y as\u00ed conseguir que el sistema miofascial retorne al punto de equilibrio normal, punto en el que las cargas se contrarrestan arm\u00f3nicamente y cada porci\u00f3n recibe menos de la tensi\u00f3n mec\u00e1nica soportada. Las articulaciones recobran soporte y el movimiento de las mismas ser\u00e1 menos forzoso e inadecuado, previniendo as\u00ed, lesiones a mediano y largo plazo. Este tratamiento es particularmente \u00fatil en deportistas o atletas de alto desempe\u00f1o, que frecuentemente logran llevar este sistema al l\u00edmite de desequilibrarse y originar peligrosas sobrecargas.<\/p><\/div><\/div><\/div><\/div><\/div><\/div><\/div><\/div>\t\t\t\t\t\t<\/div>\n\t\t\t\t<\/div>\n\t\t\t\t\t<\/div>\r\n\t\t\t\t<\/div>\r\n\t\t\t\t\t<\/div>\r\n\t\t\t\t<\/section>\r\n\t\t\t\t<\/div>\n\t\t","protected":false},"excerpt":{"rendered":"<p>Manipulaci\u00f3n de la fascia La\u00a0manipulaci\u00f3n de la fascia\u00a0es un tratamiento basado en el patr\u00f3n de la distribuci\u00f3n de las cargas y las tensiones en el organismo, buscando un equilibrio en las mismas. \u00a0\u00a0\u00a0\u00a0\u00a0 Ventajas y beneficios Alivio de la inflamaci\u00f3n. Un espasmo muscular se caracteriza por hinchaz\u00f3n de la zona, disminuir esa contractura ayudar\u00e1 a [&hellip;]<\/p>\n","protected":false},"author":1,"featured_media":0,"parent":0,"menu_order":0,"comment_status":"closed","ping_status":"closed","template":"","meta":{"_acf_changed":false,"_monsterinsights_skip_tracking":false,"_monsterinsights_sitenote_active":false,"_monsterinsights_sitenote_note":"","_monsterinsights_sitenote_category":0,"footnotes":""},"class_list":["post-2834","page","type-page","status-publish","hentry"],"acf":[],"aioseo_notices":[],"_links":{"self":[{"href":"https:\/\/institutoordonez.es\/archivo\/wp-json\/wp\/v2\/pages\/2834","targetHints":{"allow":["GET"]}}],"collection":[{"href":"https:\/\/institutoordonez.es\/archivo\/wp-json\/wp\/v2\/pages"}],"about":[{"href":"https:\/\/institutoordonez.es\/archivo\/wp-json\/wp\/v2\/types\/page"}],"author":[{"embeddable":true,"href":"https:\/\/institutoordonez.es\/archivo\/wp-json\/wp\/v2\/users\/1"}],"replies":[{"embeddable":true,"href":"https:\/\/institutoordonez.es\/archivo\/wp-json\/wp\/v2\/comments?post=2834"}],"version-history":[{"count":0,"href":"https:\/\/institutoordonez.es\/archivo\/wp-json\/wp\/v2\/pages\/2834\/revisions"}],"wp:attachment":[{"href":"https:\/\/institutoordonez.es\/archivo\/wp-json\/wp\/v2\/media?parent=2834"}],"curies":[{"name":"wp","href":"https:\/\/api.w.org\/{rel}","templated":true}]}}