{"id":2851,"date":"2023-07-07T14:18:05","date_gmt":"2023-07-07T14:18:05","guid":{"rendered":"https:\/\/institutoordonez.es\/?page_id=2851"},"modified":"2023-07-07T14:20:04","modified_gmt":"2023-07-07T14:20:04","slug":"acido-hialuronico","status":"publish","type":"page","link":"https:\/\/institutoordonez.es\/archivo\/acido-hialuronico\/","title":{"rendered":"\u00c1cido hialur\u00f3nico"},"content":{"rendered":"\t\t<div data-elementor-type=\"wp-page\" data-elementor-id=\"2851\" class=\"elementor elementor-2851\">\n\t\t\t\t\t\t<section class=\"elementor-section elementor-top-section elementor-element elementor-element-5d899c1 elementor-section-boxed elementor-section-height-default elementor-section-height-default\" data-id=\"5d899c1\" data-element_type=\"section\">\r\n\t\t\r\n\t\t\t\t\t\t\t<div class=\"elementor-container elementor-column-gap-default\">\r\n\t\t\t\t\t\t\t\t\t\t\t<div class=\"elementor-column elementor-col-100 elementor-top-column elementor-element elementor-element-9d8ac75\" data-id=\"9d8ac75\" data-element_type=\"column\">\r\n\t\t\t\t\t<div class=\"elementor-widget-wrap elementor-element-populated\">\r\n\t\t\t\t\t\t\t\t<section class=\"elementor-section elementor-inner-section elementor-element elementor-element-12cbafa elementor-section-boxed elementor-section-height-default elementor-section-height-default\" data-id=\"12cbafa\" data-element_type=\"section\">\r\n\t\t\r\n\t\t\t\t\t\t\t<div class=\"elementor-container elementor-column-gap-default\">\r\n\t\t\t\t\t\t\t\t\t\t\t<div class=\"elementor-column elementor-col-50 elementor-inner-column elementor-element elementor-element-34bc537\" data-id=\"34bc537\" data-element_type=\"column\">\r\n\t\t\t\t\t<div class=\"elementor-widget-wrap elementor-element-populated\">\r\n\t\t\t\t\t\t\t\t<div class=\"elementor-element elementor-element-078d344 elementor-widget elementor-widget-heading\" data-id=\"078d344\" data-element_type=\"widget\" data-widget_type=\"heading.default\">\n\t\t\t\t<div class=\"elementor-widget-container\">\n\t\t\t<style>\/*! elementor - v3.21.0 - 26-05-2024 *\/\n.elementor-heading-title{padding:0;margin:0;line-height:1}.elementor-widget-heading .elementor-heading-title[class*=elementor-size-]>a{color:inherit;font-size:inherit;line-height:inherit}.elementor-widget-heading .elementor-heading-title.elementor-size-small{font-size:15px}.elementor-widget-heading .elementor-heading-title.elementor-size-medium{font-size:19px}.elementor-widget-heading .elementor-heading-title.elementor-size-large{font-size:29px}.elementor-widget-heading .elementor-heading-title.elementor-size-xl{font-size:39px}.elementor-widget-heading .elementor-heading-title.elementor-size-xxl{font-size:59px}<\/style><h2 class=\"elementor-heading-title elementor-size-default\">\u00c1cido hialur\u00f3nico<\/h2>\t\t<\/div>\n\t\t\t\t<\/div>\n\t\t\t\t<div class=\"elementor-element elementor-element-491214f elementor-widget elementor-widget-text-editor\" data-id=\"491214f\" data-element_type=\"widget\" data-widget_type=\"text-editor.default\">\n\t\t\t\t<div class=\"elementor-widget-container\">\n\t\t\t<style>\/*! elementor - v3.21.0 - 26-05-2024 *\/\n.elementor-widget-text-editor.elementor-drop-cap-view-stacked .elementor-drop-cap{background-color:#69727d;color:#fff}.elementor-widget-text-editor.elementor-drop-cap-view-framed .elementor-drop-cap{color:#69727d;border:3px solid;background-color:transparent}.elementor-widget-text-editor:not(.elementor-drop-cap-view-default) .elementor-drop-cap{margin-top:8px}.elementor-widget-text-editor:not(.elementor-drop-cap-view-default) .elementor-drop-cap-letter{width:1em;height:1em}.elementor-widget-text-editor .elementor-drop-cap{float:left;text-align:center;line-height:1;font-size:50px}.elementor-widget-text-editor .elementor-drop-cap-letter{display:inline-block}<\/style>\t\t\t\t<div id=\"tm-row-64a4a731db3ae\" class=\"vc_row vc_row-outer vc_row-fluid\"><div id=\"tm-column-64a4a731db5f3\" class=\"wpb_column vc_column_container vc_col-sm-12\"><div class=\"vc_column-inner \"><div class=\"wpb_wrapper\"><div class=\"wpb_text_column wpb_content_element \"><div class=\"wpb_wrapper\"><div id=\"tm-row-64a46df8aaefe\" class=\"vc_row vc_row-outer vc_row-fluid\"><div id=\"tm-column-64a46df8ab12b\" class=\"wpb_column vc_column_container vc_col-sm-12\"><div class=\"vc_column-inner \"><div class=\"wpb_wrapper\"><div class=\"wpb_text_column wpb_content_element \"><div class=\"wpb_wrapper\"><div id=\"tm-row-64a49d932a218\" class=\"vc_row vc_row-outer vc_row-fluid\"><div id=\"tm-column-64a49d932a485\" class=\"wpb_column vc_column_container vc_col-sm-12\"><div class=\"vc_column-inner \"><div class=\"wpb_wrapper\"><div class=\"wpb_text_column wpb_content_element \"><div class=\"wpb_wrapper\"><div id=\"tm-row-64a4b8114ca62\" class=\"vc_row vc_row-outer vc_row-fluid\"><div id=\"tm-column-64a4b8114cc8d\" class=\"wpb_column vc_column_container vc_col-sm-12\"><div class=\"vc_column-inner \"><div class=\"wpb_wrapper\"><div class=\"wpb_text_column wpb_content_element \"><div class=\"wpb_wrapper\"><div id=\"tm-row-64a52b8a71ee4\" class=\"vc_row vc_row-outer vc_row-fluid\"><div id=\"tm-column-64a52b8a7210d\" class=\"wpb_column vc_column_container vc_col-sm-12\"><div class=\"vc_column-inner \"><div class=\"wpb_wrapper\"><div class=\"wpb_text_column wpb_content_element \"><div class=\"wpb_wrapper\"><div id=\"tm-row-64a51fe8bb11b\" class=\"vc_row vc_row-outer vc_row-fluid\"><div id=\"tm-column-64a51fe8bb347\" class=\"wpb_column vc_column_container vc_col-sm-12\"><div class=\"vc_column-inner \"><div class=\"wpb_wrapper\"><div class=\"wpb_text_column wpb_content_element \"><div class=\"wpb_wrapper\"><div id=\"tm-row-64a529fda3c40\" class=\"vc_row vc_row-outer vc_row-fluid\"><div id=\"tm-column-64a529fda3e68\" class=\"wpb_column vc_column_container vc_col-sm-12\"><div class=\"vc_column-inner \"><div class=\"wpb_wrapper\"><div class=\"wpb_text_column wpb_content_element \"><div class=\"wpb_wrapper\"><div id=\"tm-row-64a693b3b1166\" class=\"vc_row vc_row-outer vc_row-fluid\"><div id=\"tm-column-64a693b3b13b1\" class=\"wpb_column vc_column_container vc_col-sm-12\"><div class=\"vc_column-inner \"><div class=\"wpb_wrapper\"><div class=\"wpb_text_column wpb_content_element \"><div class=\"wpb_wrapper\"><div id=\"tm-row-64a57403d2593\" class=\"vc_row vc_row-outer vc_row-fluid\"><div id=\"tm-column-64a57403d293f\" class=\"wpb_column vc_column_container vc_col-sm-12\"><div class=\"vc_column-inner \"><div class=\"wpb_wrapper\"><div class=\"wpb_text_column wpb_content_element \"><div class=\"wpb_wrapper\"><div id=\"tm-row-64a507dfccc8b\" class=\"vc_row vc_row-outer vc_row-fluid\"><div id=\"tm-column-64a507dfccf38\" class=\"wpb_column vc_column_container vc_col-sm-12\"><div class=\"vc_column-inner \"><div class=\"wpb_wrapper\"><div class=\"wpb_text_column wpb_content_element \"><div class=\"wpb_wrapper\"><div id=\"tm-row-64a50df3d4eee\" class=\"vc_row vc_row-outer vc_row-fluid\"><div id=\"tm-column-64a50df3d511d\" class=\"wpb_column vc_column_container vc_col-sm-12\"><div class=\"vc_column-inner \"><div class=\"wpb_wrapper\"><div class=\"wpb_text_column wpb_content_element \"><div class=\"wpb_wrapper\"><div id=\"tm-row-64a507df0186c\" class=\"vc_row vc_row-outer vc_row-fluid\"><div id=\"tm-column-64a507df01c8f\" class=\"wpb_column vc_column_container vc_col-sm-12\"><div class=\"vc_column-inner \"><div class=\"wpb_wrapper\"><div class=\"wpb_text_column wpb_content_element \"><div class=\"wpb_wrapper\"><p>El\u00a0<strong>\u00e1cido hialur\u00f3nico\u00a0<\/strong>es un componente esencial de muchos tejidos. Puede encontrarse en la piel, en el cart\u00edlago articular, en el ojo y varios m\u00e1s. Sin embargo, las inyecciones de esta sustancia han demostrado ser efectivas ayudando en el rejuvenecimiento de los tejidos por problemas de hidrataci\u00f3n, elasticidad o da\u00f1o celular.<\/p><\/div><\/div><\/div><\/div><\/div><\/div><div id=\"tm-row-64a507df030b0\" class=\"vc_row vc_row-outer vc_row-fluid\"><div id=\"tm-column-64a507df03362\" class=\"wpb_column vc_column_container vc_col-sm-12\"><div class=\"vc_column-inner \"><div class=\"wpb_wrapper\">\u00a0<\/div><\/div><\/div><\/div><\/div><\/div><\/div><\/div><\/div><\/div><div id=\"tm-row-64a50df3d5e44\" class=\"vc_row vc_row-outer vc_row-fluid\"><div id=\"tm-column-64a50df3d6089\" class=\"wpb_column vc_column_container vc_col-sm-12\"><div class=\"vc_column-inner \"><div class=\"wpb_wrapper\">\u00a0<\/div><\/div><\/div><\/div><\/div><\/div><\/div><\/div><\/div><\/div><div id=\"tm-row-64a507dfcdbb3\" class=\"vc_row vc_row-outer vc_row-fluid\"><div id=\"tm-column-64a507dfcddf6\" class=\"wpb_column vc_column_container vc_col-sm-12\"><div class=\"vc_column-inner \"><div class=\"wpb_wrapper\">\u00a0<\/div><\/div><\/div><\/div><\/div><\/div><\/div><\/div><\/div><\/div><div id=\"tm-row-64a57403d3b48\" class=\"vc_row vc_row-outer vc_row-fluid\"><div id=\"tm-column-64a57403d3efd\" class=\"wpb_column vc_column_container vc_col-sm-12\"><div class=\"vc_column-inner \"><div class=\"wpb_wrapper\">\u00a0<\/div><\/div><\/div><\/div><\/div><\/div><\/div><\/div><\/div><\/div><div id=\"tm-row-64a693b3b6dc7\" class=\"vc_row vc_row-outer vc_row-fluid\"><div id=\"tm-column-64a693b3b705d\" class=\"wpb_column vc_column_container vc_col-sm-12\"><div class=\"vc_column-inner \"><div class=\"wpb_wrapper\">\u00a0<\/div><\/div><\/div><\/div><\/div><\/div><\/div><\/div><\/div><\/div><div id=\"tm-row-64a529fda4b53\" class=\"vc_row vc_row-outer vc_row-fluid\"><div id=\"tm-column-64a529fda4dc4\" class=\"wpb_column vc_column_container vc_col-sm-12\"><div class=\"vc_column-inner \"><div class=\"wpb_wrapper\">\u00a0<\/div><\/div><\/div><\/div><\/div><\/div><\/div><\/div><\/div><\/div><\/div><\/div><\/div><\/div><\/div><\/div><\/div><\/div><\/div><\/div><\/div><\/div><\/div><\/div><\/div><\/div><\/div><\/div><\/div><\/div><\/div><\/div><\/div><\/div><\/div><\/div><\/div><\/div><\/div><\/div>\t\t\t\t\t\t<\/div>\n\t\t\t\t<\/div>\n\t\t\t\t\t<\/div>\r\n\t\t\t\t<\/div>\r\n\t\t\t\t<div class=\"elementor-column elementor-col-50 elementor-inner-column elementor-element elementor-element-454a8e1\" data-id=\"454a8e1\" data-element_type=\"column\">\r\n\t\t\t\t\t<div class=\"elementor-widget-wrap elementor-element-populated\">\r\n\t\t\t\t\t\t\t\t<div class=\"elementor-element elementor-element-8e1e990 elementor-widget elementor-widget-image\" data-id=\"8e1e990\" data-element_type=\"widget\" data-widget_type=\"image.default\">\n\t\t\t\t<div class=\"elementor-widget-container\">\n\t\t\t<style>\/*! elementor - v3.21.0 - 26-05-2024 *\/\n.elementor-widget-image{text-align:center}.elementor-widget-image a{display:inline-block}.elementor-widget-image a img[src$=\".svg\"]{width:48px}.elementor-widget-image img{vertical-align:middle;display:inline-block}<\/style>\t\t\t\t\t\t\t\t\t\t<img fetchpriority=\"high\" decoding=\"async\" width=\"1024\" height=\"768\" src=\"https:\/\/institutoordonez.es\/archivo\/wp-content\/uploads\/2023\/07\/instituto-ordonez-acido-hialuronico-1024x768.jpg\" class=\"attachment-large size-large wp-image-2853\" alt=\"\" srcset=\"https:\/\/institutoordonez.es\/archivo\/wp-content\/uploads\/2023\/07\/instituto-ordonez-acido-hialuronico-1024x768.jpg 1024w, https:\/\/institutoordonez.es\/archivo\/wp-content\/uploads\/2023\/07\/instituto-ordonez-acido-hialuronico-768x576.jpg 768w, https:\/\/institutoordonez.es\/archivo\/wp-content\/uploads\/2023\/07\/instituto-ordonez-acido-hialuronico-320x240.jpg 320w, https:\/\/institutoordonez.es\/archivo\/wp-content\/uploads\/2023\/07\/instituto-ordonez-acido-hialuronico-480x360.jpg 480w, https:\/\/institutoordonez.es\/archivo\/wp-content\/uploads\/2023\/07\/instituto-ordonez-acido-hialuronico-800x600.jpg 800w, https:\/\/institutoordonez.es\/archivo\/wp-content\/uploads\/2023\/07\/instituto-ordonez-acido-hialuronico-463x348.jpg 463w, https:\/\/institutoordonez.es\/archivo\/wp-content\/uploads\/2023\/07\/instituto-ordonez-acido-hialuronico-640x480.jpg 640w, https:\/\/institutoordonez.es\/archivo\/wp-content\/uploads\/2023\/07\/instituto-ordonez-acido-hialuronico-400x300.jpg 400w, https:\/\/institutoordonez.es\/archivo\/wp-content\/uploads\/2023\/07\/instituto-ordonez-acido-hialuronico-367x275.jpg 367w, https:\/\/institutoordonez.es\/archivo\/wp-content\/uploads\/2023\/07\/instituto-ordonez-acido-hialuronico-600x450.jpg 600w\" sizes=\"(max-width: 1024px) 100vw, 1024px\" \/>\t\t\t\t\t\t\t\t\t\t\t\t\t<\/div>\n\t\t\t\t<\/div>\n\t\t\t\t\t<\/div>\r\n\t\t\t\t<\/div>\r\n\t\t\t\t\t<\/div>\r\n\t\t\t\t<\/section>\r\n\t\t\t\t\t<\/div>\r\n\t\t\t\t<\/div>\r\n\t\t\t\t\t<\/div>\r\n\t\t\t\t<\/section>\r\n\t\t\t\t<section class=\"elementor-section elementor-top-section elementor-element elementor-element-fbc6316 elementor-section-boxed elementor-section-height-default elementor-section-height-default\" data-id=\"fbc6316\" data-element_type=\"section\">\r\n\t\t\r\n\t\t\t\t\t\t\t<div class=\"elementor-container elementor-column-gap-default\">\r\n\t\t\t\t\t\t\t\t\t\t\t<div class=\"elementor-column elementor-col-100 elementor-top-column elementor-element elementor-element-b840045\" data-id=\"b840045\" data-element_type=\"column\">\r\n\t\t\t\t\t<div class=\"elementor-widget-wrap elementor-element-populated\">\r\n\t\t\t\t\t\t\t\t<div class=\"elementor-element elementor-element-6449524 elementor-widget elementor-widget-heading\" data-id=\"6449524\" data-element_type=\"widget\" data-widget_type=\"heading.default\">\n\t\t\t\t<div class=\"elementor-widget-container\">\n\t\t\t<h2 class=\"elementor-heading-title elementor-size-default\">Ventajas y beneficios\n<\/h2>\t\t<\/div>\n\t\t\t\t<\/div>\n\t\t\t\t<div class=\"elementor-element elementor-element-3573b3d elementor-widget elementor-widget-text-editor\" data-id=\"3573b3d\" data-element_type=\"widget\" data-widget_type=\"text-editor.default\">\n\t\t\t\t<div class=\"elementor-widget-container\">\n\t\t\t\t\t\t\t<div class=\"list-item\"><div class=\"list-header\"><div class=\"title-wrap\"><div class=\"list-item\"><div class=\"list-header\"><div class=\"title-wrap\"><div class=\"list-item\"><div class=\"list-header\"><div id=\"tm-list-64a507de933f1\" class=\"tm-list style-check tm-animation move-up animate\"><div class=\"list-item\"><div class=\"list-header\"><div class=\"title-wrap\"><div class=\"list-item\"><div class=\"list-header\"><div class=\"list-item\"><div class=\"list-header\"><div id=\"tm-list-64a57403d4846\" class=\"tm-list style-check tm-animation move-up animate\"><div class=\"list-item\"><div class=\"list-header\"><div class=\"list-item\"><div class=\"list-header\"><div class=\"list-item\"><div class=\"list-header\"><div class=\"list-item\"><div class=\"list-header\"><div id=\"tm-list-64a4a3352bd71\" class=\"tm-list style-check tm-animation move-up animate\"><div class=\"list-item\"><div class=\"list-header\"><div class=\"list-item\"><div class=\"list-header\"><div class=\"title-wrap\"><ul><li>Versatilidad. Las inyecciones con esta sustancia se usan en procesos degenerativos de los tejidos, para revertirlos. Desde tratamientos de rejuvenecimiento facial hasta manejo m\u00e9dico de artrosis de rodilla o cadera.<\/li><li>Reducci\u00f3n de dolor e inflamaci\u00f3n debido a que la reparaci\u00f3n de los tejidos, desde sus propios constituyentes microsc\u00f3picos, incide positivamente en la reversi\u00f3n de afecciones que cursan con dolores cr\u00f3nicos e inflamaciones persistentes.<\/li><li>Reparaci\u00f3n de tejidos. El \u00e1cido hialur\u00f3nico va hasta el mismo sitio de la lesi\u00f3n tisular para crear una reacci\u00f3n en cadena de reparaci\u00f3n de da\u00f1os en las c\u00e9lulas y en las fibras.<\/li><li>Simplicidad. Los suplementos con \u00e1cido hialur\u00f3nico est\u00e1n dise\u00f1ados para su aplicaci\u00f3n directa, sin requerimientos previos o largos periodos de pruebas para determinar su nivel de eficacia en cada persona.<\/li><\/ul><\/div><\/div><\/div><\/div><\/div><\/div><\/div><\/div><\/div><\/div><\/div><\/div><\/div><\/div><\/div><\/div><\/div><\/div><\/div><\/div><\/div><\/div><\/div><\/div><\/div><\/div><\/div><\/div><\/div><\/div><\/div>\t\t\t\t\t\t<\/div>\n\t\t\t\t<\/div>\n\t\t\t\t<div class=\"elementor-element elementor-element-e726316 elementor-widget elementor-widget-heading\" data-id=\"e726316\" data-element_type=\"widget\" data-widget_type=\"heading.default\">\n\t\t\t\t<div class=\"elementor-widget-container\">\n\t\t\t<h2 class=\"elementor-heading-title elementor-size-default\">Definici\u00f3n\n<\/h2>\t\t<\/div>\n\t\t\t\t<\/div>\n\t\t\t\t<div class=\"elementor-element elementor-element-7176354 elementor-widget elementor-widget-text-editor\" data-id=\"7176354\" data-element_type=\"widget\" data-widget_type=\"text-editor.default\">\n\t\t\t\t<div class=\"elementor-widget-container\">\n\t\t\t\t\t\t\t<div id=\"tm-row-64a52b8a73b2e\" class=\"vc_row vc_row-outer vc_row-fluid\"><div id=\"tm-column-64a52b8a73d3d\" class=\"wpb_column vc_column_container vc_col-sm-12\"><div class=\"vc_column-inner \"><div class=\"wpb_wrapper\"><div class=\"wpb_text_column wpb_content_element \"><div class=\"wpb_wrapper\"><div id=\"tm-row-64a529fda5821\" class=\"vc_row vc_row-outer vc_row-fluid\"><div id=\"tm-column-64a529fda5a29\" class=\"wpb_column vc_column_container vc_col-sm-12\"><div class=\"vc_column-inner \"><div class=\"wpb_wrapper\"><div class=\"wpb_text_column wpb_content_element \"><div class=\"wpb_wrapper\"><div id=\"tm-row-64a50df3d6aa9\" class=\"vc_row vc_row-outer vc_row-fluid\"><div id=\"tm-column-64a50df3d6cc6\" class=\"wpb_column vc_column_container vc_col-sm-12\"><div class=\"vc_column-inner \"><div class=\"wpb_wrapper\"><div class=\"wpb_text_column wpb_content_element \"><div class=\"wpb_wrapper\"><p>Las inyecciones de\u00a0<strong>\u00e1cido hialur\u00f3nico\u00a0<\/strong>forman parte de un tratamiento que abarca una gran cantidad de afecciones en los tejidos, desde procesos degenerativos hasta envejecimiento celular.<\/p><p>Desde el punto de vista\u00a0<strong>ortop\u00e9dico<\/strong>, las\u00a0<strong>inyecciones intraarticulares de AH<\/strong>\u00a0son usadas entre otras patolog\u00edas, para la artrosis. Estas inyecciones se realizan dentro de la\u00a0<strong>c\u00e1psula articular<\/strong>, generalmente de articulaciones sometidas a grandes tracciones como la rodilla, la cadera, el hombro o el tobillo.<\/p><p>Este procedimiento es r\u00e1pido, relativamente indoloro (a menudo se aplica anestesia local) y debe ser realizado por personal m\u00e9dico cualificado. La sustancia ya viene dentro de seguras inyecciones precargadas.<\/p><\/div><\/div><\/div><\/div><\/div><\/div><\/div><\/div><\/div><\/div><\/div><\/div><\/div><\/div><\/div><\/div><\/div><\/div>\t\t\t\t\t\t<\/div>\n\t\t\t\t<\/div>\n\t\t\t\t<div class=\"elementor-element elementor-element-c8d168b elementor-widget elementor-widget-heading\" data-id=\"c8d168b\" data-element_type=\"widget\" data-widget_type=\"heading.default\">\n\t\t\t\t<div class=\"elementor-widget-container\">\n\t\t\t<h2 class=\"elementor-heading-title elementor-size-default\">\u00bfPara qu\u00e9 la empleamos en Instituto Ord\u00f3\u00f1ez?\n<\/h2>\t\t<\/div>\n\t\t\t\t<\/div>\n\t\t\t\t<div class=\"elementor-element elementor-element-457393f elementor-widget elementor-widget-text-editor\" data-id=\"457393f\" data-element_type=\"widget\" data-widget_type=\"text-editor.default\">\n\t\t\t\t<div class=\"elementor-widget-container\">\n\t\t\t\t\t\t\t<div class=\"wpb_text_column wpb_content_element \"><div class=\"wpb_wrapper\"><div class=\"wpb_text_column wpb_content_element \"><div class=\"wpb_wrapper\"><div class=\"wpb_text_column wpb_content_element \"><div class=\"wpb_wrapper\"><div class=\"wpb_text_column wpb_content_element \"><div class=\"wpb_wrapper\"><div class=\"wpb_text_column wpb_content_element \"><div class=\"wpb_wrapper\"><div class=\"wpb_text_column wpb_content_element \"><div class=\"wpb_wrapper\"><p>El\u00a0<strong>\u00e1cido hialur\u00f3nico inyectado dentro de las articulaciones\u00a0<\/strong>ha resultado ser \u00fatil en el tratamiento de la\u00a0<strong>artrosis,\u00a0<\/strong>donde el cart\u00edlago se debilita, limita su capacidad m\u00f3vil y se torna una fuente de dolor e hinchaz\u00f3n.<\/p><p>Este padecimiento afecta a muchas personas en la actualidad, generalmente en individuos obesos, sedentarios y con predisposici\u00f3n gen\u00e9tica. Las articulaciones que tienen una mayor probabilidad de degenerarse (o de lesionarse en pr\u00e1cticas deportivas) son la\u00a0<strong>rodilla,\u00a0<\/strong>la\u00a0<strong>cadera,<\/strong>\u00a0el\u00a0<strong>tobillo<\/strong>\u00a0y el\u00a0<strong>hombro.<\/strong><\/p><p>En la cadera, la\u00a0<strong>suplementaci\u00f3n con<\/strong>\u00a0<strong>AH<\/strong>\u00a0pudiera evitarse la necesidad de implantar aparatos prot\u00e9sicos (las conocidas\u00a0<strong>pr\u00f3tesis de\u00a0<\/strong>cadera) para mantener la funci\u00f3n articular. Las\u00a0<strong>inyecciones de AH\u00a0<\/strong>tambi\u00e9n han demostrado ayudar a reemplazar el l\u00edquido sinovial perdido durante cirug\u00edas artrosc\u00f3picas (a trav\u00e9s de un procedimiento llamado\u00a0<strong>viscososuplementaci\u00f3n<\/strong>).<\/p><p>Tambi\u00e9n con fines est\u00e9ticos ha sido usado exitosamente, en la reducci\u00f3n de arrugas en la piel del rostro o en la recuperaci\u00f3n de enc\u00edas debilitadas (gingivitis). Otra aplicaci\u00f3n del AH es en el tratamiento de\u00a0<strong>esguinces de tobillo,\u00a0<\/strong>donde esta sustancia org\u00e1nica pudiera ayudar en el restablecimiento de las fibras de col\u00e1geno rotas y acelerar as\u00ed, su proceso de recuperaci\u00f3n.<\/p><\/div><\/div><\/div><\/div><\/div><\/div><\/div><\/div><\/div><\/div><\/div><\/div>\t\t\t\t\t\t<\/div>\n\t\t\t\t<\/div>\n\t\t\t\t<div class=\"elementor-element elementor-element-456a1b9 elementor-widget elementor-widget-heading\" data-id=\"456a1b9\" data-element_type=\"widget\" data-widget_type=\"heading.default\">\n\t\t\t\t<div class=\"elementor-widget-container\">\n\t\t\t<h2 class=\"elementor-heading-title elementor-size-default\">\u00bfPor qu\u00e9 funciona?\n<\/h2>\t\t<\/div>\n\t\t\t\t<\/div>\n\t\t\t\t<div class=\"elementor-element elementor-element-4c39629 elementor-widget elementor-widget-text-editor\" data-id=\"4c39629\" data-element_type=\"widget\" data-widget_type=\"text-editor.default\">\n\t\t\t\t<div class=\"elementor-widget-container\">\n\t\t\t\t\t\t\t<div class=\"wpb_text_column wpb_content_element \"><div class=\"wpb_wrapper\"><div class=\"wpb_text_column wpb_content_element \"><div class=\"wpb_wrapper\"><div class=\"wpb_text_column wpb_content_element \"><div class=\"wpb_wrapper\"><div class=\"wpb_text_column wpb_content_element \"><div class=\"wpb_wrapper\"><p>En condiciones normales, el\u00a0<strong>\u00e1cido hialur\u00f3nico\u00a0<\/strong>es el encargado de mantener el entorno hidratado de los tejidos (debido que puede absorber agua en cientos de veces su propio peso). Al haber una p\u00e9rdida de \u00e1cido hialur\u00f3nico (por envejecimiento celular, por ejemplo), los tejidos se hacen cada vez menos el\u00e1sticos y resistentes ante tracciones o presiones, por lo que ocurren desgarros en la piel, arrugas o degeneraci\u00f3n del cart\u00edlago articular.<\/p><p>Las\u00a0<strong>inyecciones de AH<\/strong>\u00a0van destinadas a reponer ese\u00a0<strong>\u00e1cido hialur\u00f3nico<\/strong>\u00a0y por ende, recuperar las propiedades del tejido. Tambi\u00e9n, aumenta la s\u00edntesis de nuevas fibras de col\u00e1geno y protege a las c\u00e9lulas de los radicales libres (productos de desecho metab\u00f3licos que pueden causar muerte en las c\u00e9lulas y envejecimiento prematuro).<\/p><\/div><\/div><\/div><\/div><\/div><\/div><\/div><\/div>\t\t\t\t\t\t<\/div>\n\t\t\t\t<\/div>\n\t\t\t\t\t<\/div>\r\n\t\t\t\t<\/div>\r\n\t\t\t\t\t<\/div>\r\n\t\t\t\t<\/section>\r\n\t\t\t\t<\/div>\n\t\t","protected":false},"excerpt":{"rendered":"<p>\u00c1cido hialur\u00f3nico El\u00a0\u00e1cido hialur\u00f3nico\u00a0es un componente esencial de muchos tejidos. Puede encontrarse en la piel, en el cart\u00edlago articular, en el ojo y varios m\u00e1s. Sin embargo, las inyecciones de esta sustancia han demostrado ser efectivas ayudando en el rejuvenecimiento de los tejidos por problemas de hidrataci\u00f3n, elasticidad o da\u00f1o celular. \u00a0\u00a0\u00a0\u00a0\u00a0\u00a0 Ventajas y beneficios [&hellip;]<\/p>\n","protected":false},"author":1,"featured_media":0,"parent":0,"menu_order":0,"comment_status":"closed","ping_status":"closed","template":"","meta":{"_acf_changed":false,"_monsterinsights_skip_tracking":false,"_monsterinsights_sitenote_active":false,"_monsterinsights_sitenote_note":"","_monsterinsights_sitenote_category":0,"footnotes":""},"class_list":["post-2851","page","type-page","status-publish","hentry"],"acf":[],"aioseo_notices":[],"_links":{"self":[{"href":"https:\/\/institutoordonez.es\/archivo\/wp-json\/wp\/v2\/pages\/2851","targetHints":{"allow":["GET"]}}],"collection":[{"href":"https:\/\/institutoordonez.es\/archivo\/wp-json\/wp\/v2\/pages"}],"about":[{"href":"https:\/\/institutoordonez.es\/archivo\/wp-json\/wp\/v2\/types\/page"}],"author":[{"embeddable":true,"href":"https:\/\/institutoordonez.es\/archivo\/wp-json\/wp\/v2\/users\/1"}],"replies":[{"embeddable":true,"href":"https:\/\/institutoordonez.es\/archivo\/wp-json\/wp\/v2\/comments?post=2851"}],"version-history":[{"count":0,"href":"https:\/\/institutoordonez.es\/archivo\/wp-json\/wp\/v2\/pages\/2851\/revisions"}],"wp:attachment":[{"href":"https:\/\/institutoordonez.es\/archivo\/wp-json\/wp\/v2\/media?parent=2851"}],"curies":[{"name":"wp","href":"https:\/\/api.w.org\/{rel}","templated":true}]}}